{"id":103,"date":"2015-06-28T14:20:13","date_gmt":"2015-06-28T12:20:13","guid":{"rendered":"http:\/\/432crew.de\/launix\/?page_id=103"},"modified":"2020-09-29T16:32:27","modified_gmt":"2020-09-29T14:32:27","slug":"impressum","status":"publish","type":"page","link":"https:\/\/launix.de\/launix\/en\/impressum\/","title":{"rendered":"Imprint, Data Protection"},"content":{"rendered":"<h2>Impressum<\/h2>\n<p>Verantwortlich f\u00fcr Inhalte (nach \u00a75 TMG):<\/p>\n<p>Launix Inh.<br \/>\nCarl-Philip H\u00e4nsch<br \/>\nLiechtensteinstr. 17<br \/>\n02727 Ebersbach-Neugersdorf<br \/>\nE-Mail: impr@launix.de<br \/>\nUSt-IdNr.: DE285007269<\/p>\n<p>Haftungshinweis: Trotz sorgf\u00e4ltiger inhaltlicher Kontrolle \u00fcbernehmen wir keine Haftung f\u00fcr die Inhalte externer Links sowie iFrames. F\u00fcr den Inhalt der verlinkten, sowie eingebetteten Seiten sind ausschliesslich deren Betreiber verantwortlich.<\/p>\n<p>Nach \u00a728 BDSG widerspreche ich jeder kommerziellen Verwendung und Weitergabe meiner Daten.<br \/>\nContact<\/p>\n<p>E-Mail: \u2709 info@launix.de<\/p>\n<p>Telefon: +49 3586 319 00 00<\/p>\n<p>Fragen kostet nichts<\/p>\n<h2>Datenschutzerkl\u00e4rung<\/h2>\n<h3>Geltungsbereich<\/h3>\n<p>Diese Datenschutzerkl\u00e4rung kl\u00e4rt Nutzer \u00fcber die Art, den Umfang und Zwecke der Erhebung und Verwendung personenbezogener Daten durch den verantwortlichen oben genannten Anbieter auf dieser Website (im folgenden \u201cAngebot\u201d) auf.<\/p>\n<p>Die rechtlichen Grundlagen des Datenschutzes finden sich im Bundesdatenschutzgesetz (BDSG) und dem Telemediengesetz (TMG).<\/p>\n<h3>Zugriffsdaten\/ Server-Logfiles<\/h3>\n<p>Der Anbieter (beziehungsweise sein Webspace-Provider) erhebt Daten \u00fcber jeden Zugriff auf das Angebot (so genannte Serverlogfiles). Zu den Zugriffsdaten geh\u00f6ren:<br \/>\nName der abgerufenen Webseite, Datei, Datum und Uhrzeit des Abrufs, \u00fcbertragene Datenmenge, Meldung \u00fcber erfolgreichen Abruf, Browsertyp nebst Version, das Betriebssystem des Nutzers, Referrer URL (die zuvor besuchte Seite), IP-Adresse und der anfragende Provider.<\/p>\n<p>Der Anbieter verwendet die Protokolldaten nur f\u00fcr statistische Auswertungen zum Zweck des Betriebs, der Sicherheit und der Optimierung des Angebotes. Der Anbieterbeh\u00e4lt sich jedoch vor, die Protokolldaten nachtr\u00e4glich zu \u00fcberpr\u00fcfen, wenn aufgrund konkreter Anhaltspunkte der berechtigte Verdacht einer rechtswidrigen Nutzung besteht.<\/p>\n<h3>Einbindung von Diensten und Inhalten Dritter<\/h3>\n<p>Es kann vorkommen, dass innerhalb dieses Onlineangebotes Inhalte Dritter, wie zum Beispiel Videos von YouTube, Kartenmaterial von Google-Maps, RSS-Feeds oder Grafiken von anderen Webseiten eingebunden werden. Dies setzt immer voraus, dass die Anbieter dieser Inhalte (nachfolgend bezeichnet als &#8220;Dritt-Anbieter&#8221;) die IP-Adresse der Nutzer wahr nehmen. Denn ohne die IP-Adresse, k\u00f6nnten sie die Inhalte nicht an den Browser des jeweiligen Nutzers senden. Die IP-Adresse ist damit f\u00fcr die Darstellung dieser Inhalte erforderlich. Wir bem\u00fchen uns nur solche Inhalte zu verwenden, deren jeweilige Anbieter die IP-Adresse lediglich zur Auslieferung der Inhalte verwenden. Jedoch haben wir keinen Einfluss darauf, falls die Dritt-Anbieter die IP-Adresse z.B. f\u00fcr statistische Zwecke speichern. Soweit dies uns bekannt ist, kl\u00e4ren wir die Nutzer dar\u00fcber auf.<\/p>\n<h3>+1 Schaltfl\u00e4che von Google+<\/h3>\n<p>Dieses Angebot verwendet die \u201c+1\u2033-Schaltfl\u00e4che des sozialen Netzwerkes Google Plus, welches von der Google Inc., 1600 Amphitheatre Parkway, Mountain View, CA 94043, United States betrieben wird (\u201cGoogle\u201d). Der Button ist an dem Zeichen \u201c+1\u2033 auf wei\u00dfem oder farbigen Hintergrund erkennbar.<\/p>\n<p>Wenn ein Nutzer eine Webseite dieses Angebotes aufruft, die eine solche Schaltfl\u00e4che enth\u00e4lt, baut der Browser eine direkte Verbindung mit den Servern von Google auf. Der Inhalt der \u201c+1\u2033-Schaltfl\u00e4che wird von Google direkt an seinen Browser \u00fcbermittelt und von diesem in die Webseite eingebunden. der Anbieter hat daher keinen Einfluss auf den Umfang der Daten, die Google mit der Schaltfl\u00e4che erhebt. Laut Google werden ohne einen Klick auf die Schaltfl\u00e4che keine personenbezogenen Daten erhoben. Nur bei eingeloggten Mitgliedern, werden solche Daten, unter anderem die IP-Adresse, erhoben und verarbeitet.<\/p>\n<p>Zweck und Umfang der Datenerhebung und die weitere Verarbeitung und Nutzung der Daten durch Google sowie Ihre diesbez\u00fcglichen Rechte und Einstellungsm\u00f6glichkeiten zum Schutz Ihrer Privatsph\u00e4re k\u00f6nnen die Nutzer Googles Datenschutzhinweisen zu der \u201c+1\u2033-Schaltfl\u00e4che entnehmen: http:\/\/www.google.com\/intl\/de\/+\/policy\/+1button.html und der FAQ: http:\/\/www.google.com\/intl\/de\/+1\/button\/.<\/p>\n<h3>Xing Button<\/h3>\n<p>Auf dieser Internetseite wird der \u201eXING Share-Button\u201c eingesetzt. Beim Aufruf dieser Internetseite wird \u00fcber Ihren Browser kurzfristig eine Verbindung zu Servern der XING AG (\u201eXING\u201c) aufgebaut, mit denen die \u201eXING Share-Button\u201c-Funktionen (insbesondere die Berechnung\/Anzeige des Z\u00e4hlerwerts) erbracht werden. XING speichert keine personenbezogenen Daten von Ihnen \u00fcber den Aufruf dieser Internetseite. XING speichert insbesondere keine IP-Adressen. Es findet auch keine Auswertung Ihres Nutzungsverhaltens \u00fcber die Verwendung von Cookies im Zusammenhang mit dem \u201eXING Share-Button\u201c statt. Die jeweils aktuellen Datenschutzinformationen zum \u201eXING Share-Button\u201c und erg\u00e4nzende Informationen k\u00f6nnen Sie auf dieser Internetseite abrufen:<\/p>\n<p><a href=\"https:\/\/www.xing.com\/app\/share?op=data_protection\">https:\/\/www.xing.com\/app\/share?op=data_protection<\/a><\/p>\n<h3>Analysedienste<\/h3>\n<p>Unsere Website verwendet Piwik, dabei handelt es sich um einen sogenannten Webanalysedienst. Piwik verwendet sog. \u201eCookies\u201c, das sind Textdateien, die auf Ihrem Computer gespeichert werden und die unsererseits eine Analyse der Benutzung der Webseite erm\u00f6glichen. Zu diesem Zweck werden die durch den Cookie erzeugten Nutzungsinformationen (einschlie\u00dflich Ihrer gek\u00fcrzten IP-Adresse) an unseren Server \u00fcbertragen und zu Nutzungsanalysezwecken gespeichert, was der Webseitenoptimierung unsererseits dient. Ihre IP-Adresse wird bei diesem Vorgang umge\u00adhend anony\u00admi\u00adsiert, so dass Sie als Nutzer f\u00fcr uns anonym bleiben. Die durch den Cookie erzeugten Informationen \u00fcber Ihre Benutzung dieser Webseite werden nicht an Dritte weitergegeben. Sie k\u00f6nnen die Verwendung der Cookies durch eine entsprechende Einstellung Ihrer Browser Software verhindern, es kann jedoch sein, dass Sie in diesem Fall gegebenenfalls nicht s\u00e4mtliche Funktionen dieser Website voll umf\u00e4nglich nutzen k\u00f6nnen.<\/p>\n<p>Wenn Sie mit der Spei\u00adche\u00adrung und Aus\u00adwer\u00adtung die\u00adser Daten aus Ihrem Besuch nicht ein\u00adver\u00adstan\u00adden sind, dann k\u00f6n\u00adnen Sie der Spei\u00adche\u00adrung und Nut\u00adzung nachfolgend per Maus\u00adklick jederzeit wider\u00adspre\u00adchen, indem Sie die Do-Not-Track-Einstellung in Ihrem Browser vornehmen.<\/p>\n<h2>OneSignal<\/h2>\n<p>Auf unseren Webseiten nutzen wir den Dienst der Firma OneSignal Inc., 2194 Esperanca Avenue, Santa Clara, CA 95054 (im Folgenden \u201eOneSignal\u201c), um Ihnen Push-Nachrichten zu senden, sofern Sie deren Empfang zugestimmt haben.Durch die Nutzung von OneSignal werden bestimmte Daten (wie beispielsweise Ihre IP-Adresse) zu OneSignal \u00fcbertragen und verarbeitet.<br \/>\nDie Verarbeitung Ihrer Daten erfolgt auf Grundlage Ihrer Einwilligung gem. Art. 6 Abs. 1 lit. a DSGVO. Sie sind jederzeit berechtigt, den Empfang von Push-Nachrichten wieder abzulehnen.<\/p>\n<p>N\u00e4here Informationen finden Sie in der Datenschutzrichtlinie von OneSignal: <a href=\"https:\/\/onesignal.com\/privacy_policy\">https:\/\/onesignal.com\/privacy_policy<\/a><\/p>\n<h3>Widerruf, \u00c4nderungen, Berichtigungen und Aktualisierungen<\/h3>\n<p>Der Nutzer hat das Recht, auf Antrag unentgeltlich Auskunft zu erhalten \u00fcber die personenbezogenen Daten, die \u00fcber ihn gespeichert wurden. Zus\u00e4tzlich hat der Nutzer das Recht auf Berichtigung unrichtiger Daten, Sperrung und L\u00f6schung seiner personenbezogenen Daten, soweit dem keine gesetzliche Aufbewahrungspflicht entgegensteht.<\/p>\n<p><a style=\"color: #3269a6;\" href=\"http:\/\/rechtsanwalt-schwenke.de\/smmr-buch\/datenschutz-muster-generator-fuer-webseiten-blogs-und-social-media\/\">Datenschutz-Muster von Rechtsanwalt Thomas Schwenke &#8211;<\/a>\u00a0I LAW it<\/p>","protected":false},"excerpt":{"rendered":"<p>Impressum Verantwortlich f\u00fcr Inhalte (nach \u00a75 TMG): Launix Inh. Carl-Philip H\u00e4nsch Liechtensteinstr. 17 02727 Ebersbach-Neugersdorf E-Mail: impr@launix.de USt-IdNr.: DE285007269 Haftungshinweis: Trotz sorgf\u00e4ltiger inhaltlicher Kontrolle \u00fcbernehmen wir keine Haftung f\u00fcr die Inhalte externer Links sowie iFrames. F\u00fcr den Inhalt der verlinkten, sowie eingebetteten Seiten sind ausschliesslich deren Betreiber verantwortlich. Nach \u00a728 BDSG widerspreche ich jeder kommerziellen&#8230;<\/p>","protected":false},"author":1,"featured_media":0,"parent":0,"menu_order":0,"comment_status":"closed","ping_status":"closed","template":"","meta":{"_editorskit_title_hidden":false,"_editorskit_reading_time":0,"_editorskit_is_block_options_detached":false,"_editorskit_block_options_position":"{}","_uag_custom_page_level_css":"","footnotes":""},"class_list":["post-103","page","type-page","status-publish","hentry","page--item"],"featured_image_urls_v2":{"full":"","thumbnail":"","medium":"","medium_large":"","large":"","1536x1536":"","2048x2048":"","trp-custom-language-flag":"","xs-thumb":"","appku-shop-single":""},"post_excerpt_stackable_v2":"<p>Impressum Verantwortlich f\u00fcr Inhalte (nach \u00a75 TMG): Launix Inh. Carl-Philip H\u00e4nsch Liechtensteinstr. 17 02727 Ebersbach-Neugersdorf E-Mail: impr@launix.de USt-IdNr.: DE285007269 Haftungshinweis: Trotz sorgf\u00e4ltiger inhaltlicher Kontrolle \u00fcbernehmen wir keine Haftung f\u00fcr die Inhalte externer Links sowie iFrames. F\u00fcr den Inhalt der verlinkten, sowie eingebetteten Seiten sind ausschliesslich deren Betreiber verantwortlich. Nach \u00a728 BDSG widerspreche ich jeder kommerziellen Verwendung und Weitergabe meiner Daten. Kontakt E-Mail: \u2709 info@launix.de Telefon: +49 3586 319 00 00 Fragen kostet nichts Datenschutzerkl\u00e4rung Geltungsbereich Diese Datenschutzerkl\u00e4rung kl\u00e4rt Nutzer \u00fcber die Art, den Umfang und Zwecke der Erhebung und Verwendung personenbezogener Daten durch den verantwortlichen oben genannten Anbieter auf dieser&hellip;<\/p>\n","category_list_v2":"","author_info_v2":{"name":"Philipp Plotz","url":"https:\/\/launix.de\/launix\/en\/author\/philipp\/"},"comments_num_v2":"0 comments","uagb_featured_image_src":{"full":false,"thumbnail":false,"medium":false,"medium_large":false,"large":false,"1536x1536":false,"2048x2048":false,"trp-custom-language-flag":false,"xs-thumb":false,"appku-shop-single":false},"uagb_author_info":{"display_name":"Philipp Plotz","author_link":"https:\/\/launix.de\/launix\/en\/author\/philipp\/"},"uagb_comment_info":0,"uagb_excerpt":"Impressum Verantwortlich f\u00fcr Inhalte (nach \u00a75 TMG): Launix Inh. Carl-Philip H\u00e4nsch Liechtensteinstr. 17 02727 Ebersbach-Neugersdorf E-Mail: impr@launix.de USt-IdNr.: DE285007269 Haftungshinweis: Trotz sorgf\u00e4ltiger inhaltlicher Kontrolle \u00fcbernehmen wir keine Haftung f\u00fcr die Inhalte externer Links sowie iFrames. F\u00fcr den Inhalt der verlinkten, sowie eingebetteten Seiten sind ausschliesslich deren Betreiber verantwortlich. Nach \u00a728 BDSG widerspreche ich jeder kommerziellen...","_links":{"self":[{"href":"https:\/\/launix.de\/launix\/en\/wp-json\/wp\/v2\/pages\/103","targetHints":{"allow":["GET"]}}],"collection":[{"href":"https:\/\/launix.de\/launix\/en\/wp-json\/wp\/v2\/pages"}],"about":[{"href":"https:\/\/launix.de\/launix\/en\/wp-json\/wp\/v2\/types\/page"}],"author":[{"embeddable":true,"href":"https:\/\/launix.de\/launix\/en\/wp-json\/wp\/v2\/users\/1"}],"replies":[{"embeddable":true,"href":"https:\/\/launix.de\/launix\/en\/wp-json\/wp\/v2\/comments?post=103"}],"version-history":[{"count":17,"href":"https:\/\/launix.de\/launix\/en\/wp-json\/wp\/v2\/pages\/103\/revisions"}],"predecessor-version":[{"id":3800,"href":"https:\/\/launix.de\/launix\/en\/wp-json\/wp\/v2\/pages\/103\/revisions\/3800"}],"wp:attachment":[{"href":"https:\/\/launix.de\/launix\/en\/wp-json\/wp\/v2\/media?parent=103"}],"curies":[{"name":"wp","href":"https:\/\/api.w.org\/{rel}","templated":true}]}}