{"id":2922,"date":"2019-03-27T07:53:40","date_gmt":"2019-03-27T06:53:40","guid":{"rendered":"https:\/\/launix.de\/launix\/?page_id=2922"},"modified":"2020-06-22T09:39:41","modified_gmt":"2020-06-22T07:39:41","slug":"zertifizierung","status":"publish","type":"page","link":"https:\/\/launix.de\/launix\/en\/zertifizierung\/","title":{"rendered":"Entwickler-Zertifizierung"},"content":{"rendered":"<p>Gerade gr\u00f6\u00dfe Unternehmen mit viel Individualisierungsbedarf und gro\u00dfem Unabh\u00e4ngigkeitsbestreben ist die Bindung an einen Software-Hersteller ein gro\u00dfes Risiko. Aus diesem Grund bieten wir Lehrg\u00e4nge f\u00fcr externe Entwickler an, die f\u00fcr ihren Auftraggeber ERPs selbstst\u00e4ndig warten und weiterentwickeln sollen:<\/p>\n\n\n\n<!--more-->\n\n\n\n<p>Die Lehrg\u00e4nge gliedern sich in 3 Stufen:<\/p>\n\n\n\n<ul class=\"wp-block-list\"><li><strong>App<\/strong><br>Die Stufe App vermittelt das Verwenden der FOP Entwicklungsumgebung, die Entwicklung von ERP-Systemen, ERP-Erweiterungen, Workflows, Kundenportale, Zugriffsregeln uvm. &#8211; Entwickler sind nachher in der Lage, komplett selbstst\u00e4ndig neue ERP-Systeme, CRMs und Kundenportale f\u00fcr ihren Auftraggeber zu entwickeln.<\/li><li><strong>Custom<\/strong><br>Nicht selten m\u00fcssen Anbindungen aus anderen Programmiersprachen oder APIs in das ERP angeschlossen werden. Die Stufe Custom vermittelt Internas zu den FOP-Datenbanken, die Entwickler erm\u00e4chtigen, eigenst\u00e4ndig neue Anbindungen, z.B. zu Buchhaltung, SAP, CAD und \u00e4hnliches zu entwickeln.<\/li><li><strong>Core<\/strong><br>Diese Stufe ist vor allem f\u00fcr die Hersteller von Software-Produkten interessant. In diesem Lehrgang werden die Entwicklung von neuen Editor-Modi, sowie fortgeschrittene Programmiertechniken f\u00fcr die modellgetriebene Softwareentwicklung vermittelt.<\/li><\/ul>\n\n\n\n<p>Damit wird es Ihnen m\u00f6glich, eine effiziente ERP-Entwicklung mit <strong>In-House-Kr\u00e4ften<\/strong> zu bewerkstelligen.<\/p>\n\n\n\n<p>Alle Details incl. Preise auf Anfrage<\/p>\n\n\n\n<div class=\"wp-block-file\"><a href=\"https:\/\/launix.de\/launix\/wp-content\/uploads\/2020\/02\/zertifizierung_app.pdf\">Weitere Informationen (PDF)<\/a><a href=\"https:\/\/launix.de\/launix\/wp-content\/uploads\/2020\/02\/zertifizierung_app.pdf\" class=\"wp-block-file__button\" download>Herunterladen<\/a><\/div>\n\n\n\n\n\n<h2 class=\"wp-block-heading\">Weitere Infos:<\/h2>\n\n\n\n<figure class=\"wp-block-embed-wordpress wp-block-embed is-type-wp-embed is-provider-ihr-individuelles-it-erp-system-aus-der-oberlausitz\"><div class=\"wp-block-embed__wrapper\">\n<blockquote class=\"wp-embedded-content\" data-secret=\"2RecjBDzkQ\"><a href=\"https:\/\/launix.de\/launix\/en\/-fuehrt-eigenes-fop-zertifizierungs-programm-ein\/\">Launix f\u00fchrt eigenes FOP-Zertifizierungs-Programm ein<\/a><\/blockquote><iframe loading=\"lazy\" class=\"wp-embedded-content\" sandbox=\"allow-scripts\" security=\"restricted\" style=\"position: absolute; visibility: hidden;\" title=\"&#8222;Launix f\u00fchrt eigenes FOP-Zertifizierungs-Programm ein&#8220; &#8212; Launix\" src=\"https:\/\/launix.de\/launix\/launix-fuehrt-eigenes-fop-zertifizierungs-programm-ein\/embed\/#?secret=zFjT1AVUXZ#?secret=2RecjBDzkQ\" data-secret=\"2RecjBDzkQ\" width=\"600\" height=\"338\" frameborder=\"0\" marginwidth=\"0\" marginheight=\"0\" scrolling=\"no\"><\/iframe>\n<\/div><\/figure>","protected":false},"excerpt":{"rendered":"<p>Gerade gr\u00f6\u00dfe Unternehmen mit viel Individualisierungsbedarf und gro\u00dfem Unabh\u00e4ngigkeitsbestreben ist die Bindung an einen Software-Hersteller ein gro\u00dfes Risiko. Aus diesem Grund bieten wir Lehrg\u00e4nge f\u00fcr externe Entwickler an, die f\u00fcr ihren Auftraggeber ERPs selbstst\u00e4ndig warten und weiterentwickeln sollen:<\/p>","protected":false},"author":2,"featured_media":0,"parent":0,"menu_order":0,"comment_status":"closed","ping_status":"closed","template":"","meta":{"_editorskit_title_hidden":false,"_editorskit_reading_time":0,"_editorskit_is_block_options_detached":false,"_editorskit_block_options_position":"{}","_uag_custom_page_level_css":"","footnotes":""},"class_list":["post-2922","page","type-page","status-publish","hentry","page--item"],"featured_image_urls_v2":{"full":"","thumbnail":"","medium":"","medium_large":"","large":"","1536x1536":"","2048x2048":"","trp-custom-language-flag":"","xs-thumb":"","appku-shop-single":""},"post_excerpt_stackable_v2":"<p>Gerade gr\u00f6\u00dfe Unternehmen mit viel Individualisierungsbedarf und gro\u00dfem Unabh\u00e4ngigkeitsbestreben ist die Bindung an einen Software-Hersteller ein gro\u00dfes Risiko. Aus diesem Grund bieten wir Lehrg\u00e4nge f\u00fcr externe Entwickler an, die f\u00fcr ihren Auftraggeber ERPs selbstst\u00e4ndig warten und weiterentwickeln sollen: Die Lehrg\u00e4nge gliedern sich in 3 Stufen: AppDie Stufe App vermittelt das Verwenden der FOP Entwicklungsumgebung, die Entwicklung von ERP-Systemen, ERP-Erweiterungen, Workflows, Kundenportale, Zugriffsregeln uvm. &#8211; Entwickler sind nachher in der Lage, komplett selbstst\u00e4ndig neue ERP-Systeme, CRMs und Kundenportale f\u00fcr ihren Auftraggeber zu entwickeln.CustomNicht selten m\u00fcssen Anbindungen aus anderen Programmiersprachen oder APIs in das ERP angeschlossen werden. Die Stufe Custom vermittelt Internas&hellip;<\/p>\n","category_list_v2":"","author_info_v2":{"name":"Carl-Philip H\u00e4nsch","url":"https:\/\/launix.de\/launix\/en\/author\/carli\/"},"comments_num_v2":"0 comments","uagb_featured_image_src":{"full":false,"thumbnail":false,"medium":false,"medium_large":false,"large":false,"1536x1536":false,"2048x2048":false,"trp-custom-language-flag":false,"xs-thumb":false,"appku-shop-single":false},"uagb_author_info":{"display_name":"Carl-Philip H\u00e4nsch","author_link":"https:\/\/launix.de\/launix\/en\/author\/carli\/"},"uagb_comment_info":0,"uagb_excerpt":"Gerade gr\u00f6\u00dfe Unternehmen mit viel Individualisierungsbedarf und gro\u00dfem Unabh\u00e4ngigkeitsbestreben ist die Bindung an einen Software-Hersteller ein gro\u00dfes Risiko. Aus diesem Grund bieten wir Lehrg\u00e4nge f\u00fcr externe Entwickler an, die f\u00fcr ihren Auftraggeber ERPs selbstst\u00e4ndig warten und weiterentwickeln sollen:","_links":{"self":[{"href":"https:\/\/launix.de\/launix\/en\/wp-json\/wp\/v2\/pages\/2922","targetHints":{"allow":["GET"]}}],"collection":[{"href":"https:\/\/launix.de\/launix\/en\/wp-json\/wp\/v2\/pages"}],"about":[{"href":"https:\/\/launix.de\/launix\/en\/wp-json\/wp\/v2\/types\/page"}],"author":[{"embeddable":true,"href":"https:\/\/launix.de\/launix\/en\/wp-json\/wp\/v2\/users\/2"}],"replies":[{"embeddable":true,"href":"https:\/\/launix.de\/launix\/en\/wp-json\/wp\/v2\/comments?post=2922"}],"version-history":[{"count":12,"href":"https:\/\/launix.de\/launix\/en\/wp-json\/wp\/v2\/pages\/2922\/revisions"}],"predecessor-version":[{"id":3719,"href":"https:\/\/launix.de\/launix\/en\/wp-json\/wp\/v2\/pages\/2922\/revisions\/3719"}],"wp:attachment":[{"href":"https:\/\/launix.de\/launix\/en\/wp-json\/wp\/v2\/media?parent=2922"}],"curies":[{"name":"wp","href":"https:\/\/api.w.org\/{rel}","templated":true}]}}