{"id":3673,"date":"2020-05-16T12:06:20","date_gmt":"2020-05-16T10:06:20","guid":{"rendered":"https:\/\/launix.de\/launix\/?page_id=3673"},"modified":"2021-09-24T11:55:03","modified_gmt":"2021-09-24T09:55:03","slug":"supplyxhain-supply-chain-neu-gedacht-das-rest-basierte-einkaufsmanagement","status":"publish","type":"page","link":"https:\/\/launix.de\/launix\/en\/supplyxhain-supply-chain-neu-gedacht-das-rest-basierte-einkaufsmanagement\/","title":{"rendered":"supplyXhain &#8211; Supply Chain neu gedacht &#8211; das REST basierte Einkaufsmanagement"},"content":{"rendered":"<div class=\"wp-block-image\"><figure class=\"alignright\"><img loading=\"lazy\" decoding=\"async\" width=\"150\" height=\"150\" src=\"https:\/\/launix.de\/launix\/wp-content\/uploads\/2020\/05\/shopping-cart-1275480_1920-150x150.jpg\" alt=\"\" class=\"wp-image-3674\" srcset=\"https:\/\/launix.de\/launix\/wp-content\/uploads\/2020\/05\/shopping-cart-1275480_1920-150x150.jpg 150w, https:\/\/launix.de\/launix\/wp-content\/uploads\/2020\/05\/shopping-cart-1275480_1920-64x64.jpg 64w\" sizes=\"auto, (max-width: 150px) 100vw, 150px\" \/><\/figure><\/div>\n\n\n\n<p>Einkauf und Preisverhandlungen sind ein gro\u00dfer Kostenfaktor bei Unternehmen. Gerade die Wiederbeschaffung h\u00e4ufig ben\u00f6tigter Artikel stellt Eink\u00e4ufer vor eine Sysiphusarbeit: F\u00fcr hunderte und tausende Artikel m\u00fcssen Bestellungen verfasst und herausgeschickt werden, meist in geringen Mengen und bei Nischenartikeln nicht selten auch \u00fcber Portale wie ebay und Amazon.<\/p>\n\n\n\n<figure class=\"wp-block-embed-youtube wp-block-embed is-type-video is-provider-youtube wp-embed-aspect-16-9 wp-has-aspect-ratio\"><div class=\"wp-block-embed__wrapper\">\n<iframe loading=\"lazy\" title=\"SupplyXhain Plugin: ERP und Shop verbinden\" width=\"751\" height=\"422\" src=\"https:\/\/www.youtube.com\/embed\/UdWAHd7YKgo?feature=oembed\" frameborder=\"0\" allow=\"accelerometer; autoplay; clipboard-write; encrypted-media; gyroscope; picture-in-picture; web-share\" referrerpolicy=\"strict-origin-when-cross-origin\" allowfullscreen><\/iframe>\n<\/div><\/figure>\n\n\n\n<p>Um den Aufwand und Kosten f\u00fcr die Wiederbeschaffung zu reduzieren, hat zum Beispiel die <strong>Automobilindustrie<\/strong> ihre eigenen Abrufportale f\u00fcr die Wiederbeschaffung entwickelt. Da diese aber meist herstellerspezifisch sind, haben diese sich bis jetzt nur als Pflichtprogramm f\u00fcr Automobilzulieferer-Rahmenvertr\u00e4ge durchgesetzt.<\/p>\n\n\n\n<p>Auch gr\u00f6\u00dfere ERP-Hersteller vernetzen ihre eigenen Kunden untereinander durch diverse SCM-Produkte. Problem hier wieder: Alle m\u00fcssen dasselbe ERP vom selben Hersteller kaufen.<\/p>\n\n\n\n<p>Launix bietet als Alternative hierzu eine <strong>offene Schnittstelle<\/strong> (API) an. Mit der <strong>supplyXhain-API<\/strong> k\u00f6nnen Sie folgende Bereiche abdecken:<\/p>\n\n\n\n<ul class=\"wp-block-list\"><li>Produktinformationen:<ul><li>Ver\u00f6ffentlichung Ihrer Produktkataloge<\/li><li>Produktinformationen wie z.B. Texte in mehreren Sprachen, Bilder, Datenbl\u00e4tter, CAD-Dateien<\/li><li>Preise (optional)<\/li><li>Varianten und Konfigurationsm\u00f6glichkeiten<\/li><\/ul><\/li><li>Anfragen und Angebote:<ul><li>Einholen von Angeboten<\/li><li>Preise werden entweder automatisiert freigegeben (Preiskataloge oder Rabatt-Formel) oder durchlaufen einen h\u00e4ndischen Angebotsprozess<\/li><li>Abfrage von Rabattstufen und Lieferbedingungen<\/li><li>M\u00f6glichkeit der automatisierten Aushandlung von Konventionalstrafen, Lieferfristen etc.<\/li><\/ul><\/li><li>Bestellungen:<ul><li>Abwicklung der Bestellung<\/li><li>Bezahlabwicklung (z.B. Vorkasse, Rechnung, SEPA Lastschrift-Einzug oder PayPal)<\/li><li>Garantierte PDF-Rechnungs\u00fcbergabe bei Bestellung<\/li><li>optional Paketverfolgung<\/li><li>Reklamationswesen<\/li><\/ul><\/li><\/ul>\n\n\n\n<h2 class=\"wp-block-heading\">Funktionsweise<\/h2>\n\n\n\n<p>Die API funktioniert wie folgt:<\/p>\n\n\n\n<figure class=\"wp-block-image\"><img loading=\"lazy\" decoding=\"async\" width=\"1024\" height=\"768\" src=\"https:\/\/launix.de\/launix\/wp-content\/uploads\/2020\/05\/scm-1024x768.png\" alt=\"\" class=\"wp-image-3677\" srcset=\"https:\/\/launix.de\/launix\/wp-content\/uploads\/2020\/05\/scm.png 1024w, https:\/\/launix.de\/launix\/wp-content\/uploads\/2020\/05\/scm-300x225.png 300w, https:\/\/launix.de\/launix\/wp-content\/uploads\/2020\/05\/scm-768x576.png 768w\" sizes=\"auto, (max-width: 1024px) 100vw, 1024px\" \/><\/figure>\n\n\n\n<p>Jeder, der seine Waren und Dienstleistungen anbieten will, sorgt daf\u00fcr, dass es einen <strong>API-Endpunkt<\/strong> gibt. Dieser API-Endpunkt ist eine URL, die er den Eink\u00e4ufern seines Kunden mitteilen kann. \u00dcber diesen API-Endpunkt k\u00f6nnen die Programme andocken, um Bestellungen auszul\u00f6sen.<\/p>\n\n\n\n<p>supplyXhain ist ein offener Standard, das bedeutet, jeder kann f\u00fcr sein ERP oder seinen Shop eine supplyXhain-Anbindung programmieren. Alternativ bieten wir f\u00fcr g\u00e4ngige Systeme fertige Plugins an.<\/p>\n\n\n\n<p>Ein Eink\u00e4ufer nutzt ein <strong>beliebiges Programm,<\/strong> das eine supplyXhain-Anbindung besitzt. Dies kann sein ERP sein, aber auch traditionelle Online-Shops, die Waren und Dienstleistungen von supplyXhain-Teilnehmern in ihr Sortiment aufnehmen. Im ERP hinterlegt er einfach die URL seines Lieferanten, um den Artikelkatalog zu importieren. Anschlie\u00dfend kann er direkt \u00fcber seine Bestellvorschl\u00e4ge Material bestellen. <strong>Online-Marktpl\u00e4tze<\/strong> k\u00f6nnen hingegen supplyXhain-Teilnehmer anbinden, um deren Waren und Dienstleistungen auch Endkunden anzubieten.<\/p>\n\n\n\n<figure class=\"wp-block-image\"><img loading=\"lazy\" decoding=\"async\" width=\"1024\" height=\"768\" src=\"https:\/\/launix.de\/launix\/wp-content\/uploads\/2020\/05\/Einkaufsmanagement-2-1024x768.png\" alt=\"\" class=\"wp-image-3680\" srcset=\"https:\/\/launix.de\/launix\/wp-content\/uploads\/2020\/05\/Einkaufsmanagement-2.png 1024w, https:\/\/launix.de\/launix\/wp-content\/uploads\/2020\/05\/Einkaufsmanagement-2-300x225.png 300w, https:\/\/launix.de\/launix\/wp-content\/uploads\/2020\/05\/Einkaufsmanagement-2-768x576.png 768w\" sizes=\"auto, (max-width: 1024px) 100vw, 1024px\" \/><figcaption>Ablauf einer Bestellung mit supplyXhain<\/figcaption><\/figure>\n\n\n\n<h2 class=\"wp-block-heading\">Anwendungsbeispiele<\/h2>\n\n\n\n<p>supplyXhain ist ein vielseitiges Protokoll, mit dem sich alle Einkauf- und Bestellvorg\u00e4nge abbilden lassen. Hier einige Beispiele:<\/p>\n\n\n\n<ul class=\"wp-block-list\"><li><strong>Fertiger und Lieferant<\/strong>: Der Teilelieferant bietet eine supplyXhain-API an und der Fertiger kann einfach \u00fcber sein System Teile nachbestellen<\/li><li><strong>Hersteller und Endkunde<\/strong>: Der Hersteller bietet eine supplyXhain-API an und Online-Marktpl\u00e4tze wie ebay, amazon und diverse Nischen-Online-Shops lesen das Artikelsortiment von der API und bieten die Waren f\u00fcr den Hersteller an<\/li><li><strong>B2B &#8211; H\u00e4ndler &#8211; B2C<\/strong>: Der Hersteller bietet seine Waren per supplyXhain in <strong>Palettengr\u00f6\u00dfe<\/strong> an. Der H\u00e4ndler kauft die Palette ein, bricht sie auf und verkauft die Einzelst\u00fccke jeweils wieder \u00fcber die supplyXhain<\/li><li><strong>Affiliate und Vertriebs-Unterst\u00fctzung<\/strong>: Ein Online-Marketing-Experte richtet Landing Pages ein, erstellt Info-Videos etc. und bietet Endkunden mit Aufpreis (=selbstgew\u00e4hlte Provision\/Marge) die Waren eines Herstellers an. Der Hersteller bekommt die Bestellungen direkt per supplyXhain-API.<\/li><li><strong>Produktkonfiguratoren<\/strong>: Findige Programmierer bieten Konfiguratoren zum Beispiel f\u00fcr den Komponentenkauf f\u00fcr die Heim-Automatisierung an. Die Bestellungen werden anschlie\u00dfend per supplyXhain direkt an den Lieferanten weitergeleitet.<\/li><li><strong>Maschinenbau<\/strong>: Durch die Parameterisierungsfunktion k\u00f6nnen Zuschnitte, Fr\u00e4s- und Laserteile direkt bestellt werden. Die CAD-Dateien werden direkt an die Bestellung bzw. die Angebots-Anfrage angehangen.<\/li><li><strong>Druck<\/strong>: Grafikprogramme wie z.B. Adobe Photoshop k\u00f6nnen per Plugin einen Flyer oder ein Visitenkarten-Layout direkt aus dem Programm heraus drucken lassen. Das Launix Personal-Modul kann ebenfalls Visitenkarten bei der Einstellung eines neuen Mitarbeiters automatisiert mitbestellen.<\/li><\/ul>\n\n\n\n<h2 class=\"wp-block-heading\">Ihre Vorteile<\/h2>\n\n\n\n<ul class=\"wp-block-list\"><li><strong>Standardisierter Bestell-Ablauf<\/strong> mit R\u00fcckverfolgung, Anbindung der Rechnungsstellung<\/li><li><strong>Keine doppelte Bestandspflege mehr<\/strong> &#8211; Sie pflegen die Artikeldaten und Lagerbest\u00e4nde in EINEM System, welches sich dann mit den Marktpl\u00e4tzen wie ebay und amazon automatisch synchronisiert<\/li><li><strong>Reduzierte Kosten<\/strong> &#8211; der Eink\u00e4ufer hat nur noch EIN Portal, \u00fcber das er alle Waren von Herstellern, H\u00e4ndlern und Marktpl\u00e4tzen erwerben kann<\/li><li><strong>Herstellerunabh\u00e4ngig<\/strong> &#8211; die offene Schnittstelle erlaubt es jedem, die API zu implementieren. Sie sind nicht von Launix abh\u00e4ngig.<\/li><li><strong>ERP-Integration Eink\u00e4ufer<\/strong> &#8211; das ERP kann Bestellungen selbst ausl\u00f6sen<\/li><li><strong>ERP-Integration Verk\u00e4ufer<\/strong> &#8211; Bestellungen werden automatisch im System hinterlegt<\/li><li><strong>Direkter Kontakt<\/strong> &#8211; Der Endkunde wird direkt vom Hersteller beliefert. Marktpl\u00e4tze dienen lediglich als Produktberater und Vermittler<\/li><li><strong>Flexibilit\u00e4t<\/strong> &#8211; die API erlaubt sowohl Sofort-Bestellungen wie bei Online-Shops als auch langwierige Anfragemechanismen wie aus dem Maschinenbau<\/li><li><strong>Beste Preise<\/strong> &#8211; Zwischenh\u00e4ndler verdienen nur mit, wenn diese zus\u00e4tzlich Beratungsleistungen wie z.B. Online-Konfiguratoren bereitstellen. Ansonsten umgeht man diese H\u00e4ndler einfach, indem man sich direkt die Bestell-API-URL des Herstellers besorgt<\/li><li><strong>Abw\u00e4rtskompatibel<\/strong> &#8211; Produkte von Herstellern, die keine API anbinden, k\u00f6nnen von Zwischenh\u00e4ndlern angeboten werden<\/li><\/ul>\n\n\n\n<h2 class=\"wp-block-heading\">Weitere Informationen<\/h2>\n\n\n\n<ul class=\"wp-block-list\"><li>Sind Sie Hersteller von Waren und Dienstleistungen und wollen diese \u00fcber <strong>ein einheitliches System<\/strong> automatisiert in Marktpl\u00e4tze wie ebay, amazon und Online-Shops einspeisen?<\/li><li>M\u00f6chten Sie Ihr ERP oder Ihren Online-Shop ans supplyXhain-Netzwerk anbinden?<\/li><li>Sind Sie ERP-Hersteller oder Shop-Entwickler und m\u00f6chten ein Plugin entwickeln?<\/li><li>Sind Sie unsicher und ben\u00f6tigen mehr Informationen?<\/li><\/ul>\n\n\n\n\n\n\n\n<p>Code auf Github: <a href=\"https:\/\/github.com\/launix-de\/supplyXhain\" class=\"ek-link\">https:\/\/github.com\/launix-de\/supplyXhain<\/a><\/p>","protected":false},"excerpt":{"rendered":"<p>Einkauf und Preisverhandlungen sind ein gro\u00dfer Kostenfaktor bei Unternehmen. Gerade die Wiederbeschaffung h\u00e4ufig ben\u00f6tigter Artikel stellt Eink\u00e4ufer vor eine Sysiphusarbeit: F\u00fcr hunderte und tausende Artikel m\u00fcssen Bestellungen verfasst und herausgeschickt werden, meist in geringen Mengen und bei Nischenartikeln nicht selten auch \u00fcber Portale wie ebay und Amazon. Um den Aufwand und Kosten f\u00fcr die Wiederbeschaffung&#8230;<\/p>","protected":false},"author":2,"featured_media":3674,"parent":0,"menu_order":0,"comment_status":"closed","ping_status":"closed","template":"","meta":{"_editorskit_title_hidden":false,"_editorskit_reading_time":0,"_editorskit_is_block_options_detached":false,"_editorskit_block_options_position":"{}","_uag_custom_page_level_css":"","footnotes":""},"class_list":["post-3673","page","type-page","status-publish","has-post-thumbnail","hentry","page--item"],"featured_image_urls_v2":{"full":["https:\/\/launix.de\/launix\/wp-content\/uploads\/2020\/05\/shopping-cart-1275480_1920.jpg",1920,1440,false],"thumbnail":["https:\/\/launix.de\/launix\/wp-content\/uploads\/2020\/05\/shopping-cart-1275480_1920-150x150.jpg",150,150,true],"medium":["https:\/\/launix.de\/launix\/wp-content\/uploads\/2020\/05\/shopping-cart-1275480_1920-300x225.jpg",300,225,true],"medium_large":["https:\/\/launix.de\/launix\/wp-content\/uploads\/2020\/05\/shopping-cart-1275480_1920-768x576.jpg",751,563,true],"large":["https:\/\/launix.de\/launix\/wp-content\/uploads\/2020\/05\/shopping-cart-1275480_1920-1024x768.jpg",751,563,true],"1536x1536":["https:\/\/launix.de\/launix\/wp-content\/uploads\/2020\/05\/shopping-cart-1275480_1920.jpg",1536,1152,false],"2048x2048":["https:\/\/launix.de\/launix\/wp-content\/uploads\/2020\/05\/shopping-cart-1275480_1920.jpg",1920,1440,false],"trp-custom-language-flag":["https:\/\/launix.de\/launix\/wp-content\/uploads\/2020\/05\/shopping-cart-1275480_1920.jpg",16,12,false],"xs-thumb":["https:\/\/launix.de\/launix\/wp-content\/uploads\/2020\/05\/shopping-cart-1275480_1920-64x64.jpg",64,64,true],"appku-shop-single":["https:\/\/launix.de\/launix\/wp-content\/uploads\/2020\/05\/shopping-cart-1275480_1920.jpg",620,465,false]},"post_excerpt_stackable_v2":"<p>Einkauf und Preisverhandlungen sind ein gro\u00dfer Kostenfaktor bei Unternehmen. Gerade die Wiederbeschaffung h\u00e4ufig ben\u00f6tigter Artikel stellt Eink\u00e4ufer vor eine Sysiphusarbeit: F\u00fcr hunderte und tausende Artikel m\u00fcssen Bestellungen verfasst und herausgeschickt werden, meist in geringen Mengen und bei Nischenartikeln nicht selten auch \u00fcber Portale wie ebay und Amazon. Um den Aufwand und Kosten f\u00fcr die Wiederbeschaffung zu reduzieren, hat zum Beispiel die Automobilindustrie ihre eigenen Abrufportale f\u00fcr die Wiederbeschaffung entwickelt. Da diese aber meist herstellerspezifisch sind, haben diese sich bis jetzt nur als Pflichtprogramm f\u00fcr Automobilzulieferer-Rahmenvertr\u00e4ge durchgesetzt. Auch gr\u00f6\u00dfere ERP-Hersteller vernetzen ihre eigenen Kunden untereinander durch diverse SCM-Produkte. Problem hier wieder:&hellip;<\/p>\n","category_list_v2":"","author_info_v2":{"name":"Carl-Philip H\u00e4nsch","url":"https:\/\/launix.de\/launix\/en\/author\/carli\/"},"comments_num_v2":"0 comments","uagb_featured_image_src":{"full":["https:\/\/launix.de\/launix\/wp-content\/uploads\/2020\/05\/shopping-cart-1275480_1920.jpg",1920,1440,false],"thumbnail":["https:\/\/launix.de\/launix\/wp-content\/uploads\/2020\/05\/shopping-cart-1275480_1920-150x150.jpg",150,150,true],"medium":["https:\/\/launix.de\/launix\/wp-content\/uploads\/2020\/05\/shopping-cart-1275480_1920-300x225.jpg",300,225,true],"medium_large":["https:\/\/launix.de\/launix\/wp-content\/uploads\/2020\/05\/shopping-cart-1275480_1920-768x576.jpg",751,563,true],"large":["https:\/\/launix.de\/launix\/wp-content\/uploads\/2020\/05\/shopping-cart-1275480_1920-1024x768.jpg",751,563,true],"1536x1536":["https:\/\/launix.de\/launix\/wp-content\/uploads\/2020\/05\/shopping-cart-1275480_1920.jpg",1536,1152,false],"2048x2048":["https:\/\/launix.de\/launix\/wp-content\/uploads\/2020\/05\/shopping-cart-1275480_1920.jpg",1920,1440,false],"trp-custom-language-flag":["https:\/\/launix.de\/launix\/wp-content\/uploads\/2020\/05\/shopping-cart-1275480_1920.jpg",16,12,false],"xs-thumb":["https:\/\/launix.de\/launix\/wp-content\/uploads\/2020\/05\/shopping-cart-1275480_1920-64x64.jpg",64,64,true],"appku-shop-single":["https:\/\/launix.de\/launix\/wp-content\/uploads\/2020\/05\/shopping-cart-1275480_1920.jpg",620,465,false]},"uagb_author_info":{"display_name":"Carl-Philip H\u00e4nsch","author_link":"https:\/\/launix.de\/launix\/en\/author\/carli\/"},"uagb_comment_info":0,"uagb_excerpt":"Einkauf und Preisverhandlungen sind ein gro\u00dfer Kostenfaktor bei Unternehmen. Gerade die Wiederbeschaffung h\u00e4ufig ben\u00f6tigter Artikel stellt Eink\u00e4ufer vor eine Sysiphusarbeit: F\u00fcr hunderte und tausende Artikel m\u00fcssen Bestellungen verfasst und herausgeschickt werden, meist in geringen Mengen und bei Nischenartikeln nicht selten auch \u00fcber Portale wie ebay und Amazon. Um den Aufwand und Kosten f\u00fcr die Wiederbeschaffung...","_links":{"self":[{"href":"https:\/\/launix.de\/launix\/en\/wp-json\/wp\/v2\/pages\/3673","targetHints":{"allow":["GET"]}}],"collection":[{"href":"https:\/\/launix.de\/launix\/en\/wp-json\/wp\/v2\/pages"}],"about":[{"href":"https:\/\/launix.de\/launix\/en\/wp-json\/wp\/v2\/types\/page"}],"author":[{"embeddable":true,"href":"https:\/\/launix.de\/launix\/en\/wp-json\/wp\/v2\/users\/2"}],"replies":[{"embeddable":true,"href":"https:\/\/launix.de\/launix\/en\/wp-json\/wp\/v2\/comments?post=3673"}],"version-history":[{"count":14,"href":"https:\/\/launix.de\/launix\/en\/wp-json\/wp\/v2\/pages\/3673\/revisions"}],"predecessor-version":[{"id":4324,"href":"https:\/\/launix.de\/launix\/en\/wp-json\/wp\/v2\/pages\/3673\/revisions\/4324"}],"wp:featuredmedia":[{"embeddable":true,"href":"https:\/\/launix.de\/launix\/en\/wp-json\/wp\/v2\/media\/3674"}],"wp:attachment":[{"href":"https:\/\/launix.de\/launix\/en\/wp-json\/wp\/v2\/media?parent=3673"}],"curies":[{"name":"wp","href":"https:\/\/api.w.org\/{rel}","templated":true}]}}