{"id":3832,"date":"2020-09-07T10:46:32","date_gmt":"2020-09-07T10:46:32","guid":{"rendered":"http:\/\/launix.ikaira.96.lt\/?page_id=3576"},"modified":"2025-12-12T15:20:59","modified_gmt":"2025-12-12T14:20:59","slug":"kontakt","status":"publish","type":"page","link":"https:\/\/launix.de\/launix\/en\/kontakt\/","title":{"rendered":"CONTACT US"},"content":{"rendered":"<section class=\"wp-block-uagb-section uagb-section__wrap uagb-section__background-undefined uagb-block-e10cccaf\"><div class=\"uagb-section__overlay\"><\/div><div class=\"uagb-section__inner-wrap\">\n<section class=\"wp-block-uagb-columns uagb-columns__wrap uagb-columns__background-none uagb-columns__stack-mobile uagb-columns__valign- uagb-columns__gap-10 align uagb-block-b2e9ff2a uagb-columns__columns-3 uagb-columns__max_width-custom\"><div class=\"uagb-columns__overlay\"><\/div><div class=\"uagb-columns__inner-wrap uagb-columns__columns-3\">\n<div class=\"wp-block-uagb-column uagb-column__wrap uagb-column__background-undefined uagb-block-81132902\"><div class=\"uagb-column__overlay\"><\/div>\n<h3 class=\"wp-block-heading\">Come in contact<\/h3>\n\n\n\n<p>We would like to hear from you. Tell us about your business and we will find an efficient solution for you.<span style=\"color:#282828\" class=\"tadv-color\"><\/span><\/p>\n\n\n\n<div class=\"wp-block-buttons is-layout-flex wp-block-buttons-is-layout-flex\">\n<div class=\"wp-block-button\"><a class=\"wp-block-button__link has-text-color has-background wp-element-button\" href=\"#contact\" style=\"color:#ffffff;background-color:#162b53\">Contact<\/a><\/div>\n<\/div>\n<\/div>\n\n\n\n<div class=\"wp-block-uagb-column uagb-column__wrap uagb-column__background-undefined uagb-block-51e93e48\"><div class=\"uagb-column__overlay\"><\/div><div class=\"wp-block-image\">\n<figure class=\"aligncenter size-large\"><img loading=\"lazy\" decoding=\"async\" width=\"960\" height=\"720\" src=\"https:\/\/launix.de\/launix\/wp-content\/uploads\/2020\/11\/Ich-in-der-Firma.jpg\" alt=\"\" class=\"wp-image-3954\" srcset=\"https:\/\/launix.de\/launix\/wp-content\/uploads\/2020\/11\/Ich-in-der-Firma.jpg 960w, https:\/\/launix.de\/launix\/wp-content\/uploads\/2020\/11\/Ich-in-der-Firma-300x225.jpg 300w, https:\/\/launix.de\/launix\/wp-content\/uploads\/2020\/11\/Ich-in-der-Firma-768x576.jpg 768w, https:\/\/launix.de\/launix\/wp-content\/uploads\/2020\/11\/Ich-in-der-Firma-600x450.jpg 600w\" sizes=\"auto, (max-width: 960px) 100vw, 960px\" \/><\/figure><\/div><\/div>\n\n\n\n<div class=\"wp-block-uagb-column uagb-column__wrap uagb-column__background-undefined uagb-block-263a7b72\"><div class=\"uagb-column__overlay\"><\/div>\n<div class=\"wp-block-uagb-info-box uagb-block-857591c7 uagb-infobox__content-wrap  uagb-infobox_cta-type-all uagb-infobox-icon-left uagb-infobox-left uagb-infobox-stacked-tablet uagb-infobox-image-valign-middle ticss-09750047 uagb-infobox__outer-wrap\"><a href=\"mailto:webkontakt@launix.de\" class=\"uagb-infobox-link-wrap uagb-infbox__link-to-all\" target=\"_self\" aria-label=\"Infobox Link\" rel=\"noopener noreferrer\" onclick=\"return true;\"><\/a><div class=\"uagb-ifb-icon-wrap\"><svg xmlns=\"https:\/\/www.w3.org\/2000\/svg\" viewbox=\"0 0 640 512\"><path d=\"M191.9 448.6c-9.766 0-19.48-2.969-27.78-8.891L32 340.2V480c0 17.62 14.38 32 32 32h256c17.62 0 32-14.38 32-32v-139.8L220.2 439.5C211.7 445.6 201.8 448.6 191.9 448.6zM192 192c0-35.25 28.75-64 64-64h224V32c0-17.62-14.38-32-32-32H128C110.4 0 96 14.38 96 32v192h96V192zM320 256H64C46.38 256 32 270.4 32 288v12.18l151 113.8c5.25 3.719 12.7 3.734 18.27-.25L352 300.2V288C352 270.4 337.6 256 320 256zM576 160H256C238.4 160 224 174.4 224 192v32h96c33.25 0 60.63 25.38 63.75 57.88L384 416h192c17.62 0 32-14.38 32-32V192C608 174.4 593.6 160 576 160zM544 288h-64V224h64V288z\"><\/path><\/svg><\/div><div class=\"uagb-ifb-content\"><div class=\"uagb-ifb-title-wrap\"><h4 class=\"uagb-ifb-title\"><strong>Write en email to<\/strong><\/h4><\/div><p class=\"uagb-ifb-desc\">webkontakt@launix.de<\/p><div class=\"uagb-ifb-button-wrapper wp-block-button\"><\/div><\/div><\/div>\n\n\n\n<div style=\"height:25px\" aria-hidden=\"true\" class=\"wp-block-spacer\"><\/div>\n\n\n\n<div class=\"wp-block-uagb-info-box uagb-block-af048fa5 uagb-infobox__content-wrap  uagb-infobox_cta-type-all uagb-infobox-icon-left uagb-infobox-left uagb-infobox-stacked-tablet uagb-infobox-image-valign-middle ticss-09750047 uagb-infobox__outer-wrap\"><a href=\"tel:+4935863190000\" class=\"uagb-infobox-link-wrap uagb-infbox__link-to-all\" target=\"_self\" aria-label=\"Infobox Link\" rel=\"noopener noreferrer\" onclick=\"return true;\"><\/a><div class=\"uagb-ifb-icon-wrap\"><svg xmlns=\"https:\/\/www.w3.org\/2000\/svg\" viewbox=\"0 0 512 512\"><path d=\"M18.92 351.2l108.5-46.52c12.78-5.531 27.77-1.801 36.45 8.98l44.09 53.82c69.25-34 125.5-90.31 159.5-159.5l-53.81-44.04c-10.75-8.781-14.41-23.69-8.974-36.47l46.51-108.5c6.094-13.91 21.1-21.52 35.79-18.11l100.8 23.25c14.25 3.25 24.22 15.8 24.22 30.46c0 252.3-205.2 457.5-457.5 457.5c-14.67 0-27.18-9.968-30.45-24.22l-23.25-100.8C-2.571 372.4 5.018 357.2 18.92 351.2z\"><\/path><\/svg><\/div><div class=\"uagb-ifb-content\"><div class=\"uagb-ifb-title-wrap\"><h4 class=\"uagb-ifb-title\"><strong>Phone<\/strong><\/h4><\/div><p class=\"uagb-ifb-desc\">+49 3586 319 0000<\/p><div class=\"uagb-ifb-button-wrapper wp-block-button\"><\/div><\/div><\/div>\n\n\n\n<div style=\"height:25px\" aria-hidden=\"true\" class=\"wp-block-spacer\"><\/div>\n\n\n\n<div class=\"wp-block-uagb-info-box uagb-block-0d97ae00 uagb-infobox__content-wrap  uagb-infobox_cta-type-all uagb-infobox-icon-left uagb-infobox-left uagb-infobox-stacked-tablet uagb-infobox-image-valign-middle ticss-09750047 uagb-infobox__outer-wrap\"><a href=\"tel:+4935863190000\" class=\"uagb-infobox-link-wrap uagb-infbox__link-to-all\" target=\"_self\" aria-label=\"Infobox Link\" rel=\"noopener noreferrer\" onclick=\"return true;\"><\/a><div class=\"uagb-ifb-icon-wrap\"><svg xmlns=\"https:\/\/www.w3.org\/2000\/svg\" viewbox=\"0 0 576 512\"><path d=\"M384 112v288c0 26.51-21.49 48-48 48h-288c-26.51 0-48-21.49-48-48v-288c0-26.51 21.49-48 48-48h288C362.5 64 384 85.49 384 112zM576 127.5v256.9c0 25.5-29.17 40.39-50.39 25.79L416 334.7V177.3l109.6-75.56C546.9 87.13 576 102.1 576 127.5z\"><\/path><\/svg><\/div><div class=\"uagb-ifb-content\"><div class=\"uagb-ifb-title-wrap\"><h4 class=\"uagb-ifb-title\"><strong>Video-Call<\/strong><\/h4><\/div><p class=\"uagb-ifb-desc\"><a href=\"https:\/\/tidycal.com\/launix\/kennenlernen-launix\">Termin vereinbaren<\/a><\/p><div class=\"uagb-ifb-button-wrapper wp-block-button\"><\/div><\/div><\/div>\n<\/div>\n<\/div><\/section>\n\n\n\n<div style=\"height:60px\" aria-hidden=\"true\" class=\"wp-block-spacer\"><\/div>\n\n\n<div class=\"wp-block-image\">\n<figure class=\"aligncenter size-large\"><img loading=\"lazy\" decoding=\"async\" width=\"58\" height=\"62\" src=\"https:\/\/launix.de\/launix\/wp-content\/uploads\/2020\/11\/map-marker.png\" alt=\"\" class=\"wp-image-3952\"\/><\/figure><\/div>\n\n\n<h4 class=\"wp-block-heading has-text-align-center\">VISIT US IN<\/h4>\n\n\n\n<p class=\"has-text-align-center has-text-color\" style=\"color:#282828\">Liechtensteinstr. 17 in 02727 Ebersbach-Neugersdorf!<br>Train: Station \"Neugersdorf\", then walk uphill or take the bus<br>Bus: Haltestelle \u201eNeugersdorf Bismarckturm\u201c<br><\/p>\n<\/div><\/section>\n\n\n\n<div style=\"height:60px\" aria-hidden=\"true\" class=\"wp-block-spacer\"><\/div>\n\n\n\n<section class=\"wp-block-uagb-section uagb-section__wrap uagb-section__background-none uagb-block-52a9b01c uagb-section__background-undefined\" id=\"contact\"><div class=\"uagb-section__overlay\"><\/div><div class=\"uagb-section__inner-wrap\">\n<div class=\"wpcf7 no-js\" id=\"wpcf7-f3838-o1\" lang=\"en-US\" dir=\"ltr\" data-wpcf7-id=\"3838\">\n<div class=\"screen-reader-response\"><p role=\"status\" aria-live=\"polite\" aria-atomic=\"true\"><\/p> <ul><\/ul><\/div>\n<form action=\"\/launix\/en\/wp-json\/wp\/v2\/pages\/3832#wpcf7-f3838-o1\" method=\"post\" class=\"wpcf7-form init\" aria-label=\"Contact form\" novalidate=\"novalidate\" data-status=\"init\" data-trp-original-action=\"\/launix\/en\/wp-json\/wp\/v2\/pages\/3832#wpcf7-f3838-o1\">\n<fieldset class=\"hidden-fields-container\"><input type=\"hidden\" name=\"_wpcf7\" value=\"3838\" \/><input type=\"hidden\" name=\"_wpcf7_version\" value=\"6.1.5\" \/><input type=\"hidden\" name=\"_wpcf7_locale\" value=\"en_US\" \/><input type=\"hidden\" name=\"_wpcf7_unit_tag\" value=\"wpcf7-f3838-o1\" \/><input type=\"hidden\" name=\"_wpcf7_container_post\" value=\"0\" \/><input type=\"hidden\" name=\"_wpcf7_posted_data_hash\" value=\"\" \/>\n<\/fieldset>\n<p><span class=\"wpcf7-form-control-wrap\" data-name=\"your-name\"><input size=\"40\" maxlength=\"400\" class=\"wpcf7-form-control wpcf7-text\" aria-invalid=\"false\" placeholder=\"Name\" value=\"\" type=\"text\" name=\"your-name\" \/><\/span>\n<\/p>\n<p><span class=\"wpcf7-form-control-wrap\" data-name=\"your-email\"><input size=\"40\" maxlength=\"400\" class=\"wpcf7-form-control wpcf7-email wpcf7-text wpcf7-validates-as-email\" aria-invalid=\"false\" placeholder=\"E-Mail\" value=\"\" type=\"email\" name=\"your-email\" \/><\/span>\n<\/p>\n<p><span class=\"wpcf7-form-control-wrap\" data-name=\"your-phone\"><input size=\"40\" maxlength=\"400\" class=\"wpcf7-form-control wpcf7-text\" aria-invalid=\"false\" placeholder=\"Phone Number\" value=\"\" type=\"text\" name=\"your-phone\" \/><\/span>\n<\/p>\n<p><span class=\"wpcf7-form-control-wrap\" data-name=\"your-requirement\"><textarea cols=\"40\" rows=\"10\" maxlength=\"2000\" class=\"wpcf7-form-control wpcf7-textarea\" aria-invalid=\"false\" placeholder=\"Describe your requirements\" name=\"your-requirement\"><\/textarea><\/span>\n<\/p>\n<p><span class=\"wpcf7-form-control-wrap\" data-name=\"your-consent\"><span class=\"wpcf7-form-control wpcf7-acceptance\"><span class=\"wpcf7-list-item\"><label><input type=\"checkbox\" name=\"your-consent\" value=\"1\" aria-invalid=\"false\" \/><span class=\"wpcf7-list-item-label\">By proceeding, you aggree to our <a href=\"https:\/\/launix.de\/launix\/en\/impressum-datenschutz\/\" target=\"_blank\">Data Protection Policy<\/a><\/span><\/label><\/span><\/span><\/span>\n<\/p>\n<p><div id=\"cf7sr-69d3256bc3a02\" class=\"cf7sr-g-recaptcha\" data-theme=\"light\" data-type=\"image\" data-size=\"normal\" data-sitekey=\"6LdPLtoZAAAAAA0poRWX6sigbV5KdWLXDrm_If7w\"><\/div><span class=\"wpcf7-form-control-wrap cf7sr-recaptcha\" data-name=\"cf7sr-recaptcha\"><input type=\"hidden\" name=\"cf7sr-recaptcha\" value=\"\" class=\"wpcf7-form-control\"><\/span>\n<\/p>\n<p><input class=\"wpcf7-form-control wpcf7-submit has-spinner\" type=\"submit\" value=\"Get free consulting now\" \/>\n<\/p><div class=\"wpcf7-response-output\" aria-hidden=\"true\"><\/div>\n<input type=\"hidden\" name=\"trp-form-language\" value=\"en\"\/><\/form>\n<\/div>\n\n<\/div><\/section>\n\n\n\n<p><\/p>","protected":false},"excerpt":{"rendered":"","protected":false},"author":2,"featured_media":0,"parent":0,"menu_order":0,"comment_status":"closed","ping_status":"closed","template":"","meta":{"_editorskit_title_hidden":false,"_editorskit_reading_time":1,"_editorskit_is_block_options_detached":false,"_editorskit_block_options_position":"{}","_uag_custom_page_level_css":"","footnotes":""},"class_list":["post-3832","page","type-page","status-publish","hentry","page--item"],"featured_image_urls_v2":{"full":"","thumbnail":"","medium":"","medium_large":"","large":"","1536x1536":"","2048x2048":"","trp-custom-language-flag":"","xs-thumb":"","appku-shop-single":""},"post_excerpt_stackable_v2":"<p>In Kontakt treten Wir w\u00fcrden uns freuen, von Ihnen zu h\u00f6ren. Teilen Sie uns Ihre Gesch\u00e4ftsanforderungen mit und wir werden sicherstellen, dass eine funktionierende, effiziente L\u00f6sung gefunden wird. Kontakt E-Mail schreiben anwebkontakt@launix.de Telefon+49 3586 319 0000 Video-CallTermin vereinbaren BESUCHEN SIE UNS IN Liechtensteinstr. 17 in 02727 Ebersbach-Neugersdorf!Zug: Bahnhof \u201cNeugersdorf\u201c und dann bergauf laufen oder BusBus: Haltestelle \u201eNeugersdorf Bismarckturm\u201c Indem Sie fortfahren, akzeptieren Sie unsere Datenschutzerkl&auml;rung<\/p>\n","category_list_v2":"","author_info_v2":{"name":"Carl-Philip H\u00e4nsch","url":"https:\/\/launix.de\/launix\/en\/author\/carli\/"},"comments_num_v2":"0 comments","uagb_featured_image_src":{"full":false,"thumbnail":false,"medium":false,"medium_large":false,"large":false,"1536x1536":false,"2048x2048":false,"trp-custom-language-flag":false,"xs-thumb":false,"appku-shop-single":false},"uagb_author_info":{"display_name":"Carl-Philip H\u00e4nsch","author_link":"https:\/\/launix.de\/launix\/en\/author\/carli\/"},"uagb_comment_info":0,"uagb_excerpt":null,"_links":{"self":[{"href":"https:\/\/launix.de\/launix\/en\/wp-json\/wp\/v2\/pages\/3832","targetHints":{"allow":["GET"]}}],"collection":[{"href":"https:\/\/launix.de\/launix\/en\/wp-json\/wp\/v2\/pages"}],"about":[{"href":"https:\/\/launix.de\/launix\/en\/wp-json\/wp\/v2\/types\/page"}],"author":[{"embeddable":true,"href":"https:\/\/launix.de\/launix\/en\/wp-json\/wp\/v2\/users\/2"}],"replies":[{"embeddable":true,"href":"https:\/\/launix.de\/launix\/en\/wp-json\/wp\/v2\/comments?post=3832"}],"version-history":[{"count":12,"href":"https:\/\/launix.de\/launix\/en\/wp-json\/wp\/v2\/pages\/3832\/revisions"}],"predecessor-version":[{"id":8074,"href":"https:\/\/launix.de\/launix\/en\/wp-json\/wp\/v2\/pages\/3832\/revisions\/8074"}],"wp:attachment":[{"href":"https:\/\/launix.de\/launix\/en\/wp-json\/wp\/v2\/media?parent=3832"}],"curies":[{"name":"wp","href":"https:\/\/api.w.org\/{rel}","templated":true}]}}