{"id":3835,"date":"2020-09-07T17:49:29","date_gmt":"2020-09-07T17:49:29","guid":{"rendered":"http:\/\/launix.ikaira.96.lt\/?page_id=3628"},"modified":"2024-09-17T13:27:13","modified_gmt":"2024-09-17T11:27:13","slug":"impressum-datenschutz","status":"publish","type":"page","link":"https:\/\/launix.de\/launix\/en\/impressum-datenschutz\/","title":{"rendered":"Imprint, Data Protection"},"content":{"rendered":"<h2 class=\"wp-block-heading\">Impressum<\/h2>\n\n\n\n<p>Verantwortlich f\u00fcr Inhalte (nach \u00a75 TMG):<\/p>\n\n\n\n<p>Launix Inh. Carl-Philip H\u00e4nsch<br>Liechtensteinstr. 17<br>02727 Ebersbach-Neugersdorf<br>E-Mail: impr@launix.de<br>USt-IdNr.: DE285007269<\/p>\n\n\n\n<p>Haftungshinweis: Trotz sorgf\u00e4ltiger inhaltlicher Kontrolle \u00fcbernehmen wir keine Haftung f\u00fcr die Inhalte externer Links sowie iFrames. F\u00fcr den Inhalt der verlinkten, sowie eingebetteten Seiten sind ausschliesslich deren Betreiber verantwortlich.<\/p>\n\n\n\n<p>Nach \u00a728 BDSG widerspreche ich jeder kommerziellen Verwendung und Weitergabe meiner Daten.<br>Contact<\/p>\n\n\n\n<p>Telefon: +49 3586 319 00 00<\/p>\n\n\n\n<p>E-Mail: info@launix.de<\/p>\n\n\n\n<p>Fragen kostet nichts<\/p>\n\n\n\n<div style=\"height:100px\" aria-hidden=\"true\" class=\"wp-block-spacer\"><\/div>\n\n\n\n<h2 class=\"wp-block-heading\">Datenschutzerkl\u00e4rung<\/h2>\n\n\n\n<h3 class=\"wp-block-heading\">Geltungsbereich<\/h3>\n\n\n\n<p>Diese Datenschutzerkl\u00e4rung kl\u00e4rt Nutzer \u00fcber die Art, den Umfang und Zwecke der Erhebung und Verwendung personenbezogener Daten durch den verantwortlichen oben genannten Anbieter auf dieser Website (im folgenden \u201cAngebot\u201d) auf.<\/p>\n\n\n\n<p>Die rechtlichen Grundlagen des Datenschutzes finden sich im Bundesdatenschutzgesetz (BDSG) und dem Telemediengesetz (TMG).<\/p>\n\n\n\n<div style=\"height:100px\" aria-hidden=\"true\" class=\"wp-block-spacer\"><\/div>\n\n\n\n<h3 class=\"wp-block-heading\">Zugriffsdaten\/ Server-Logfiles<\/h3>\n\n\n\n<p>Der Anbieter (beziehungsweise sein Webspace-Provider) erhebt Daten \u00fcber jeden Zugriff auf das Angebot (so genannte Serverlogfiles). Zu den Zugriffsdaten geh\u00f6ren:<br>Name der abgerufenen Webseite, Datei, Datum und Uhrzeit des Abrufs, \u00fcbertragene Datenmenge, Meldung \u00fcber erfolgreichen Abruf, Browsertyp nebst Version, das Betriebssystem des Nutzers, Referrer URL (die zuvor besuchte Seite), IP-Adresse und der anfragende Provider.<\/p>\n\n\n\n<p>Der Anbieter verwendet die Protokolldaten nur f\u00fcr statistische Auswertungen zum Zweck des Betriebs, der Sicherheit und der Optimierung des Angebotes. Der Anbieterbeh\u00e4lt sich jedoch vor, die Protokolldaten nachtr\u00e4glich zu \u00fcberpr\u00fcfen, wenn aufgrund konkreter Anhaltspunkte der berechtigte Verdacht einer rechtswidrigen Nutzung besteht.<\/p>\n\n\n\n<div style=\"height:100px\" aria-hidden=\"true\" class=\"wp-block-spacer\"><\/div>\n\n\n\n<h3 class=\"wp-block-heading\">Einbindung von Diensten und Inhalten Dritter<\/h3>\n\n\n\n<p>Es kann vorkommen, dass innerhalb dieses Onlineangebotes Inhalte Dritter, wie zum Beispiel Videos von YouTube, Kartenmaterial von Google-Maps, RSS-Feeds oder Grafiken von anderen Webseiten eingebunden werden. Dies setzt immer voraus, dass die Anbieter dieser Inhalte (nachfolgend bezeichnet als \u201eDritt-Anbieter\u201c) die IP-Adresse der Nutzer wahr nehmen. Denn ohne die IP-Adresse, k\u00f6nnten sie die Inhalte nicht an den Browser des jeweiligen Nutzers senden. Die IP-Adresse ist damit f\u00fcr die Darstellung dieser Inhalte erforderlich. Wir bem\u00fchen uns nur solche Inhalte zu verwenden, deren jeweilige Anbieter die IP-Adresse lediglich zur Auslieferung der Inhalte verwenden. Jedoch haben wir keinen Einfluss darauf, falls die Dritt-Anbieter die IP-Adresse z.B. f\u00fcr statistische Zwecke speichern. Soweit dies uns bekannt ist, kl\u00e4ren wir die Nutzer dar\u00fcber auf.<\/p>\n\n\n\n<div style=\"height:100px\" aria-hidden=\"true\" class=\"wp-block-spacer\"><\/div>\n\n\n\n<h3 class=\"wp-block-heading\">Analysedienste<\/h3>\n\n\n\n<p>Unsere Website verwendet Piwik, dabei handelt es sich um einen sogenannten Webanalysedienst. Piwik verwendet sog. \u201eCookies\u201c, das sind Textdateien, die auf Ihrem Computer gespeichert werden und die unsererseits eine Analyse der Benutzung der Webseite erm\u00f6glichen. Zu diesem Zweck werden die durch den Cookie erzeugten Nutzungsinformationen (einschlie\u00dflich Ihrer gek\u00fcrzten IP-Adresse) an unseren Server \u00fcbertragen und zu Nutzungsanalysezwecken gespeichert, was der Webseitenoptimierung unsererseits dient. Ihre IP-Adresse wird bei diesem Vorgang umge\u00adhend anony\u00admi\u00adsiert, so dass Sie als Nutzer f\u00fcr uns anonym bleiben. Die durch den Cookie erzeugten Informationen \u00fcber Ihre Benutzung dieser Webseite werden nicht an Dritte weitergegeben. Sie k\u00f6nnen die Verwendung der Cookies durch eine entsprechende Einstellung Ihrer Browser Software verhindern, es kann jedoch sein, dass Sie in diesem Fall gegebenenfalls nicht s\u00e4mtliche Funktionen dieser Website voll umf\u00e4nglich nutzen k\u00f6nnen.<\/p>\n\n\n\n<p>Wenn Sie mit der Spei\u00adche\u00adrung und Aus\u00adwer\u00adtung die\u00adser Daten aus Ihrem Besuch nicht ein\u00adver\u00adstan\u00adden sind, dann k\u00f6n\u00adnen Sie der Spei\u00adche\u00adrung und Nut\u00adzung nachfolgend per Maus\u00adklick jederzeit wider\u00adspre\u00adchen, indem Sie die Do-Not-Track-Einstellung in Ihrem Browser vornehmen.<\/p>\n\n\n\n<div style=\"height:100px\" aria-hidden=\"true\" class=\"wp-block-spacer\"><\/div>\n\n\n\n<h2 class=\"wp-block-heading\">OneSignal<\/h2>\n\n\n\n<p>Auf unseren Webseiten nutzen wir den Dienst der Firma OneSignal Inc., 2194 Esperanca Avenue, Santa Clara, CA 95054 (im Folgenden \u201eOneSignal\u201c), um Ihnen Push-Nachrichten zu senden, sofern Sie deren Empfang zugestimmt haben.Durch die Nutzung von OneSignal werden bestimmte Daten (wie beispielsweise Ihre IP-Adresse) zu OneSignal \u00fcbertragen und verarbeitet.<br>Die Verarbeitung Ihrer Daten erfolgt auf Grundlage Ihrer Einwilligung gem. Art. 6 Abs. 1 lit. a DSGVO. Sie sind jederzeit berechtigt, den Empfang von Push-Nachrichten wieder abzulehnen.<\/p>\n\n\n\n<p>N\u00e4here Informationen finden Sie in der Datenschutzrichtlinie von OneSignal:&nbsp;<a href=\"https:\/\/onesignal.com\/privacy_policy\">https:\/\/onesignal.com\/privacy_policy<\/a><\/p>\n\n\n\n<div style=\"height:100px\" aria-hidden=\"true\" class=\"wp-block-spacer\"><\/div>\n\n\n\n<h3 class=\"wp-block-heading\">Widerruf, \u00c4nderungen, Berichtigungen und Aktualisierungen<\/h3>\n\n\n\n<p>Der Nutzer hat das Recht, auf Antrag unentgeltlich Auskunft zu erhalten \u00fcber die personenbezogenen Daten, die \u00fcber ihn gespeichert wurden. Zus\u00e4tzlich hat der Nutzer das Recht auf Berichtigung unrichtiger Daten, Sperrung und L\u00f6schung seiner personenbezogenen Daten, soweit dem keine gesetzliche Aufbewahrungspflicht entgegensteht.<\/p>\n\n\n\n<p><a href=\"http:\/\/rechtsanwalt-schwenke.de\/smmr-buch\/datenschutz-muster-generator-fuer-webseiten-blogs-und-social-media\/\">Datenschutz-Muster von Rechtsanwalt Thomas Schwenke \u2013<\/a>&nbsp;I LAW it<\/p>\n\n\n\n<div style=\"height:100px\" aria-hidden=\"true\" class=\"wp-block-spacer\"><\/div>","protected":false},"excerpt":{"rendered":"<p>Impressum Verantwortlich f\u00fcr Inhalte (nach \u00a75 TMG): Launix Inh. Carl-Philip H\u00e4nschLiechtensteinstr. 1702727 Ebersbach-NeugersdorfE-Mail: impr@launix.deUSt-IdNr.: DE285007269 Haftungshinweis: Trotz sorgf\u00e4ltiger inhaltlicher Kontrolle \u00fcbernehmen wir keine Haftung f\u00fcr die Inhalte externer Links sowie iFrames. F\u00fcr den Inhalt der verlinkten, sowie eingebetteten Seiten sind ausschliesslich deren Betreiber verantwortlich. Nach \u00a728 BDSG widerspreche ich jeder kommerziellen Verwendung und Weitergabe meiner&#8230;<\/p>","protected":false},"author":2,"featured_media":0,"parent":0,"menu_order":0,"comment_status":"closed","ping_status":"closed","template":"","meta":{"_editorskit_title_hidden":false,"_editorskit_reading_time":3,"_editorskit_is_block_options_detached":false,"_editorskit_block_options_position":"{}","_uag_custom_page_level_css":"","footnotes":""},"class_list":["post-3835","page","type-page","status-publish","hentry","page--item"],"featured_image_urls_v2":{"full":"","thumbnail":"","medium":"","medium_large":"","large":"","1536x1536":"","2048x2048":"","trp-custom-language-flag":"","xs-thumb":"","appku-shop-single":""},"post_excerpt_stackable_v2":"<p>Impressum Verantwortlich f\u00fcr Inhalte (nach \u00a75 TMG): Launix Inh. Carl-Philip H\u00e4nschLiechtensteinstr. 1702727 Ebersbach-NeugersdorfE-Mail: impr@launix.deUSt-IdNr.: DE285007269 Haftungshinweis: Trotz sorgf\u00e4ltiger inhaltlicher Kontrolle \u00fcbernehmen wir keine Haftung f\u00fcr die Inhalte externer Links sowie iFrames. F\u00fcr den Inhalt der verlinkten, sowie eingebetteten Seiten sind ausschliesslich deren Betreiber verantwortlich. Nach \u00a728 BDSG widerspreche ich jeder kommerziellen Verwendung und Weitergabe meiner Daten.Kontakt Telefon: +49 3586 319 00 00 E-Mail: info@launix.de Fragen kostet nichts Datenschutzerkl\u00e4rung Geltungsbereich Diese Datenschutzerkl\u00e4rung kl\u00e4rt Nutzer \u00fcber die Art, den Umfang und Zwecke der Erhebung und Verwendung personenbezogener Daten durch den verantwortlichen oben genannten Anbieter auf dieser Website (im folgenden \u201cAngebot\u201d) auf. Die&hellip;<\/p>\n","category_list_v2":"","author_info_v2":{"name":"Carl-Philip H\u00e4nsch","url":"https:\/\/launix.de\/launix\/en\/author\/carli\/"},"comments_num_v2":"0 comments","uagb_featured_image_src":{"full":false,"thumbnail":false,"medium":false,"medium_large":false,"large":false,"1536x1536":false,"2048x2048":false,"trp-custom-language-flag":false,"xs-thumb":false,"appku-shop-single":false},"uagb_author_info":{"display_name":"Carl-Philip H\u00e4nsch","author_link":"https:\/\/launix.de\/launix\/en\/author\/carli\/"},"uagb_comment_info":0,"uagb_excerpt":"Impressum Verantwortlich f\u00fcr Inhalte (nach \u00a75 TMG): Launix Inh. Carl-Philip H\u00e4nschLiechtensteinstr. 1702727 Ebersbach-NeugersdorfE-Mail: impr@launix.deUSt-IdNr.: DE285007269 Haftungshinweis: Trotz sorgf\u00e4ltiger inhaltlicher Kontrolle \u00fcbernehmen wir keine Haftung f\u00fcr die Inhalte externer Links sowie iFrames. F\u00fcr den Inhalt der verlinkten, sowie eingebetteten Seiten sind ausschliesslich deren Betreiber verantwortlich. Nach \u00a728 BDSG widerspreche ich jeder kommerziellen Verwendung und Weitergabe meiner...","_links":{"self":[{"href":"https:\/\/launix.de\/launix\/en\/wp-json\/wp\/v2\/pages\/3835","targetHints":{"allow":["GET"]}}],"collection":[{"href":"https:\/\/launix.de\/launix\/en\/wp-json\/wp\/v2\/pages"}],"about":[{"href":"https:\/\/launix.de\/launix\/en\/wp-json\/wp\/v2\/types\/page"}],"author":[{"embeddable":true,"href":"https:\/\/launix.de\/launix\/en\/wp-json\/wp\/v2\/users\/2"}],"replies":[{"embeddable":true,"href":"https:\/\/launix.de\/launix\/en\/wp-json\/wp\/v2\/comments?post=3835"}],"version-history":[{"count":1,"href":"https:\/\/launix.de\/launix\/en\/wp-json\/wp\/v2\/pages\/3835\/revisions"}],"predecessor-version":[{"id":6447,"href":"https:\/\/launix.de\/launix\/en\/wp-json\/wp\/v2\/pages\/3835\/revisions\/6447"}],"wp:attachment":[{"href":"https:\/\/launix.de\/launix\/en\/wp-json\/wp\/v2\/media?parent=3835"}],"curies":[{"name":"wp","href":"https:\/\/api.w.org\/{rel}","templated":true}]}}