{"id":5028,"date":"2023-04-08T10:14:44","date_gmt":"2023-04-08T08:14:44","guid":{"rendered":"https:\/\/launix.de\/launix\/?page_id=5028"},"modified":"2023-06-05T17:03:50","modified_gmt":"2023-06-05T15:03:50","slug":"kurs","status":"publish","type":"page","link":"https:\/\/launix.de\/launix\/en\/kurs\/","title":{"rendered":"\u00dcberwinden Sie die Grenzen des Wachstums"},"content":{"rendered":"<p>Guten Tag, liebe Unternehmer. Ich bin Mister Launix und ich m\u00f6chte mit Ihnen heute \u00fcber ein wichtiges Thema sprechen: die Grenzen des Wachstums.<\/p>\n\n\n\n<figure class=\"wp-block-embed is-type-video is-provider-youtube wp-block-embed-youtube wp-embed-aspect-16-9 wp-has-aspect-ratio\"><div class=\"wp-block-embed__wrapper\">\n<iframe loading=\"lazy\" title=\"\u00dcberwinden Sie die Grenzen des Wachstums\" width=\"751\" height=\"422\" src=\"https:\/\/www.youtube.com\/embed\/G9nmQGh9fek?feature=oembed\" frameborder=\"0\" allow=\"accelerometer; autoplay; clipboard-write; encrypted-media; gyroscope; picture-in-picture; web-share\" referrerpolicy=\"strict-origin-when-cross-origin\" allowfullscreen><\/iframe>\n<\/div><\/figure>\n\n\n\n<p>Wussten Sie, dass 90% aller Unternehmen ihre eigene <strong>Wachstums-Grenze<\/strong> nicht \u00fcberwinden k\u00f6nnen? Es ist wie ein Gef\u00e4ngnis. Jeder Versuch, weiter zu wachsen f\u00fchrt zu einer Unternehmenskrise und man schrumpft danach wieder auf seine alte Gr\u00f6\u00dfe zur\u00fcck. Die meisten Unternehmer wissen, wie man verkaufen kann, aber sie haben Schwierigkeiten damit, ihre Unternehmen so zu strukturieren, dass sie wachsen k\u00f6nnen. Das bedeutet, dass sie auf der Stelle treten und ihr volles Potenzial nicht aussch\u00f6pfen.<\/p>\n\n\n\n<figure class=\"wp-block-image size-large is-style-default\"><a href=\"https:\/\/launix.de\/launix\/wp-content\/uploads\/2023\/04\/infografik-3.png\"><img loading=\"lazy\" decoding=\"async\" width=\"1024\" height=\"635\" src=\"https:\/\/launix.de\/launix\/wp-content\/uploads\/2023\/04\/infografik-3-1024x635.png\" alt=\"\" class=\"wp-image-5045\" srcset=\"https:\/\/launix.de\/launix\/wp-content\/uploads\/2023\/04\/infografik-3-1024x635.png 1024w, https:\/\/launix.de\/launix\/wp-content\/uploads\/2023\/04\/infografik-3-300x186.png 300w, https:\/\/launix.de\/launix\/wp-content\/uploads\/2023\/04\/infografik-3-768x476.png 768w, https:\/\/launix.de\/launix\/wp-content\/uploads\/2023\/04\/infografik-3-600x372.png 600w, https:\/\/launix.de\/launix\/wp-content\/uploads\/2023\/04\/infografik-3-1536x952.png 1536w, https:\/\/launix.de\/launix\/wp-content\/uploads\/2023\/04\/infografik-3-2048x1270.png 2048w\" sizes=\"auto, (max-width: 1024px) 100vw, 1024px\" \/><\/a><\/figure>\n\n\n\n<p>Die erste Grenze ist, dass der Unternehmer alleine arbeitet und <strong>Mitarbeiter<\/strong> einstellen muss, die aber nicht so wie er mit Schwei\u00dfblut und Engagement am Unternehmen arbeiten, sondern einfach Angestellte sind. Sie m\u00fcssen wahrscheinlich erst einmal komplett \u00fcberarbeiten, welche Leistungen und Produkte Sie mit Ihrem Unternehmen anbieten. Sie k\u00f6nnen nicht mehr alles verkaufen, das Sie selbst k\u00f6nnen, sondern sich so einschr\u00e4nken, dass auch alle Leistungen durch Mitarbeiter erlernt werden k\u00f6nnen. Ansonsten machen Sie die Arbeit n\u00e4mlich alleine und die Mitarbeiter schauen nur zu.<\/p>\n\n\n\n<p>Die zweite Grenze ist, dass der Unternehmer 1-5, vielleicht auch 25 Mitarbeiter hat. Aber irgendwann schafft er es nicht mehr, diese Mitarbeiter alle pers\u00f6nlich zu f\u00fchren. Er muss Verantwortung abgeben und sich ausgew\u00e4hlte Mitarbeiter zu <strong>F\u00fchrungskr\u00e4ften<\/strong> heranziehen.<\/p>\n\n\n\n<h2 class=\"wp-block-heading\">Grenzen \u00fcberwinden mit der richtigen Unternehmensstruktur<\/h2>\n\n\n\n<p>Doch egal, ob in Stufe 1, 2 oder 3: Mit einem Launix-System k\u00f6nnen Sie die <strong>notwendigen Strukturen schaffen<\/strong>, um wachsen zu k\u00f6nnen. Wir haben egal in welcher Stufe Sie sich befinden die passende <strong>Software-L\u00f6sung<\/strong>, die Ihnen sowohl Struktur schafft, als auch Sie erm\u00e4chtigt, eigene Strukturen zu etablieren.<\/p>\n\n\n\n<p>Ich m\u00f6chte Sie gerne zum Umstieg auf ein Launix-System bewegen. Dazu schenke ich Ihnen eine 6-monatige Testphase, in der Sie sich auf unser System einstellen k\u00f6nnen. Dieses Geschenk macht aber nur Sinn, wenn Sie sich vorher ausreichend mit Ihrem Unternehmen und unserer Philosophie auseinandergesetzt haben. Tragen Sie sich deshalb jetzt in unseren <strong>Unternehmen-Wachstums-Kurs <\/strong>ein. Dort werden wir Ihnen zeigen, wie Sie unser System am besten nutzen k\u00f6nnen, um Ihr Unternehmen effektiv zu strukturieren und zu wachsen.<\/p>\n\n\n\n<h2 class=\"wp-block-heading\">Unser kostenloser Online-Kurs<\/h2>\n\n\n\n<p>Gliederung:<\/p>\n\n\n\n<ol class=\"wp-block-list\">\n<li>Interne Struktur des Unternehmens\n<ol class=\"is-style-arrow wp-block-list\">\n<li><a aria-label=\"Ziel-Unternehmensstruktur (opens in a new tab)\" href=\"https:\/\/youtube.com\/shorts\/stPVvCw6-Mg\" target=\"_blank\" rel=\"noreferrer noopener\" class=\"ek-link\">Ziel-Unternehmensstruktur (Short)<\/a> <\/li>\n\n\n\n<li><a aria-label=\"Beispiel: Aufbau einer Abteilung (opens in a new tab)\" href=\"https:\/\/www.youtube.com\/shorts\/tXohmTJiKDE\" target=\"_blank\" rel=\"noreferrer noopener\" class=\"ek-link\">Beispiel: Aufbau einer Abteilung (Short)<\/a><\/li>\n\n\n\n<li><a href=\"https:\/\/www.youtube.com\/shorts\/POUrUM-X3XM\" target=\"_blank\" aria-label=\"Beispiel: Aufbau des Vertriebsablaufs (Short) (opens in a new tab)\" rel=\"noreferrer noopener\" class=\"ek-link\">Beispiel: Aufbau des Vertriebsablaufs (Short)<\/a><\/li>\n<\/ol>\n<\/li>\n\n\n\n<li>Marketing<\/li>\n\n\n\n<li>Software-Typen\n<ul class=\"wp-block-list\">\n<li><a href=\"https:\/\/launix.de\/launix\/en\/was-ist-ein-crm\/\" target=\"_blank\" aria-label=\"CRM (opens in a new tab)\" rel=\"noreferrer noopener\" class=\"ek-link\">CRM<\/a><\/li>\n\n\n\n<li>ERP<\/li>\n\n\n\n<li>MES<\/li>\n\n\n\n<li>DMS<\/li>\n\n\n\n<li>HR<\/li>\n<\/ul>\n<\/li>\n<\/ol>\n\n\n\n<h2 class=\"wp-block-heading\">Bleiben Sie Up-To-Date<\/h2>\n\n\n\n<p>Tragen Sie hier unten Ihre <strong>E-Mail-Adresse<\/strong> ein und erhalten sofort alle Neuerungen an unseren Materialien oder treten einfach so mit uns in Kontakt. Ich freue mich darauf, mit Ihnen zusammenzuarbeiten und Ihnen dabei zu helfen, Ihre Unternehmensziele zu erreichen.<\/p>\n\n\n\n<div class=\"wp-block-contact-form-7-contact-form-selector\">\n<div class=\"wpcf7 no-js\" id=\"wpcf7-f5029-o1\" lang=\"de-DE\" dir=\"ltr\" data-wpcf7-id=\"5029\">\n<div class=\"screen-reader-response\"><p role=\"status\" aria-live=\"polite\" aria-atomic=\"true\"><\/p> <ul><\/ul><\/div>\n<form action=\"\/launix\/en\/wp-json\/wp\/v2\/pages\/5028#wpcf7-f5029-o1\" method=\"post\" class=\"wpcf7-form init\" aria-label=\"Kontaktformular\" novalidate=\"novalidate\" data-status=\"init\" data-trp-original-action=\"\/launix\/en\/wp-json\/wp\/v2\/pages\/5028#wpcf7-f5029-o1\">\n<fieldset class=\"hidden-fields-container\"><input type=\"hidden\" name=\"_wpcf7\" value=\"5029\" \/><input type=\"hidden\" name=\"_wpcf7_version\" value=\"6.1.5\" \/><input type=\"hidden\" name=\"_wpcf7_locale\" value=\"de_DE\" \/><input type=\"hidden\" name=\"_wpcf7_unit_tag\" value=\"wpcf7-f5029-o1\" \/><input type=\"hidden\" name=\"_wpcf7_container_post\" value=\"0\" \/><input type=\"hidden\" name=\"_wpcf7_posted_data_hash\" value=\"\" \/>\n<\/fieldset>\n<p><label> Name<br \/>\n<span class=\"wpcf7-form-control-wrap\" data-name=\"your-name\"><input size=\"40\" maxlength=\"400\" class=\"wpcf7-form-control wpcf7-text wpcf7-validates-as-required\" aria-required=\"true\" aria-invalid=\"false\" value=\"\" type=\"text\" name=\"your-name\" \/><\/span> <\/label>\n<\/p>\n<p><label> E-Mail-Adresse<br \/>\n<span class=\"wpcf7-form-control-wrap\" data-name=\"your-email\"><input size=\"40\" maxlength=\"400\" class=\"wpcf7-form-control wpcf7-email wpcf7-validates-as-required wpcf7-text wpcf7-validates-as-email\" aria-required=\"true\" aria-invalid=\"false\" value=\"\" type=\"email\" name=\"your-email\" \/><\/span> <\/label>\n<\/p>\n<p><label> Firma<br \/>\n<span class=\"wpcf7-form-control-wrap\" data-name=\"your-company\"><input size=\"40\" maxlength=\"400\" class=\"wpcf7-form-control wpcf7-text wpcf7-validates-as-required\" aria-required=\"true\" aria-invalid=\"false\" value=\"\" type=\"text\" name=\"your-company\" \/><\/span> <\/label>\n<\/p>\n<p><label> Anmerkungen (optional)<br \/>\n<span class=\"wpcf7-form-control-wrap\" data-name=\"your-message\"><textarea cols=\"40\" rows=\"10\" maxlength=\"2000\" class=\"wpcf7-form-control wpcf7-textarea\" aria-invalid=\"false\" name=\"your-message\"><\/textarea><\/span> <\/label>\n<\/p>\n<p><div id=\"cf7sr-69ebd8b3d415e\" class=\"cf7sr-g-recaptcha\" data-theme=\"light\" data-type=\"image\" data-size=\"normal\" data-sitekey=\"6LdPLtoZAAAAAA0poRWX6sigbV5KdWLXDrm_If7w\"><\/div><span class=\"wpcf7-form-control-wrap cf7sr-recaptcha\" data-name=\"cf7sr-recaptcha\"><input type=\"hidden\" name=\"cf7sr-recaptcha\" value=\"\" class=\"wpcf7-form-control\"><\/span>\n<\/p>\n<p><input class=\"wpcf7-form-control wpcf7-submit has-spinner\" type=\"submit\" value=\"Kostenlos am Online-Kurs teilnehmen und einen 900\u20ac-Gutschein erhalten\" \/>\n<\/p><div class=\"wpcf7-response-output\" aria-hidden=\"true\"><\/div>\n<input type=\"hidden\" name=\"trp-form-language\" value=\"en\"\/><\/form>\n<\/div>\n<\/div>","protected":false},"excerpt":{"rendered":"<p>Guten Tag, liebe Unternehmer. Ich bin Mister Launix und ich m\u00f6chte mit Ihnen heute \u00fcber ein wichtiges Thema sprechen: die Grenzen des Wachstums. Wussten Sie, dass 90% aller Unternehmen ihre eigene Wachstums-Grenze nicht \u00fcberwinden k\u00f6nnen? Es ist wie ein Gef\u00e4ngnis. Jeder Versuch, weiter zu wachsen f\u00fchrt zu einer Unternehmenskrise und man schrumpft danach wieder auf&#8230;<\/p>","protected":false},"author":2,"featured_media":0,"parent":0,"menu_order":0,"comment_status":"closed","ping_status":"closed","template":"","meta":{"_editorskit_title_hidden":false,"_editorskit_reading_time":2,"_editorskit_is_block_options_detached":false,"_editorskit_block_options_position":"{}","_uag_custom_page_level_css":"","footnotes":""},"class_list":["post-5028","page","type-page","status-publish","hentry","page--item"],"featured_image_urls_v2":{"full":"","thumbnail":"","medium":"","medium_large":"","large":"","1536x1536":"","2048x2048":"","trp-custom-language-flag":"","xs-thumb":"","appku-shop-single":""},"post_excerpt_stackable_v2":"<p>Guten Tag, liebe Unternehmer. Ich bin Mister Launix und ich m\u00f6chte mit Ihnen heute \u00fcber ein wichtiges Thema sprechen: die Grenzen des Wachstums. Wussten Sie, dass 90% aller Unternehmen ihre eigene Wachstums-Grenze nicht \u00fcberwinden k\u00f6nnen? Es ist wie ein Gef\u00e4ngnis. Jeder Versuch, weiter zu wachsen f\u00fchrt zu einer Unternehmenskrise und man schrumpft danach wieder auf seine alte Gr\u00f6\u00dfe zur\u00fcck. Die meisten Unternehmer wissen, wie man verkaufen kann, aber sie haben Schwierigkeiten damit, ihre Unternehmen so zu strukturieren, dass sie wachsen k\u00f6nnen. Das bedeutet, dass sie auf der Stelle treten und ihr volles Potenzial nicht aussch\u00f6pfen. Die erste Grenze ist, dass&hellip;<\/p>\n","category_list_v2":"","author_info_v2":{"name":"Carl-Philip H\u00e4nsch","url":"https:\/\/launix.de\/launix\/en\/author\/carli\/"},"comments_num_v2":"0 comments","uagb_featured_image_src":{"full":false,"thumbnail":false,"medium":false,"medium_large":false,"large":false,"1536x1536":false,"2048x2048":false,"trp-custom-language-flag":false,"xs-thumb":false,"appku-shop-single":false},"uagb_author_info":{"display_name":"Carl-Philip H\u00e4nsch","author_link":"https:\/\/launix.de\/launix\/en\/author\/carli\/"},"uagb_comment_info":0,"uagb_excerpt":"Guten Tag, liebe Unternehmer. Ich bin Mister Launix und ich m\u00f6chte mit Ihnen heute \u00fcber ein wichtiges Thema sprechen: die Grenzen des Wachstums. Wussten Sie, dass 90% aller Unternehmen ihre eigene Wachstums-Grenze nicht \u00fcberwinden k\u00f6nnen? Es ist wie ein Gef\u00e4ngnis. Jeder Versuch, weiter zu wachsen f\u00fchrt zu einer Unternehmenskrise und man schrumpft danach wieder auf...","_links":{"self":[{"href":"https:\/\/launix.de\/launix\/en\/wp-json\/wp\/v2\/pages\/5028","targetHints":{"allow":["GET"]}}],"collection":[{"href":"https:\/\/launix.de\/launix\/en\/wp-json\/wp\/v2\/pages"}],"about":[{"href":"https:\/\/launix.de\/launix\/en\/wp-json\/wp\/v2\/types\/page"}],"author":[{"embeddable":true,"href":"https:\/\/launix.de\/launix\/en\/wp-json\/wp\/v2\/users\/2"}],"replies":[{"embeddable":true,"href":"https:\/\/launix.de\/launix\/en\/wp-json\/wp\/v2\/comments?post=5028"}],"version-history":[{"count":11,"href":"https:\/\/launix.de\/launix\/en\/wp-json\/wp\/v2\/pages\/5028\/revisions"}],"predecessor-version":[{"id":5140,"href":"https:\/\/launix.de\/launix\/en\/wp-json\/wp\/v2\/pages\/5028\/revisions\/5140"}],"wp:attachment":[{"href":"https:\/\/launix.de\/launix\/en\/wp-json\/wp\/v2\/media?parent=5028"}],"curies":[{"name":"wp","href":"https:\/\/api.w.org\/{rel}","templated":true}]}}