{"id":5822,"date":"2023-12-18T22:06:03","date_gmt":"2023-12-18T21:06:03","guid":{"rendered":"https:\/\/launix.de\/launix\/?page_id=5822"},"modified":"2023-12-21T15:36:02","modified_gmt":"2023-12-21T14:36:02","slug":"erpl-family","status":"publish","type":"page","link":"https:\/\/launix.de\/launix\/en\/erpl-family\/","title":{"rendered":"Herzlich Willkommen zu ERPL FAMILY"},"content":{"rendered":"<figure class=\"wp-block-image alignwide size-large\"><a href=\"https:\/\/launix.de\/launix\/wp-content\/uploads\/2023\/12\/mittlere-schuss-eltern-sitzen-mit-kind.jpg\"><img loading=\"lazy\" decoding=\"async\" width=\"7952\" height=\"4473\" src=\"https:\/\/launix.de\/launix\/wp-content\/uploads\/2023\/12\/mittlere-schuss-eltern-sitzen-mit-kind-edited.jpg\" alt=\"\" class=\"wp-image-5835\" srcset=\"https:\/\/launix.de\/launix\/wp-content\/uploads\/2023\/12\/mittlere-schuss-eltern-sitzen-mit-kind-edited.jpg 7952w, https:\/\/launix.de\/launix\/wp-content\/uploads\/2023\/12\/mittlere-schuss-eltern-sitzen-mit-kind-edited-300x169.jpg 300w, https:\/\/launix.de\/launix\/wp-content\/uploads\/2023\/12\/mittlere-schuss-eltern-sitzen-mit-kind-edited-1024x576.jpg 1024w, https:\/\/launix.de\/launix\/wp-content\/uploads\/2023\/12\/mittlere-schuss-eltern-sitzen-mit-kind-edited-768x432.jpg 768w, https:\/\/launix.de\/launix\/wp-content\/uploads\/2023\/12\/mittlere-schuss-eltern-sitzen-mit-kind-edited-1536x864.jpg 1536w, https:\/\/launix.de\/launix\/wp-content\/uploads\/2023\/12\/mittlere-schuss-eltern-sitzen-mit-kind-edited-18x10.jpg 18w\" sizes=\"auto, (max-width: 7952px) 100vw, 7952px\" \/><\/a><\/figure>\n\n\n\n<div style=\"height:68px\" aria-hidden=\"true\" class=\"wp-block-spacer\"><\/div>\n\n\n\n<p>In der heutigen hektischen Welt wird die Organisation des Familienlebens zunehmend anspruchsvoller. Aber keine Sorge, genau daf\u00fcr haben wir ERPL Family entwickelt! Tauche ein in eine innovative L\u00f6sung, die nicht nur Ordnung in deine Familienplanung bringt, sondern dir auch mehr Zeit f\u00fcr die wirklich wichtigen Dinge im Leben schenkt. ERPL Family bietet dir die M\u00f6glichkeiten, von einem Smarten Dokumentenmanagement bis hin zu einem Geburtstagsplaner. <\/p>\n\n\n\n<p>Herzlich willkommen bei ERPL Family \u2013 deinem ERP f\u00fcr die ganze Familie!<\/p>\n\n\n\n<div style=\"height:54px\" aria-hidden=\"true\" class=\"wp-block-spacer\"><\/div>\n\n\n\n<div class=\"wp-block-stackable-button-group stk-block-button-group stk-block stk-a782cf6\" data-block-id=\"a782cf6\"><div class=\"stk-row stk-inner-blocks has-text-align-center stk-block-content stk-button-group\">\n<div class=\"wp-block-stackable-button stk-block-button stk-block stk-1389b63\" data-block-id=\"1389b63\"><style>.stk-1389b63 .stk-button{background:#f3912a !important;border-top-left-radius:15px !important;border-top-right-radius:15px !important;border-bottom-right-radius:15px !important;border-bottom-left-radius:15px !important}.stk-1389b63 .stk-button:before{box-shadow:0 5px 30px -10px rgba(18,63,82,0.3) !important}.stk-1389b63 .stk-button .stk--inner-svg svg:last-child,.stk-1389b63 .stk-button .stk--inner-svg svg:last-child :is(g,path,rect,polygon,ellipse){fill:#f3912a !important}<\/style><a class=\"stk-link stk-button stk--hover-effect-scale\" href=\"https:\/\/family.launix.de\" target=\"_blank\" rel=\"noreferrer noopener\"><span class=\"stk-button__inner-text\"><strong>JETZT KOSTENLOS SICHERN<\/strong><\/span><\/a><\/div>\n<\/div><\/div>\n\n\n\n<div style=\"height:54px\" aria-hidden=\"true\" class=\"wp-block-spacer\"><\/div>\n\n\n\n<!--more-->\n\n\n\n<h3 class=\"wp-block-heading\">Funktions\u00fcbersicht<\/h3>\n\n\n\n<div style=\"height:54px\" aria-hidden=\"true\" class=\"wp-block-spacer\"><\/div>\n\n\n\n<div class=\"wp-block-columns is-layout-flex wp-container-core-columns-is-layout-9d6595d7 wp-block-columns-is-layout-flex\">\n<div class=\"wp-block-column is-layout-flow wp-block-column-is-layout-flow\">\n<h5 class=\"wp-block-heading\">Dokumentenmanagement<\/h5>\n\n\n\n<div style=\"height:26px\" aria-hidden=\"true\" class=\"wp-block-spacer\"><\/div>\n\n\n\n<p>Verabschiede dich von l\u00e4stigem Papierkram! Unser intelligentes Dokumentenmanagement-System (DMS) erm\u00f6glicht es dir, wichtige Unterlagen digital zu organisieren und jederzeit griffbereit zu haben.<\/p>\n<\/div>\n\n\n\n<div class=\"wp-block-column is-layout-flow wp-block-column-is-layout-flow\">\n<h5 class=\"wp-block-heading\">Geburtstagsplaner<\/h5>\n\n\n\n<div style=\"height:26px\" aria-hidden=\"true\" class=\"wp-block-spacer\"><\/div>\n\n\n\n<p>Nie wieder einen Geburtstag vergessen! Mit dem ERPL Family Geburtstagsplaner bleibst du stets auf dem Laufenden und kannst rechtzeitig die perfekten \u00dcberraschungen f\u00fcr deine Liebsten planen.<\/p>\n<\/div>\n\n\n\n<div class=\"wp-block-column is-layout-flow wp-block-column-is-layout-flow\">\n<h4 class=\"wp-block-heading\">Terminkalender (coming soon)<\/h4>\n\n\n\n<div style=\"height:26px\" aria-hidden=\"true\" class=\"wp-block-spacer\"><\/div>\n\n\n\n<p>Vereinfache die Organisation von Familienaktivit\u00e4ten! Unser \u00fcbersichtlicher Terminkalender hilft dir, alle Termine im Blick zu behalten und sorgt f\u00fcr eine reibungslose Koordination der famili\u00e4ren Abl\u00e4ufe.<\/p>\n<\/div>\n<\/div>\n\n\n\n<div style=\"height:54px\" aria-hidden=\"true\" class=\"wp-block-spacer\"><\/div>\n\n\n\n<figure class=\"wp-block-image alignwide size-large\"><a href=\"https:\/\/launix.de\/launix\/wp-content\/uploads\/2023\/12\/mittlere-schuss-eltern-und-kind-mit-tablette-scaled.jpg\"><img loading=\"lazy\" decoding=\"async\" width=\"2560\" height=\"1600\" src=\"https:\/\/launix.de\/launix\/wp-content\/uploads\/2023\/12\/mittlere-schuss-eltern-und-kind-mit-tablette-edited-scaled.jpg\" alt=\"\" class=\"wp-image-5838\" srcset=\"https:\/\/launix.de\/launix\/wp-content\/uploads\/2023\/12\/mittlere-schuss-eltern-und-kind-mit-tablette-edited-scaled.jpg 2560w, https:\/\/launix.de\/launix\/wp-content\/uploads\/2023\/12\/mittlere-schuss-eltern-und-kind-mit-tablette-edited-300x188.jpg 300w, https:\/\/launix.de\/launix\/wp-content\/uploads\/2023\/12\/mittlere-schuss-eltern-und-kind-mit-tablette-edited-1024x640.jpg 1024w, https:\/\/launix.de\/launix\/wp-content\/uploads\/2023\/12\/mittlere-schuss-eltern-und-kind-mit-tablette-edited-768x480.jpg 768w, https:\/\/launix.de\/launix\/wp-content\/uploads\/2023\/12\/mittlere-schuss-eltern-und-kind-mit-tablette-edited-1536x960.jpg 1536w, https:\/\/launix.de\/launix\/wp-content\/uploads\/2023\/12\/mittlere-schuss-eltern-und-kind-mit-tablette-edited-18x12.jpg 18w\" sizes=\"auto, (max-width: 2560px) 100vw, 2560px\" \/><\/a><\/figure>\n\n\n\n<div style=\"height:54px\" aria-hidden=\"true\" class=\"wp-block-spacer\"><\/div>\n\n\n\n<h3 class=\"wp-block-heading\">Kindgerechte Benutzeroberfl\u00e4che:<\/h3>\n\n\n\n<p>Bei ERPL Family legen wir besonderen Wert darauf, dass unsere Software nicht nur f\u00fcr Erwachsene, sondern auch f\u00fcr Kinder zug\u00e4nglich ist. Unsere kinderfreundliche Benutzeroberfl\u00e4che erm\u00f6glicht es den Kleinen, spielerisch den Umgang mit einer Software zu erlernen, die in der Zukunft unumg\u00e4nglich wird. Gestalten Sie das Lernen f\u00fcr Ihre Kinder interaktiv und unterhaltsam \u2013 mit ERPL Family.<\/p>\n\n\n\n<div style=\"height:54px\" aria-hidden=\"true\" class=\"wp-block-spacer\"><\/div>\n\n\n\n<h3 class=\"wp-block-heading\">Ist ERPL-Family wirklich kostenlos?<\/h3>\n\n\n\n<p>M\u00f6chtest du noch mehr Raum f\u00fcr deine digitalen Erinnerungen? Dann ist unser Family+ Upgrade genau das Richtige f\u00fcr dich! F\u00fcr nur 2 \u20ac im Monat erh\u00e4ltst du einer Kapazit\u00e4t von 10 GB \u2013 das entspricht einer unglaublichen Datenmenge von 50.000 A4 Seiten. Wenn selbst das nicht ausreicht, haben wir die perfekte L\u00f6sung f\u00fcr dich: ERPL Enterprise, unsere Business-L\u00f6sung, bietet dir utopische Mengen an Speicherplatz, damit du so viele Daten speichern kannst, wie du ben\u00f6tigst. Und das Beste daran? Der Zugriff erfolgt genauso schnell, wie du es dir w\u00fcnschst.<\/p>\n\n\n\n<div style=\"height:54px\" aria-hidden=\"true\" class=\"wp-block-spacer\"><\/div>\n\n\n\n<figure class=\"wp-block-table\"><table class=\"has-fixed-layout\"><thead><tr><th><\/th><th><strong>Speicherkapazit\u00e4t<\/strong><\/th><th><strong>Anzahl an Dokumenten<\/strong><\/th><th><strong>Preis pro Monat<\/strong><\/th><\/tr><\/thead><tbody><tr><td>ERPL Family Free<\/td><td>1 GB<\/td><td>~5.000<\/td><td>Kostenlos<\/td><\/tr><tr><td>ERPL Family +<\/td><td>10 GB<\/td><td>~50.000<\/td><td>2,00 \u20ac<\/td><\/tr><tr><td>ERPL Family Premium<\/td><td>100 GB<\/td><td>~500.000<\/td><td>19,00 \u20ac<\/td><\/tr><\/tbody><\/table><\/figure>\n\n\n\n<div style=\"height:54px\" aria-hidden=\"true\" class=\"wp-block-spacer\"><\/div>\n\n\n\n<div class=\"wp-block-stackable-button-group stk-block-button-group stk-block stk-88c0f56\" data-block-id=\"88c0f56\"><div class=\"stk-row stk-inner-blocks has-text-align-center stk-block-content stk-button-group\">\n<div class=\"wp-block-stackable-button stk-block-button stk-block stk-c146954\" data-block-id=\"c146954\"><style>.stk-c146954 .stk-button{background:#f3912a !important;border-top-left-radius:15px !important;border-top-right-radius:15px !important;border-bottom-right-radius:15px !important;border-bottom-left-radius:15px !important}.stk-c146954 .stk-button:before{box-shadow:0 5px 30px -10px rgba(18,63,82,0.3) !important;border-style:solid !important;border-top-width:0px !important;border-right-width:0px !important;border-bottom-width:0px !important;border-left-width:0px !important}.stk-c146954 .stk-button__inner-text{color:#ffffff !important}<\/style><a class=\"stk-link stk-button stk--hover-effect-scale\" href=\"https:\/\/family.launix.de\" target=\"_blank\" rel=\"noreferrer noopener\"><span class=\"has-text-color stk-button__inner-text\"><strong>KOSTENLOS SICHERN<\/strong><\/span><\/a><\/div>\n<\/div><\/div>\n\n\n\n<div style=\"height:54px\" aria-hidden=\"true\" class=\"wp-block-spacer\"><\/div>\n\n\n\n<h3 class=\"wp-block-heading\">H\u00e4ufig gestellte Fragen<\/h3>\n\n\n\n<details class=\"wp-block-stackable-accordion stk-block-accordion stk-inner-blocks stk-block-content stk-block stk-cad1c9b is-style-default\" data-block-id=\"cad1c9b\">\n<summary class=\"wp-block-stackable-column stk-block-column stk-column stk-block stk-b958155 stk--container-small stk-block-accordion__heading\" data-v=\"4\" data-block-id=\"b958155\"><div class=\"stk-column-wrapper stk-block-column__content stk-container stk-b958155-container stk-hover-parent\"><div class=\"stk-block-content stk-inner-blocks stk-b958155-inner-blocks\">\n<div class=\"wp-block-stackable-icon-label stk-block-icon-label stk-block stk-43ae137\" data-block-id=\"43ae137\"><div class=\"stk-row stk-inner-blocks stk-block-content\">\n<div class=\"wp-block-stackable-heading stk-block-heading stk-block-heading--v2 stk-block stk-422c087\" id=\"ist-erpl-family-sicher-fur-meine-personlichen-daten\" data-block-id=\"422c087\"><h4 class=\"stk-block-heading__text\">Ist ERPL Family sicher f\u00fcr meine pers\u00f6nlichen Daten?<\/h4><\/div>\n\n\n\n<div class=\"wp-block-stackable-icon stk-block-icon stk-block stk-f152b3d\" data-block-id=\"f152b3d\"><span class=\"stk--svg-wrapper\"><div class=\"stk--inner-svg\"><svg style=\"height:0;width:0\"><defs><lineargradient id=\"linear-gradient-f152b3d\" x1=\"0\" x2=\"100%\" y1=\"0\" y2=\"0\"><stop offset=\"0%\" style=\"stop-opacity:1;stop-color:var(--linear-gradient-f-152-b-3-d-color-1)\"><\/stop><stop offset=\"100%\" style=\"stop-opacity:1;stop-color:var(--linear-gradient-f-152-b-3-d-color-2)\"><\/stop><\/lineargradient><\/defs><\/svg><svg data-prefix=\"fas\" data-icon=\"chevron-down\" class=\"svg-inline--fa fa-chevron-down fa-w-14\" xmlns=\"http:\/\/www.w3.org\/2000\/svg\" viewbox=\"0 0 448 512\" aria-hidden=\"true\" width=\"32\" height=\"32\"><path fill=\"currentColor\" d=\"M207.029 381.476L12.686 187.132c-9.373-9.373-9.373-24.569 0-33.941l22.667-22.667c9.357-9.357 24.522-9.375 33.901-.04L224 284.505l154.745-154.021c9.379-9.335 24.544-9.317 33.901.04l22.667 22.667c9.373 9.373 9.373 24.569 0 33.941L240.971 381.476c-9.373 9.372-24.569 9.372-33.942 0z\"><\/path><\/svg><\/div><\/span><\/div>\n<\/div><\/div>\n<\/div><\/div><\/summary>\n\n\n\n<div class=\"wp-block-stackable-column stk-block-column stk-column stk-block stk-e9030a1 stk-block-accordion__content\" data-v=\"4\" data-block-id=\"e9030a1\"><div class=\"stk-column-wrapper stk-block-column__content stk-container stk-e9030a1-container stk--no-background stk--no-padding\"><div class=\"stk-block-content stk-inner-blocks stk-e9030a1-inner-blocks\">\n<div class=\"wp-block-stackable-text stk-block-text stk-block stk-a5adf1d\" data-block-id=\"a5adf1d\"><p class=\"stk-block-text__text\">Ja, die Sicherheit Ihrer Daten hat f\u00fcr uns h\u00f6chste Priorit\u00e4t. ERPL Family verwendet fortschrittliche Verschl\u00fcsselungstechnologien, um die Vertraulichkeit Ihrer pers\u00f6nlichen Informationen zu gew\u00e4hrleisten.<\/p><\/div>\n<\/div><\/div><\/div>\n<\/details>\n\n\n\n<details class=\"wp-block-stackable-accordion stk-block-accordion stk-inner-blocks stk-block-content stk-block stk-b04e467 is-style-default\" data-block-id=\"b04e467\">\n<summary class=\"wp-block-stackable-column stk-block-column stk-column stk-block stk-65e4e14 stk--container-small stk-block-accordion__heading\" data-v=\"4\" data-block-id=\"65e4e14\"><div class=\"stk-column-wrapper stk-block-column__content stk-container stk-65e4e14-container stk-hover-parent\"><div class=\"stk-block-content stk-inner-blocks stk-65e4e14-inner-blocks\">\n<div class=\"wp-block-stackable-icon-label stk-block-icon-label stk-block stk-645c5ab\" data-block-id=\"645c5ab\"><div class=\"stk-row stk-inner-blocks stk-block-content\">\n<div class=\"wp-block-stackable-heading stk-block-heading stk-block-heading--v2 stk-block stk-f7dceaa\" id=\"wie-lange-habe-ich-zugriff-auf-updates-und-support\" data-block-id=\"f7dceaa\"><h4 class=\"stk-block-heading__text\">Wie lange habe ich Zugriff auf Updates und Support?<\/h4><\/div>\n\n\n\n<div class=\"wp-block-stackable-icon stk-block-icon stk-block stk-d7d4da8\" data-block-id=\"d7d4da8\"><span class=\"stk--svg-wrapper\"><div class=\"stk--inner-svg\"><svg style=\"height:0;width:0\"><defs><lineargradient id=\"linear-gradient-d7d4da8\" x1=\"0\" x2=\"100%\" y1=\"0\" y2=\"0\"><stop offset=\"0%\" style=\"stop-opacity:1;stop-color:var(--linear-gradient-d-7-d-4-da-8-color-1)\"><\/stop><stop offset=\"100%\" style=\"stop-opacity:1;stop-color:var(--linear-gradient-d-7-d-4-da-8-color-2)\"><\/stop><\/lineargradient><\/defs><\/svg><svg data-prefix=\"fas\" data-icon=\"chevron-down\" class=\"svg-inline--fa fa-chevron-down fa-w-14\" xmlns=\"http:\/\/www.w3.org\/2000\/svg\" viewbox=\"0 0 448 512\" aria-hidden=\"true\" width=\"32\" height=\"32\"><path fill=\"currentColor\" d=\"M207.029 381.476L12.686 187.132c-9.373-9.373-9.373-24.569 0-33.941l22.667-22.667c9.357-9.357 24.522-9.375 33.901-.04L224 284.505l154.745-154.021c9.379-9.335 24.544-9.317 33.901.04l22.667 22.667c9.373 9.373 9.373 24.569 0 33.941L240.971 381.476c-9.373 9.372-24.569 9.372-33.942 0z\"><\/path><\/svg><\/div><\/span><\/div>\n<\/div><\/div>\n<\/div><\/div><\/summary>\n\n\n\n<div class=\"wp-block-stackable-column stk-block-column stk-column stk-block stk-fcea0c2 stk-block-accordion__content\" data-v=\"4\" data-block-id=\"fcea0c2\"><div class=\"stk-column-wrapper stk-block-column__content stk-container stk-fcea0c2-container stk--no-background stk--no-padding\"><div class=\"stk-block-content stk-inner-blocks stk-fcea0c2-inner-blocks\">\n<div class=\"wp-block-stackable-text stk-block-text stk-block stk-7a845c0\" data-block-id=\"7a845c0\"><p class=\"stk-block-text__text\">Mit Registrierung bei ERPL Family erhalten Sie lebenslangen Zugriff auf Updates und Support.<\/p><\/div>\n<\/div><\/div><\/div>\n<\/details>\n\n\n\n<details class=\"wp-block-stackable-accordion stk-block-accordion stk-inner-blocks stk-block-content stk-block stk-23b13e0 is-style-default\" data-block-id=\"23b13e0\">\n<summary class=\"wp-block-stackable-column stk-block-column stk-column stk-block stk-21db555 stk--container-small stk-block-accordion__heading\" data-v=\"4\" data-block-id=\"21db555\"><div class=\"stk-column-wrapper stk-block-column__content stk-container stk-21db555-container stk-hover-parent\"><div class=\"stk-block-content stk-inner-blocks stk-21db555-inner-blocks\">\n<div class=\"wp-block-stackable-icon-label stk-block-icon-label stk-block stk-06dcb99\" data-block-id=\"06dcb99\"><div class=\"stk-row stk-inner-blocks stk-block-content\">\n<div class=\"wp-block-stackable-heading stk-block-heading stk-block-heading--v2 stk-block stk-29a1e1a\" id=\"welche-verschiedenen-preisoptionen-bietet-erpl-family-an\" data-block-id=\"29a1e1a\"><h4 class=\"stk-block-heading__text\">Welche verschiedenen Preisoptionen bietet ERPL Family an?<\/h4><\/div>\n\n\n\n<div class=\"wp-block-stackable-icon stk-block-icon stk-block stk-3d22b29\" data-block-id=\"3d22b29\"><span class=\"stk--svg-wrapper\"><div class=\"stk--inner-svg\"><svg style=\"height:0;width:0\"><defs><lineargradient id=\"linear-gradient-3d22b29\" x1=\"0\" x2=\"100%\" y1=\"0\" y2=\"0\"><stop offset=\"0%\" style=\"stop-opacity:1;stop-color:var(--linear-gradient-3-d-22-b-29-color-1)\"><\/stop><stop offset=\"100%\" style=\"stop-opacity:1;stop-color:var(--linear-gradient-3-d-22-b-29-color-2)\"><\/stop><\/lineargradient><\/defs><\/svg><svg data-prefix=\"fas\" data-icon=\"chevron-down\" class=\"svg-inline--fa fa-chevron-down fa-w-14\" xmlns=\"http:\/\/www.w3.org\/2000\/svg\" viewbox=\"0 0 448 512\" aria-hidden=\"true\" width=\"32\" height=\"32\"><path fill=\"currentColor\" d=\"M207.029 381.476L12.686 187.132c-9.373-9.373-9.373-24.569 0-33.941l22.667-22.667c9.357-9.357 24.522-9.375 33.901-.04L224 284.505l154.745-154.021c9.379-9.335 24.544-9.317 33.901.04l22.667 22.667c9.373 9.373 9.373 24.569 0 33.941L240.971 381.476c-9.373 9.372-24.569 9.372-33.942 0z\"><\/path><\/svg><\/div><\/span><\/div>\n<\/div><\/div>\n<\/div><\/div><\/summary>\n\n\n\n<div class=\"wp-block-stackable-column stk-block-column stk-column stk-block stk-3aaaf93 stk-block-accordion__content\" data-v=\"4\" data-block-id=\"3aaaf93\"><div class=\"stk-column-wrapper stk-block-column__content stk-container stk-3aaaf93-container stk--no-background stk--no-padding\"><div class=\"stk-block-content stk-inner-blocks stk-3aaaf93-inner-blocks\">\n<div class=\"wp-block-stackable-text stk-block-text stk-block stk-83690d6\" data-block-id=\"83690d6\"><p class=\"stk-block-text__text\">Unsere flexiblen Preismodelle sind auf die Bed\u00fcrfnisse von Familien zugeschnitten. Wir bieten verschiedene Optionen von Speichergr\u00f6\u00dfen an, damit Sie das Paket w\u00e4hlen k\u00f6nnen, das am besten zu Ihren Anforderungen passt.<\/p><\/div>\n\n\n\n<div class=\"wp-block-stackable-text stk-block-text stk-block stk-e44ffdc\" data-block-id=\"e44ffdc\"><p class=\"stk-block-text__text\"><\/p><\/div>\n<\/div><\/div><\/div>\n<\/details>\n\n\n\n<figure class=\"wp-block-embed is-type-video is-provider-youtube wp-block-embed-youtube wp-embed-aspect-16-9 wp-has-aspect-ratio\"><div class=\"wp-block-embed__wrapper\">\n<iframe loading=\"lazy\" title=\"ERPL Family Vorstellung auf dem Mobilger\u00e4t\" width=\"751\" height=\"422\" src=\"https:\/\/www.youtube.com\/embed\/wMRgFs0GuXc?feature=oembed\" frameborder=\"0\" allow=\"accelerometer; autoplay; clipboard-write; encrypted-media; gyroscope; picture-in-picture; web-share\" referrerpolicy=\"strict-origin-when-cross-origin\" allowfullscreen><\/iframe>\n<\/div><\/figure>\n\n\n\n<div class=\"wp-block-stackable-button-group stk-block-button-group stk-block stk-035ba62\" data-block-id=\"035ba62\"><div class=\"stk-row stk-inner-blocks has-text-align-center stk-block-content stk-button-group\">\n<div class=\"wp-block-stackable-button stk-block-button stk-block stk-ca63b3b\" data-block-id=\"ca63b3b\"><style>.stk-ca63b3b .stk-button{background:#f3912a !important;border-top-left-radius:15px !important;border-top-right-radius:15px !important;border-bottom-right-radius:15px !important;border-bottom-left-radius:15px !important}.stk-ca63b3b .stk-button:before{box-shadow:0 5px 30px -10px rgba(18,63,82,0.3) !important;border-style:solid !important;border-top-width:0px !important;border-right-width:0px !important;border-bottom-width:0px !important;border-left-width:0px !important}.stk-ca63b3b .stk-button__inner-text{color:#ffffff !important}<\/style><a class=\"stk-link stk-button stk--hover-effect-scale\" href=\"https:\/\/family.launix.de\" target=\"_blank\" rel=\"noreferrer noopener\"><span class=\"has-text-color stk-button__inner-text\"><strong>KOSTENLOS SICHERN<\/strong><\/span><\/a><\/div>\n<\/div><\/div>","protected":false},"excerpt":{"rendered":"<p>In der heutigen hektischen Welt wird die Organisation des Familienlebens zunehmend anspruchsvoller. Aber keine Sorge, genau daf\u00fcr haben wir ERPL Family entwickelt! Tauche ein in eine innovative L\u00f6sung, die nicht nur Ordnung in deine Familienplanung bringt, sondern dir auch mehr Zeit f\u00fcr die wirklich wichtigen Dinge im Leben schenkt. ERPL Family bietet dir die M\u00f6glichkeiten,&#8230;<\/p>","protected":false},"author":2,"featured_media":0,"parent":0,"menu_order":0,"comment_status":"closed","ping_status":"closed","template":"","meta":{"_editorskit_title_hidden":false,"_editorskit_reading_time":0,"_editorskit_is_block_options_detached":false,"_editorskit_block_options_position":"{}","_uag_custom_page_level_css":"","footnotes":""},"class_list":["post-5822","page","type-page","status-publish","hentry","page--item"],"featured_image_urls_v2":{"full":"","thumbnail":"","medium":"","medium_large":"","large":"","1536x1536":"","2048x2048":"","trp-custom-language-flag":"","xs-thumb":"","appku-shop-single":""},"post_excerpt_stackable_v2":"<p>In der heutigen hektischen Welt wird die Organisation des Familienlebens zunehmend anspruchsvoller. Aber keine Sorge, genau daf\u00fcr haben wir ERPL Family entwickelt! Tauche ein in eine innovative L\u00f6sung, die nicht nur Ordnung in deine Familienplanung bringt, sondern dir auch mehr Zeit f\u00fcr die wirklich wichtigen Dinge im Leben schenkt. ERPL Family bietet dir die M\u00f6glichkeiten, von einem Smarten Dokumentenmanagement bis hin zu einem Geburtstagsplaner. Herzlich willkommen bei ERPL Family \u2013 deinem ERP f\u00fcr die ganze Familie! JETZT KOSTENLOS SICHERN Funktions\u00fcbersicht Dokumentenmanagement Verabschiede dich von l\u00e4stigem Papierkram! Unser intelligentes Dokumentenmanagement-System (DMS) erm\u00f6glicht es dir, wichtige Unterlagen digital zu organisieren und jederzeit&hellip;<\/p>\n","category_list_v2":"","author_info_v2":{"name":"Carl-Philip H\u00e4nsch","url":"https:\/\/launix.de\/launix\/en\/author\/carli\/"},"comments_num_v2":"0 comments","uagb_featured_image_src":{"full":false,"thumbnail":false,"medium":false,"medium_large":false,"large":false,"1536x1536":false,"2048x2048":false,"trp-custom-language-flag":false,"xs-thumb":false,"appku-shop-single":false},"uagb_author_info":{"display_name":"Carl-Philip H\u00e4nsch","author_link":"https:\/\/launix.de\/launix\/en\/author\/carli\/"},"uagb_comment_info":0,"uagb_excerpt":"In der heutigen hektischen Welt wird die Organisation des Familienlebens zunehmend anspruchsvoller. Aber keine Sorge, genau daf\u00fcr haben wir ERPL Family entwickelt! Tauche ein in eine innovative L\u00f6sung, die nicht nur Ordnung in deine Familienplanung bringt, sondern dir auch mehr Zeit f\u00fcr die wirklich wichtigen Dinge im Leben schenkt. ERPL Family bietet dir die M\u00f6glichkeiten,...","_links":{"self":[{"href":"https:\/\/launix.de\/launix\/en\/wp-json\/wp\/v2\/pages\/5822","targetHints":{"allow":["GET"]}}],"collection":[{"href":"https:\/\/launix.de\/launix\/en\/wp-json\/wp\/v2\/pages"}],"about":[{"href":"https:\/\/launix.de\/launix\/en\/wp-json\/wp\/v2\/types\/page"}],"author":[{"embeddable":true,"href":"https:\/\/launix.de\/launix\/en\/wp-json\/wp\/v2\/users\/2"}],"replies":[{"embeddable":true,"href":"https:\/\/launix.de\/launix\/en\/wp-json\/wp\/v2\/comments?post=5822"}],"version-history":[{"count":18,"href":"https:\/\/launix.de\/launix\/en\/wp-json\/wp\/v2\/pages\/5822\/revisions"}],"predecessor-version":[{"id":5863,"href":"https:\/\/launix.de\/launix\/en\/wp-json\/wp\/v2\/pages\/5822\/revisions\/5863"}],"wp:attachment":[{"href":"https:\/\/launix.de\/launix\/en\/wp-json\/wp\/v2\/media?parent=5822"}],"curies":[{"name":"wp","href":"https:\/\/api.w.org\/{rel}","templated":true}]}}