{"id":7648,"date":"2025-06-20T08:51:57","date_gmt":"2025-06-20T06:51:57","guid":{"rendered":"https:\/\/launix.de\/launix\/?page_id=7648"},"modified":"2025-12-13T13:21:14","modified_gmt":"2025-12-13T12:21:14","slug":"fop","status":"publish","type":"page","link":"https:\/\/launix.de\/launix\/en\/fop\/","title":{"rendered":"Das FOP-System"},"content":{"rendered":"<div class=\"wp-block-image\">\n<figure class=\"aligncenter size-large is-resized\"><a href=\"https:\/\/launix.de\/launix\/wp-content\/uploads\/2025\/06\/logo.png\"><img loading=\"lazy\" decoding=\"async\" width=\"1024\" height=\"461\" src=\"https:\/\/launix.de\/launix\/wp-content\/uploads\/2025\/06\/logo-1024x461.png\" alt=\"\" class=\"wp-image-7649\" style=\"width:254px;height:auto\" srcset=\"https:\/\/launix.de\/launix\/wp-content\/uploads\/2025\/06\/logo-1024x461.png 1024w, https:\/\/launix.de\/launix\/wp-content\/uploads\/2025\/06\/logo-300x135.png 300w, https:\/\/launix.de\/launix\/wp-content\/uploads\/2025\/06\/logo-768x346.png 768w, https:\/\/launix.de\/launix\/wp-content\/uploads\/2025\/06\/logo-1536x692.png 1536w, https:\/\/launix.de\/launix\/wp-content\/uploads\/2025\/06\/logo-18x8.png 18w, https:\/\/launix.de\/launix\/wp-content\/uploads\/2025\/06\/logo.png 1853w\" sizes=\"auto, (max-width: 1024px) 100vw, 1024px\" \/><\/a><\/figure><\/div>\n\n\n<p>Womit wird das Launix-System eigentlich betrieben? Was macht uns so einzigartig?<\/p>\n\n\n\n<div style=\"height:80px\" aria-hidden=\"true\" class=\"wp-block-spacer\"><\/div>\n\n\n\n<p>Das Launix-System wird mit der FOP-Technologie betrieben. FOP steht f\u00fcr &#8220;Feature Oriented Programming&#8221;, das hei\u00dft, &#8220;Features&#8221; sind die Programmier-Objekte, die der Entwickler zusammensetzen kann. Das hat gegen\u00fcber klassischer Softwareentwicklung massive Vorteile: Die Software entspricht eher Ihrer Gesch\u00e4ftslogik und der Entwickler muss keine technischen Details ausspezifizieren. Software hat weniger Kinderkrankheiten und ist auch schneller entwickelt, als mit dem klassischen Modell.<\/p>\n\n\n\n<p>Die gesamte Software-Landschaft teilt sich wie folgt auf:<\/p>\n\n\n\n<div class=\"wp-block-columns is-layout-flex wp-container-core-columns-is-layout-9d6595d7 wp-block-columns-is-layout-flex\">\n<div class=\"wp-block-column is-layout-flow wp-block-column-is-layout-flow\">\n<div class=\"wp-block-group is-vertical is-layout-flex wp-container-core-group-is-layout-8cf370e7 wp-block-group-is-layout-flex\">\n<h2 class=\"wp-block-heading\">Businesslogik<\/h2>\n<\/div>\n\n\n\n<figure class=\"wp-block-image size-large\"><a href=\"https:\/\/launix.de\/launix\/wp-content\/uploads\/2025\/06\/Ein-Brainstorming-Bild-mit__-Rechnungen_-Personal_-Buchhaltung_-Logistik_-Telefonservice_-Fuhrpark.jpg\"><img loading=\"lazy\" decoding=\"async\" width=\"1024\" height=\"579\" src=\"https:\/\/launix.de\/launix\/wp-content\/uploads\/2025\/06\/Ein-Brainstorming-Bild-mit__-Rechnungen_-Personal_-Buchhaltung_-Logistik_-Telefonservice_-Fuhrpark-1024x579.jpg\" alt=\"\" class=\"wp-image-7650\" srcset=\"https:\/\/launix.de\/launix\/wp-content\/uploads\/2025\/06\/Ein-Brainstorming-Bild-mit__-Rechnungen_-Personal_-Buchhaltung_-Logistik_-Telefonservice_-Fuhrpark-1024x579.jpg 1024w, https:\/\/launix.de\/launix\/wp-content\/uploads\/2025\/06\/Ein-Brainstorming-Bild-mit__-Rechnungen_-Personal_-Buchhaltung_-Logistik_-Telefonservice_-Fuhrpark-300x170.jpg 300w, https:\/\/launix.de\/launix\/wp-content\/uploads\/2025\/06\/Ein-Brainstorming-Bild-mit__-Rechnungen_-Personal_-Buchhaltung_-Logistik_-Telefonservice_-Fuhrpark-768x434.jpg 768w, https:\/\/launix.de\/launix\/wp-content\/uploads\/2025\/06\/Ein-Brainstorming-Bild-mit__-Rechnungen_-Personal_-Buchhaltung_-Logistik_-Telefonservice_-Fuhrpark-18x10.jpg 18w, https:\/\/launix.de\/launix\/wp-content\/uploads\/2025\/06\/Ein-Brainstorming-Bild-mit__-Rechnungen_-Personal_-Buchhaltung_-Logistik_-Telefonservice_-Fuhrpark.jpg 1472w\" sizes=\"auto, (max-width: 1024px) 100vw, 1024px\" \/><\/a><\/figure>\n\n\n\n<ul class=\"wp-block-list\">\n<li>Gesch\u00e4ftslogik und Business-Module<\/li>\n\n\n\n<li>Rechnungsstellung<\/li>\n\n\n\n<li>Buchhaltung<\/li>\n\n\n\n<li>CRM-Kampagnen<\/li>\n\n\n\n<li>Kundenlisten<\/li>\n\n\n\n<li>Ticketsystem<\/li>\n<\/ul>\n\n\n\n<hr class=\"wp-block-separator has-alpha-channel-opacity\"\/>\n\n\n\n<p>Verwalten Sie Ihr komplettes Unternehmen in einem System. Das flexible und erweiterbare Modulsystem hilft Ihnen, schnell Standardsituationen in der Digitalisierung zu meistern.<\/p>\n<\/div>\n\n\n\n<div class=\"wp-block-column is-layout-flow wp-block-column-is-layout-flow\">\n<div class=\"wp-block-group is-vertical is-layout-flex wp-container-core-group-is-layout-8cf370e7 wp-block-group-is-layout-flex\">\n<h2 class=\"wp-block-heading\">FOP-Kern<\/h2>\n<\/div>\n\n\n\n<figure class=\"wp-block-image size-large\"><a href=\"https:\/\/launix.de\/launix\/wp-content\/uploads\/2025\/06\/behalte-den-Stil-bei-gestalte-ein-komplett-neues-Bild-mit_-Tabellen-Suchmasken-Filtern-Sicherheitsregeln-scaled.jpg\"><img loading=\"lazy\" decoding=\"async\" width=\"1024\" height=\"579\" src=\"https:\/\/launix.de\/launix\/wp-content\/uploads\/2025\/06\/behalte-den-Stil-bei-gestalte-ein-komplett-neues-Bild-mit_-Tabellen-Suchmasken-Filtern-Sicherheitsregeln-1024x579.jpg\" alt=\"\" class=\"wp-image-7651\" srcset=\"https:\/\/launix.de\/launix\/wp-content\/uploads\/2025\/06\/behalte-den-Stil-bei-gestalte-ein-komplett-neues-Bild-mit_-Tabellen-Suchmasken-Filtern-Sicherheitsregeln-1024x579.jpg 1024w, https:\/\/launix.de\/launix\/wp-content\/uploads\/2025\/06\/behalte-den-Stil-bei-gestalte-ein-komplett-neues-Bild-mit_-Tabellen-Suchmasken-Filtern-Sicherheitsregeln-300x170.jpg 300w, https:\/\/launix.de\/launix\/wp-content\/uploads\/2025\/06\/behalte-den-Stil-bei-gestalte-ein-komplett-neues-Bild-mit_-Tabellen-Suchmasken-Filtern-Sicherheitsregeln-768x434.jpg 768w, https:\/\/launix.de\/launix\/wp-content\/uploads\/2025\/06\/behalte-den-Stil-bei-gestalte-ein-komplett-neues-Bild-mit_-Tabellen-Suchmasken-Filtern-Sicherheitsregeln-1536x868.jpg 1536w, https:\/\/launix.de\/launix\/wp-content\/uploads\/2025\/06\/behalte-den-Stil-bei-gestalte-ein-komplett-neues-Bild-mit_-Tabellen-Suchmasken-Filtern-Sicherheitsregeln-2048x1158.jpg 2048w, https:\/\/launix.de\/launix\/wp-content\/uploads\/2025\/06\/behalte-den-Stil-bei-gestalte-ein-komplett-neues-Bild-mit_-Tabellen-Suchmasken-Filtern-Sicherheitsregeln-18x10.jpg 18w\" sizes=\"auto, (max-width: 1024px) 100vw, 1024px\" \/><\/a><\/figure>\n\n\n\n<ul class=\"wp-block-list\">\n<li>Verwaltung von Datenansichten<\/li>\n\n\n\n<li>Tabellen-Ansichten<\/li>\n\n\n\n<li>Detail-Ansichten<\/li>\n\n\n\n<li>Such- und Filterfunktionen<\/li>\n\n\n\n<li>Gestaltbare Formulare und Oberfl\u00e4chen<\/li>\n\n\n\n<li>Sicherheit und Datenschutz<\/li>\n<\/ul>\n\n\n\n<hr class=\"wp-block-separator has-alpha-channel-opacity\"\/>\n\n\n\n<p>Digitalisieren Sie passgenau: Ein individuelles Kundenportal? Eine eigene Produktionsplanungssoftware? Mit dem FOP-Kern k\u00f6nnen Sie selbst die komplexesten Anwendungen wirtschaftlich umsetzen.<\/p>\n<\/div>\n<\/div>\n\n\n\n<h2 class=\"wp-block-heading\">Die FOP-Technologie garantiert:<\/h2>\n\n\n\n<ul class=\"wp-block-list\">\n<li>Vollen pers\u00f6nlichen <strong>Support<\/strong> von der Feature-Wahl bis zur Anwenderschulung und Problembehebung bei Havarien<\/li>\n\n\n\n<li>Software in h\u00f6chster <strong>Qualit\u00e4t<\/strong> \u2013 \u00fcbersichtliche und klar strukturierte Benutzeroberfl\u00e4chen<\/li>\n\n\n\n<li><strong>Arbeitserleichterung<\/strong> \u2013 z.B. Massen-Export von Rechnungs-PDFs, Massen-Versand von E-Mails, API- und KI-Integration<\/li>\n\n\n\n<li><strong>Anpassbarkeit<\/strong> \u2013 jedes Men\u00fc l\u00e4sst sich Ihren W\u00fcnschen anpassen<\/li>\n\n\n\n<li>Reaktion auf <strong>Feedback<\/strong><\/li>\n\n\n\n<li>\u00dcbersetzung in alle gew\u00fcnschten <strong>Sprachen<\/strong><\/li>\n\n\n\n<li>Anleitungen und ein interaktives <strong>Hilfe<\/strong>-System<\/li>\n\n\n\n<li>Sowohl f\u00fcr <strong>Standard<\/strong> als auch f\u00fcr <strong>individuelle W\u00fcnsche<\/strong><\/li>\n\n\n\n<li>Zuverl\u00e4ssiger Betrieb der <strong>Datenbanken<\/strong><\/li>\n<\/ul>\n\n\n\n<h2 class=\"wp-block-heading\">Fazit<\/h2>\n\n\n\n<p>Damit bietet FOP die ideale Basis, um Ihre Prozesslandschaft zu digitalisieren<\/p>\n\n\n\n<figure class=\"wp-block-image size-large\"><img decoding=\"async\" src=\"https:\/\/launix.de\/launix\/wp-content\/uploads\/2024\/09\/Tabelle-Kunden-1024x418.png\" alt=\"\"\/><\/figure>\n\n\n\n<p>Egal ob eigenes Kundenportal, Abrechnungssoftware oder Komplett-ERP &#8211; Ihre Anforderungen sind umsetzbar!<\/p>\n\n\n\n<h2 class=\"wp-block-heading\">Bereit f\u00fcr Ver\u00e4nderung?<\/h2>\n\n\n\n<p>Wir sind der Wegbereiter f\u00fcr Ihre Digitalisierung. Kontaktieren Sie uns noch heute und besprechen mit uns Ihr Projekt.<\/p>\n\n\n\n<div class=\"wp-block-contact-form-7-contact-form-selector\">\n<div class=\"wpcf7 no-js\" id=\"wpcf7-f3838-o1\" lang=\"en-US\" dir=\"ltr\" data-wpcf7-id=\"3838\">\n<div class=\"screen-reader-response\"><p role=\"status\" aria-live=\"polite\" aria-atomic=\"true\"><\/p> <ul><\/ul><\/div>\n<form action=\"\/launix\/en\/wp-json\/wp\/v2\/pages\/7648#wpcf7-f3838-o1\" method=\"post\" class=\"wpcf7-form init\" aria-label=\"Contact form\" novalidate=\"novalidate\" data-status=\"init\" data-trp-original-action=\"\/launix\/en\/wp-json\/wp\/v2\/pages\/7648#wpcf7-f3838-o1\">\n<fieldset class=\"hidden-fields-container\"><input type=\"hidden\" name=\"_wpcf7\" value=\"3838\" \/><input type=\"hidden\" name=\"_wpcf7_version\" value=\"6.1.5\" \/><input type=\"hidden\" name=\"_wpcf7_locale\" value=\"en_US\" \/><input type=\"hidden\" name=\"_wpcf7_unit_tag\" value=\"wpcf7-f3838-o1\" \/><input type=\"hidden\" name=\"_wpcf7_container_post\" value=\"0\" \/><input type=\"hidden\" name=\"_wpcf7_posted_data_hash\" value=\"\" \/>\n<\/fieldset>\n<p><span class=\"wpcf7-form-control-wrap\" data-name=\"your-name\"><input size=\"40\" maxlength=\"400\" class=\"wpcf7-form-control wpcf7-text\" aria-invalid=\"false\" placeholder=\"Name\" value=\"\" type=\"text\" name=\"your-name\" \/><\/span>\n<\/p>\n<p><span class=\"wpcf7-form-control-wrap\" data-name=\"your-email\"><input size=\"40\" maxlength=\"400\" class=\"wpcf7-form-control wpcf7-email wpcf7-text wpcf7-validates-as-email\" aria-invalid=\"false\" placeholder=\"E-Mail\" value=\"\" type=\"email\" name=\"your-email\" \/><\/span>\n<\/p>\n<p><span class=\"wpcf7-form-control-wrap\" data-name=\"your-phone\"><input size=\"40\" maxlength=\"400\" class=\"wpcf7-form-control wpcf7-text\" aria-invalid=\"false\" placeholder=\"Phone Number\" value=\"\" type=\"text\" name=\"your-phone\" \/><\/span>\n<\/p>\n<p><span class=\"wpcf7-form-control-wrap\" data-name=\"your-requirement\"><textarea cols=\"40\" rows=\"10\" maxlength=\"2000\" class=\"wpcf7-form-control wpcf7-textarea\" aria-invalid=\"false\" placeholder=\"Describe your requirements\" name=\"your-requirement\"><\/textarea><\/span>\n<\/p>\n<p><span class=\"wpcf7-form-control-wrap\" data-name=\"your-consent\"><span class=\"wpcf7-form-control wpcf7-acceptance\"><span class=\"wpcf7-list-item\"><label><input type=\"checkbox\" name=\"your-consent\" value=\"1\" aria-invalid=\"false\" \/><span class=\"wpcf7-list-item-label\">By proceeding, you aggree to our <a href=\"https:\/\/launix.de\/launix\/en\/impressum-datenschutz\/\" target=\"_blank\">Data Protection Policy<\/a><\/span><\/label><\/span><\/span><\/span>\n<\/p>\n<p><div id=\"cf7sr-69d81de29b99a\" class=\"cf7sr-g-recaptcha\" data-theme=\"light\" data-type=\"image\" data-size=\"normal\" data-sitekey=\"6LdPLtoZAAAAAA0poRWX6sigbV5KdWLXDrm_If7w\"><\/div><span class=\"wpcf7-form-control-wrap cf7sr-recaptcha\" data-name=\"cf7sr-recaptcha\"><input type=\"hidden\" name=\"cf7sr-recaptcha\" value=\"\" class=\"wpcf7-form-control\"><\/span>\n<\/p>\n<p><input class=\"wpcf7-form-control wpcf7-submit has-spinner\" type=\"submit\" value=\"Get free consulting now\" \/>\n<\/p><div class=\"wpcf7-response-output\" aria-hidden=\"true\"><\/div>\n<input type=\"hidden\" name=\"trp-form-language\" value=\"en\"\/><\/form>\n<\/div>\n<\/div>\n\n\n\n<p><\/p>","protected":false},"excerpt":{"rendered":"<p>Womit wird das Launix-System eigentlich betrieben? Was macht uns so einzigartig? Das Launix-System wird mit der FOP-Technologie betrieben. FOP steht f\u00fcr &#8220;Feature Oriented Programming&#8221;, das hei\u00dft, &#8220;Features&#8221; sind die Programmier-Objekte, die der Entwickler zusammensetzen kann. Das hat gegen\u00fcber klassischer Softwareentwicklung massive Vorteile: Die Software entspricht eher Ihrer Gesch\u00e4ftslogik und der Entwickler muss keine technischen Details&#8230;<\/p>","protected":false},"author":2,"featured_media":0,"parent":0,"menu_order":0,"comment_status":"closed","ping_status":"closed","template":"","meta":{"_editorskit_title_hidden":false,"_editorskit_reading_time":0,"_editorskit_is_block_options_detached":false,"_editorskit_block_options_position":"{}","_uag_custom_page_level_css":"","footnotes":""},"class_list":["post-7648","page","type-page","status-publish","hentry","page--item"],"featured_image_urls_v2":{"full":"","thumbnail":"","medium":"","medium_large":"","large":"","1536x1536":"","2048x2048":"","trp-custom-language-flag":"","xs-thumb":"","appku-shop-single":""},"post_excerpt_stackable_v2":"<p>Womit wird das Launix-System eigentlich betrieben? Was macht uns so einzigartig? Das Launix-System wird mit der FOP-Technologie betrieben. FOP steht f\u00fcr &#8220;Feature Oriented Programming&#8221;, das hei\u00dft, &#8220;Features&#8221; sind die Programmier-Objekte, die der Entwickler zusammensetzen kann. Das hat gegen\u00fcber klassischer Softwareentwicklung massive Vorteile: Die Software entspricht eher Ihrer Gesch\u00e4ftslogik und der Entwickler muss keine technischen Details ausspezifizieren. Software hat weniger Kinderkrankheiten und ist auch schneller entwickelt, als mit dem klassischen Modell. Die gesamte Software-Landschaft teilt sich wie folgt auf: Businesslogik Gesch\u00e4ftslogik und Business-Module Rechnungsstellung Buchhaltung CRM-Kampagnen Kundenlisten Ticketsystem Verwalten Sie Ihr komplettes Unternehmen in einem System. Das flexible und erweiterbare Modulsystem&hellip;<\/p>\n","category_list_v2":"","author_info_v2":{"name":"Carl-Philip H\u00e4nsch","url":"https:\/\/launix.de\/launix\/en\/author\/carli\/"},"comments_num_v2":"0 comments","uagb_featured_image_src":{"full":false,"thumbnail":false,"medium":false,"medium_large":false,"large":false,"1536x1536":false,"2048x2048":false,"trp-custom-language-flag":false,"xs-thumb":false,"appku-shop-single":false},"uagb_author_info":{"display_name":"Carl-Philip H\u00e4nsch","author_link":"https:\/\/launix.de\/launix\/en\/author\/carli\/"},"uagb_comment_info":0,"uagb_excerpt":"Womit wird das Launix-System eigentlich betrieben? Was macht uns so einzigartig? Das Launix-System wird mit der FOP-Technologie betrieben. FOP steht f\u00fcr &#8220;Feature Oriented Programming&#8221;, das hei\u00dft, &#8220;Features&#8221; sind die Programmier-Objekte, die der Entwickler zusammensetzen kann. Das hat gegen\u00fcber klassischer Softwareentwicklung massive Vorteile: Die Software entspricht eher Ihrer Gesch\u00e4ftslogik und der Entwickler muss keine technischen Details...","_links":{"self":[{"href":"https:\/\/launix.de\/launix\/en\/wp-json\/wp\/v2\/pages\/7648","targetHints":{"allow":["GET"]}}],"collection":[{"href":"https:\/\/launix.de\/launix\/en\/wp-json\/wp\/v2\/pages"}],"about":[{"href":"https:\/\/launix.de\/launix\/en\/wp-json\/wp\/v2\/types\/page"}],"author":[{"embeddable":true,"href":"https:\/\/launix.de\/launix\/en\/wp-json\/wp\/v2\/users\/2"}],"replies":[{"embeddable":true,"href":"https:\/\/launix.de\/launix\/en\/wp-json\/wp\/v2\/comments?post=7648"}],"version-history":[{"count":6,"href":"https:\/\/launix.de\/launix\/en\/wp-json\/wp\/v2\/pages\/7648\/revisions"}],"predecessor-version":[{"id":8086,"href":"https:\/\/launix.de\/launix\/en\/wp-json\/wp\/v2\/pages\/7648\/revisions\/8086"}],"wp:attachment":[{"href":"https:\/\/launix.de\/launix\/en\/wp-json\/wp\/v2\/media?parent=7648"}],"curies":[{"name":"wp","href":"https:\/\/api.w.org\/{rel}","templated":true}]}}