{"id":1594,"date":"2017-01-02T09:52:13","date_gmt":"2017-01-02T08:52:13","guid":{"rendered":"https:\/\/launix.de\/launix\/?page_id=1594"},"modified":"2021-12-09T13:55:04","modified_gmt":"2021-12-09T12:55:04","slug":"launix-software-katalog","status":"publish","type":"page","link":"https:\/\/launix.de\/launix\/launix-software-katalog\/","title":{"rendered":"Launix Software-Katalog"},"content":{"rendered":"\n<div class=\"wp-block-image\"><figure class=\"alignright size-large is-resized\"><img loading=\"lazy\" decoding=\"async\" src=\"https:\/\/launix.de\/launix\/wp-content\/uploads\/2021\/12\/all-in-one-cd.svg\" alt=\"\" class=\"wp-image-4446\" width=\"199\" height=\"281\"\/><\/figure><\/div>\n\n\n\n<p>Individuelle Software ist schwer greifbar. Zum Gl\u00fcck entstehen individuelle ERP und CRM nicht auf der gr\u00fcnen Wiese, sondern werden wiederum aus Standard-Modulen zusammengesetzt, die individualsiert werden k\u00f6nnen.<\/p>\n\n\n\n<p>Der Launix-Katalog ist nicht nur eine langweilige tabellarische Liste von Artikelnummern, sondern ein lebendiges Magazin mit:<\/p>\n\n\n\n<ul class=\"wp-block-list\"><li>Beitr\u00e4gen und Wissenswertem<\/li><li>Anleitungen<\/li><li>Tipps&amp;Tricks<\/li><li>Modulbeschreibungen<\/li><li>einem Inhaltsverzeichnis, das als Entscheidungshilfe dient<\/li><\/ul>\n\n\n\n<p>Nehmen Sie sich die Zeit und durchforsten Sie unseren Katalog. Wir versprechen Ihnen: Nach dem Lesen des Katalogs haben Sie ein genaueres Bild, wie Sie Ihr Unternehmen digitalisieren k\u00f6nnten.<\/p>\n\n\n\n<h2 class=\"wp-block-heading\">Download des Launix Katalogs<\/h2>\n\n\n\n<div class=\"wp-block-contact-form-7-contact-form-selector\">\n<div class=\"wpcf7 no-js\" id=\"wpcf7-f3839-o1\" lang=\"en-US\" dir=\"ltr\" data-wpcf7-id=\"3839\">\n<div class=\"screen-reader-response\"><p role=\"status\" aria-live=\"polite\" aria-atomic=\"true\"><\/p> <ul><\/ul><\/div>\n<form action=\"\/launix\/wp-json\/wp\/v2\/pages\/1594#wpcf7-f3839-o1\" method=\"post\" class=\"wpcf7-form init\" aria-label=\"Contact form\" novalidate=\"novalidate\" data-status=\"init\">\n<fieldset class=\"hidden-fields-container\"><input type=\"hidden\" name=\"_wpcf7\" value=\"3839\" \/><input type=\"hidden\" name=\"_wpcf7_version\" value=\"6.1.5\" \/><input type=\"hidden\" name=\"_wpcf7_locale\" value=\"en_US\" \/><input type=\"hidden\" name=\"_wpcf7_unit_tag\" value=\"wpcf7-f3839-o1\" \/><input type=\"hidden\" name=\"_wpcf7_container_post\" value=\"0\" \/><input type=\"hidden\" name=\"_wpcf7_posted_data_hash\" value=\"\" \/>\n<\/fieldset>\n<div class=\"contact_style_3\">\n\t<div class=\"large-12 small-12 columns\">\n\t\t<p><span class=\"wpcf7-form-control-wrap\" data-name=\"your-email\"><input size=\"40\" maxlength=\"400\" class=\"wpcf7-form-control wpcf7-email wpcf7-text wpcf7-validates-as-email\" aria-invalid=\"false\" placeholder=\"Ihre E-Mail\" value=\"\" type=\"email\" name=\"your-email\" \/><\/span>\n\t\t<\/p>\n\t<\/div>\n\t<div class=\"large-12 small-12 columns\">\n\t\t<p><span class=\"wpcf7-form-control-wrap\" data-name=\"your-name\"><input size=\"40\" maxlength=\"400\" class=\"wpcf7-form-control wpcf7-text\" aria-invalid=\"false\" placeholder=\"Ihr Name\" value=\"\" type=\"text\" name=\"your-name\" \/><\/span><span class=\"wpcf7-form-control-wrap\" data-name=\"your-consent\"><span class=\"wpcf7-form-control wpcf7-acceptance\"><span class=\"wpcf7-list-item\"><label><input type=\"checkbox\" name=\"your-consent\" value=\"1\" aria-invalid=\"false\" \/><span class=\"wpcf7-list-item-label\">Indem Sie fortfahren, akzeptieren Sie unsere <a href=\"https:\/\/launix.de\/launix\/impressum-datenschutz\/\" target=\"_blank\">Datenschutzerkl&auml;rung<\/a><\/span><\/label><\/span><\/span><\/span><br \/>\n<div id=\"cf7sr-69f2332174018\" class=\"cf7sr-g-recaptcha\" data-theme=\"light\" data-type=\"image\" data-size=\"normal\" data-sitekey=\"6LdPLtoZAAAAAA0poRWX6sigbV5KdWLXDrm_If7w\"><\/div><span class=\"wpcf7-form-control-wrap cf7sr-recaptcha\" data-name=\"cf7sr-recaptcha\"><input type=\"hidden\" name=\"cf7sr-recaptcha\" value=\"\" class=\"wpcf7-form-control\"><\/span><br \/>\n<input class=\"wpcf7-form-control wpcf7-submit has-spinner\" type=\"submit\" value=\"Katalog Download\" \/>\n\t\t<\/p>\n\t<\/div>\n<\/div><div class=\"wpcf7-response-output\" aria-hidden=\"true\"><\/div>\n<\/form>\n<\/div>\n<\/div>\n","protected":false},"excerpt":{"rendered":"<p>Individuelle Software ist schwer greifbar. Zum Gl\u00fcck entstehen individuelle ERP und CRM nicht auf der gr\u00fcnen Wiese, sondern werden wiederum aus Standard-Modulen zusammengesetzt, die individualsiert werden k\u00f6nnen. Der Launix-Katalog ist nicht nur eine langweilige tabellarische Liste von Artikelnummern, sondern ein lebendiges Magazin mit: Beitr\u00e4gen und Wissenswertem Anleitungen Tipps&amp;Tricks Modulbeschreibungen einem Inhaltsverzeichnis, das als Entscheidungshilfe dient&#8230;<\/p>\n","protected":false},"author":2,"featured_media":0,"parent":0,"menu_order":0,"comment_status":"closed","ping_status":"closed","template":"","meta":{"_editorskit_title_hidden":false,"_editorskit_reading_time":1,"_editorskit_is_block_options_detached":false,"_editorskit_block_options_position":"{}","_uag_custom_page_level_css":"","footnotes":""},"class_list":["post-1594","page","type-page","status-publish","hentry","page--item"],"featured_image_urls_v2":{"full":"","thumbnail":"","medium":"","medium_large":"","large":"","1536x1536":"","2048x2048":"","trp-custom-language-flag":"","xs-thumb":"","appku-shop-single":""},"post_excerpt_stackable_v2":"<p>Individuelle Software ist schwer greifbar. Zum Gl\u00fcck entstehen individuelle ERP und CRM nicht auf der gr\u00fcnen Wiese, sondern werden wiederum aus Standard-Modulen zusammengesetzt, die individualsiert werden k\u00f6nnen. Der Launix-Katalog ist nicht nur eine langweilige tabellarische Liste von Artikelnummern, sondern ein lebendiges Magazin mit: Beitr\u00e4gen und WissenswertemAnleitungenTipps&amp;TricksModulbeschreibungeneinem Inhaltsverzeichnis, das als Entscheidungshilfe dient Nehmen Sie sich die Zeit und durchforsten Sie unseren Katalog. Wir versprechen Ihnen: Nach dem Lesen des Katalogs haben Sie ein genaueres Bild, wie Sie Ihr Unternehmen digitalisieren k\u00f6nnten. Download des Launix Katalogs Indem Sie fortfahren, akzeptieren Sie unsere Datenschutzerkl&auml;rung<\/p>\n","category_list_v2":"","author_info_v2":{"name":"Carl-Philip H\u00e4nsch","url":"https:\/\/launix.de\/launix\/author\/carli\/"},"comments_num_v2":"0 comments","uagb_featured_image_src":{"full":false,"thumbnail":false,"medium":false,"medium_large":false,"large":false,"1536x1536":false,"2048x2048":false,"trp-custom-language-flag":false,"xs-thumb":false,"appku-shop-single":false},"uagb_author_info":{"display_name":"Carl-Philip H\u00e4nsch","author_link":"https:\/\/launix.de\/launix\/author\/carli\/"},"uagb_comment_info":0,"uagb_excerpt":"Individuelle Software ist schwer greifbar. Zum Gl\u00fcck entstehen individuelle ERP und CRM nicht auf der gr\u00fcnen Wiese, sondern werden wiederum aus Standard-Modulen zusammengesetzt, die individualsiert werden k\u00f6nnen. Der Launix-Katalog ist nicht nur eine langweilige tabellarische Liste von Artikelnummern, sondern ein lebendiges Magazin mit: Beitr\u00e4gen und Wissenswertem Anleitungen Tipps&amp;Tricks Modulbeschreibungen einem Inhaltsverzeichnis, das als Entscheidungshilfe dient...","_links":{"self":[{"href":"https:\/\/launix.de\/launix\/wp-json\/wp\/v2\/pages\/1594","targetHints":{"allow":["GET"]}}],"collection":[{"href":"https:\/\/launix.de\/launix\/wp-json\/wp\/v2\/pages"}],"about":[{"href":"https:\/\/launix.de\/launix\/wp-json\/wp\/v2\/types\/page"}],"author":[{"embeddable":true,"href":"https:\/\/launix.de\/launix\/wp-json\/wp\/v2\/users\/2"}],"replies":[{"embeddable":true,"href":"https:\/\/launix.de\/launix\/wp-json\/wp\/v2\/comments?post=1594"}],"version-history":[{"count":11,"href":"https:\/\/launix.de\/launix\/wp-json\/wp\/v2\/pages\/1594\/revisions"}],"predecessor-version":[{"id":4448,"href":"https:\/\/launix.de\/launix\/wp-json\/wp\/v2\/pages\/1594\/revisions\/4448"}],"wp:attachment":[{"href":"https:\/\/launix.de\/launix\/wp-json\/wp\/v2\/media?parent=1594"}],"curies":[{"name":"wp","href":"https:\/\/api.w.org\/{rel}","templated":true}]}}