{"id":2139,"date":"2017-12-21T11:32:17","date_gmt":"2017-12-21T10:32:17","guid":{"rendered":"https:\/\/launix.de\/launix\/?page_id=2139"},"modified":"2020-06-22T09:51:40","modified_gmt":"2020-06-22T07:51:40","slug":"produkte","status":"publish","type":"page","link":"https:\/\/launix.de\/launix\/produkte\/","title":{"rendered":"Das FOP ERP"},"content":{"rendered":"\n<p>Unser Ziel ist es, die <strong>komplette Firma zu digitalisieren<\/strong>. Dazu entwickeln wir passgenau Software f\u00fcr Ihr Unternehmen. Damit wir f\u00fcr Sie ein attraktives System anbieten k\u00f6nnen, das <strong>alle<\/strong> Ihre Bed\u00fcrfnisse erf\u00fcllt, haben wir das ERP in hunderte konfigurierbare Module aufgeteilt, die alle sowohl einzeln, als auch im Zusammenspiel mit allen anderen Modulen funktionieren. <\/p>\n\n\n\n<p>Einige der wichtigsten Module wollen wir Ihnen hier vorstellen:<\/p>\n\n\n\n<div class=\"wp-block-columns has-4-columns is-layout-flex wp-container-core-columns-is-layout-9d6595d7 wp-block-columns-is-layout-flex\">\n<div class=\"wp-block-column is-layout-flow wp-block-column-is-layout-flow\">\n<figure class=\"wp-block-image is-resized\"><a href=\"https:\/\/launix.de\/launix\/launix-startup-das-erp-fuer-alle-die-kein-erp-brauchen\/\" target=\"_blank\" rel=\"noreferrer noopener\"><img loading=\"lazy\" decoding=\"async\" src=\"https:\/\/launix.de\/launix\/wp-content\/uploads\/2019\/07\/starterpaket-cd-724x1024.png\" alt=\"\" class=\"wp-image-3259\" width=\"181\" height=\"256\" srcset=\"https:\/\/launix.de\/launix\/wp-content\/uploads\/2019\/07\/starterpaket-cd-724x1024.png 724w, https:\/\/launix.de\/launix\/wp-content\/uploads\/2019\/07\/starterpaket-cd-212x300.png 212w, https:\/\/launix.de\/launix\/wp-content\/uploads\/2019\/07\/starterpaket-cd-768x1086.png 768w, https:\/\/launix.de\/launix\/wp-content\/uploads\/2019\/07\/starterpaket-cd.png 794w\" sizes=\"auto, (max-width: 181px) 100vw, 181px\" \/><\/a><\/figure>\n<\/div>\n\n\n\n<div class=\"wp-block-column is-layout-flow wp-block-column-is-layout-flow\">\n<figure class=\"wp-block-image is-resized\"><a href=\"https:\/\/launix.de\/launix\/crm-fuer-grosse-unternehmen\/\" target=\"_blank\" rel=\"noreferrer noopener\"><img loading=\"lazy\" decoding=\"async\" src=\"https:\/\/launix.de\/launix\/wp-content\/uploads\/2019\/06\/crm-cd-724x1024.png\" alt=\"\" class=\"wp-image-3216\" width=\"181\" height=\"256\" srcset=\"https:\/\/launix.de\/launix\/wp-content\/uploads\/2019\/06\/crm-cd-724x1024.png 724w, https:\/\/launix.de\/launix\/wp-content\/uploads\/2019\/06\/crm-cd-212x300.png 212w, https:\/\/launix.de\/launix\/wp-content\/uploads\/2019\/06\/crm-cd-768x1086.png 768w, https:\/\/launix.de\/launix\/wp-content\/uploads\/2019\/06\/crm-cd-600x849.png 600w, https:\/\/launix.de\/launix\/wp-content\/uploads\/2019\/06\/crm-cd.png 794w\" sizes=\"auto, (max-width: 181px) 100vw, 181px\" \/><\/a><\/figure>\n<\/div>\n\n\n\n<div class=\"wp-block-column is-layout-flow wp-block-column-is-layout-flow\">\n<figure class=\"wp-block-image is-resized\"><a href=\"https:\/\/launix.de\/launix\/vertragsmanagement\/\" target=\"_blank\" rel=\"noreferrer noopener\"><img loading=\"lazy\" decoding=\"async\" src=\"https:\/\/launix.de\/launix\/wp-content\/uploads\/2019\/06\/vertragsverwaltung-cd-724x1024.png\" alt=\"\" class=\"wp-image-3217\" width=\"181\" height=\"256\" srcset=\"https:\/\/launix.de\/launix\/wp-content\/uploads\/2019\/06\/vertragsverwaltung-cd-724x1024.png 724w, https:\/\/launix.de\/launix\/wp-content\/uploads\/2019\/06\/vertragsverwaltung-cd-212x300.png 212w, https:\/\/launix.de\/launix\/wp-content\/uploads\/2019\/06\/vertragsverwaltung-cd-768x1086.png 768w, https:\/\/launix.de\/launix\/wp-content\/uploads\/2019\/06\/vertragsverwaltung-cd-600x849.png 600w, https:\/\/launix.de\/launix\/wp-content\/uploads\/2019\/06\/vertragsverwaltung-cd.png 794w\" sizes=\"auto, (max-width: 181px) 100vw, 181px\" \/><\/a><\/figure>\n<\/div>\n\n\n\n<div class=\"wp-block-column is-layout-flow wp-block-column-is-layout-flow\">\n<figure class=\"wp-block-image is-resized\"><a href=\"https:\/\/launix.de\/launix\/digitalisierung-in-der-steuerkanzlei\/\" target=\"_blank\" rel=\"noreferrer noopener\"><img loading=\"lazy\" decoding=\"async\" src=\"https:\/\/launix.de\/launix\/wp-content\/uploads\/2019\/06\/digitalbuch-cd-724x1024.png\" alt=\"\" class=\"wp-image-3218\" width=\"181\" height=\"256\" srcset=\"https:\/\/launix.de\/launix\/wp-content\/uploads\/2019\/06\/digitalbuch-cd-724x1024.png 724w, https:\/\/launix.de\/launix\/wp-content\/uploads\/2019\/06\/digitalbuch-cd-212x300.png 212w, https:\/\/launix.de\/launix\/wp-content\/uploads\/2019\/06\/digitalbuch-cd-768x1086.png 768w, https:\/\/launix.de\/launix\/wp-content\/uploads\/2019\/06\/digitalbuch-cd-600x849.png 600w, https:\/\/launix.de\/launix\/wp-content\/uploads\/2019\/06\/digitalbuch-cd.png 794w\" sizes=\"auto, (max-width: 181px) 100vw, 181px\" \/><\/a><\/figure>\n<\/div>\n<\/div>\n\n\n\n\n\n<div class=\"wp-block-media-text alignwide\"><figure class=\"wp-block-media-text__media\"><img loading=\"lazy\" decoding=\"async\" width=\"1024\" height=\"1024\" src=\"https:\/\/launix.de\/launix\/wp-content\/uploads\/2016\/08\/white-male-1992572_1920-1024x1024.jpg\" alt=\"\" class=\"wp-image-2742\" srcset=\"https:\/\/launix.de\/launix\/wp-content\/uploads\/2016\/08\/white-male-1992572_1920-1024x1024.jpg 1024w, https:\/\/launix.de\/launix\/wp-content\/uploads\/2016\/08\/white-male-1992572_1920-150x150.jpg 150w, https:\/\/launix.de\/launix\/wp-content\/uploads\/2016\/08\/white-male-1992572_1920-300x300.jpg 300w, https:\/\/launix.de\/launix\/wp-content\/uploads\/2016\/08\/white-male-1992572_1920-768x768.jpg 768w, https:\/\/launix.de\/launix\/wp-content\/uploads\/2016\/08\/white-male-1992572_1920-600x600.jpg 600w, https:\/\/launix.de\/launix\/wp-content\/uploads\/2016\/08\/white-male-1992572_1920.jpg 1920w\" sizes=\"auto, (max-width: 1024px) 100vw, 1024px\" \/><\/figure><div class=\"wp-block-media-text__content\">\n<p><strong>CRMs<\/strong> erlauben Unternehmen, \u00dcberblick \u00fcber ihre Kundenbeziehungen zu behalten und effektiv Stammkunden zu halten und Neukunden systematisch zu gewinnen.<\/p>\n<\/div><\/div>\n\n\n\n<div class=\"wp-block-media-text alignwide has-media-on-the-right\"><figure class=\"wp-block-media-text__media\"><img loading=\"lazy\" decoding=\"async\" width=\"1024\" height=\"545\" src=\"https:\/\/launix.de\/launix\/wp-content\/uploads\/2017\/11\/Bildschirmfoto-von-\u00bb2017-11-26-10-58-04\u00ab-1024x545.png\" alt=\"\" class=\"wp-image-2096\" srcset=\"https:\/\/launix.de\/launix\/wp-content\/uploads\/2017\/11\/Bildschirmfoto-von-\u00bb2017-11-26-10-58-04\u00ab-1024x545.png 1024w, https:\/\/launix.de\/launix\/wp-content\/uploads\/2017\/11\/Bildschirmfoto-von-\u00bb2017-11-26-10-58-04\u00ab-300x160.png 300w, https:\/\/launix.de\/launix\/wp-content\/uploads\/2017\/11\/Bildschirmfoto-von-\u00bb2017-11-26-10-58-04\u00ab-768x409.png 768w, https:\/\/launix.de\/launix\/wp-content\/uploads\/2017\/11\/Bildschirmfoto-von-\u00bb2017-11-26-10-58-04\u00ab-600x319.png 600w, https:\/\/launix.de\/launix\/wp-content\/uploads\/2017\/11\/Bildschirmfoto-von-\u00bb2017-11-26-10-58-04\u00ab.png 1574w\" sizes=\"auto, (max-width: 1024px) 100vw, 1024px\" \/><\/figure><div class=\"wp-block-media-text__content\">\n<p><strong>ERPs<\/strong> verwalten Betriebs- und Stammdaten und erlauben darauf basierend Analysen wie z.B. optimalen Einkaufs-Bedarf, Margenberechnung oder Rentabilit\u00e4tsvorschau.<\/p>\n<\/div><\/div>\n\n\n\n<div class=\"wp-block-media-text alignwide\"><figure class=\"wp-block-media-text__media\"><img loading=\"lazy\" decoding=\"async\" width=\"1024\" height=\"507\" src=\"https:\/\/launix.de\/launix\/wp-content\/uploads\/2019\/01\/Formular-1024x507.jpg\" alt=\"\" class=\"wp-image-2792\" srcset=\"https:\/\/launix.de\/launix\/wp-content\/uploads\/2019\/01\/Formular-1024x507.jpg 1024w, https:\/\/launix.de\/launix\/wp-content\/uploads\/2019\/01\/Formular-300x148.jpg 300w, https:\/\/launix.de\/launix\/wp-content\/uploads\/2019\/01\/Formular-768x380.jpg 768w, https:\/\/launix.de\/launix\/wp-content\/uploads\/2019\/01\/Formular-600x297.jpg 600w, https:\/\/launix.de\/launix\/wp-content\/uploads\/2019\/01\/Formular.jpg 1920w\" sizes=\"auto, (max-width: 1024px) 100vw, 1024px\" \/><\/figure><div class=\"wp-block-media-text__content\">\n<p><strong>Kundenportale<\/strong> &#8211; Verbessern Sie Ihren Service, indem Sie Ihren Kunden erlauben, sich selbst auf Ihrer Website einzuloggen und z.B. neue Tarife zu bestellen oder abzu\u00e4ndern. Service spricht sich herum!<\/p>\n<\/div><\/div>\n\n\n\n<div class=\"wp-block-media-text alignwide has-media-on-the-right\"><figure class=\"wp-block-media-text__media\"><img loading=\"lazy\" decoding=\"async\" width=\"1024\" height=\"680\" src=\"https:\/\/launix.de\/launix\/wp-content\/uploads\/2018\/12\/travelator-1209281_1920-1024x680.jpg\" alt=\"\" class=\"wp-image-2602\" srcset=\"https:\/\/launix.de\/launix\/wp-content\/uploads\/2018\/12\/travelator-1209281_1920-1024x680.jpg 1024w, https:\/\/launix.de\/launix\/wp-content\/uploads\/2018\/12\/travelator-1209281_1920-300x199.jpg 300w, https:\/\/launix.de\/launix\/wp-content\/uploads\/2018\/12\/travelator-1209281_1920-768x510.jpg 768w, https:\/\/launix.de\/launix\/wp-content\/uploads\/2018\/12\/travelator-1209281_1920-600x398.jpg 600w, https:\/\/launix.de\/launix\/wp-content\/uploads\/2018\/12\/travelator-1209281_1920-360x240.jpg 360w, https:\/\/launix.de\/launix\/wp-content\/uploads\/2018\/12\/travelator-1209281_1920.jpg 1920w\" sizes=\"auto, (max-width: 1024px) 100vw, 1024px\" \/><\/figure><div class=\"wp-block-media-text__content\">\n<p><strong>Ma\u00dfgeschneiderte Software <\/strong>hilft, zu optimieren, zu strukturieren und zu organisieren. Moderne Unternehmen setzen auf die 3 Grunds\u00e4ulen Kapital, Arbeit und Software.<\/p>\n<\/div><\/div>\n\n\n\n<div class=\"wp-block-ub-call-to-action\"><div class=\"ub_call_to_action\" style=\"background-color:#f8f8f8;border:2px solid;border-color:#ECECEC\"><div class=\"ub_call_to_action_headline\"><p class=\"ub_call_to_action_headline_text\" style=\"font-size:30px;color:#444444;text-align:center\">Ben\u00f6tigen Sie eine ma\u00dfgeschneiderte L\u00f6sung?<\/p><\/div><div class=\"ub_call_to_action_content\"><p class=\"ub_cta_content_text\" style=\"font-size:15px;color:#444444;text-align:center\">Schildern Sie uns Ihre Situation und wir liefern Ihnen eine L\u00f6sung<\/p><\/div><div class=\"ub_call_to_action_button\"><a href=\"mailto:info+produkte@launix.de\" target=\"_self\" rel=\"noopener noreferrer\" class=\"wp-block-button ub_cta_button\" style=\"background-color:#E27330;width:250px\"><p class=\"ub_cta_button_text\" style=\"color:#ffffff;font-size:14px\">Jetzt Kontakt aufnehmen<\/p><\/a><\/div><\/div><\/div>\n","protected":false},"excerpt":{"rendered":"<p>Unser Ziel ist es, die komplette Firma zu digitalisieren. Dazu entwickeln wir passgenau Software f\u00fcr Ihr Unternehmen. Damit wir f\u00fcr Sie ein attraktives System anbieten k\u00f6nnen, das alle Ihre Bed\u00fcrfnisse erf\u00fcllt, haben wir das ERP in hunderte konfigurierbare Module aufgeteilt, die alle sowohl einzeln, als auch im Zusammenspiel mit allen anderen Modulen funktionieren. Einige der&#8230;<\/p>\n","protected":false},"author":2,"featured_media":0,"parent":0,"menu_order":0,"comment_status":"closed","ping_status":"closed","template":"","meta":{"_editorskit_title_hidden":false,"_editorskit_reading_time":0,"_editorskit_is_block_options_detached":false,"_editorskit_block_options_position":"{}","_uag_custom_page_level_css":"","footnotes":""},"class_list":["post-2139","page","type-page","status-publish","hentry","page--item"],"featured_image_urls_v2":{"full":"","thumbnail":"","medium":"","medium_large":"","large":"","1536x1536":"","2048x2048":"","trp-custom-language-flag":"","xs-thumb":"","appku-shop-single":""},"post_excerpt_stackable_v2":"<p>Unser Ziel ist es, die komplette Firma zu digitalisieren. Dazu entwickeln wir passgenau Software f\u00fcr Ihr Unternehmen. Damit wir f\u00fcr Sie ein attraktives System anbieten k\u00f6nnen, das alle Ihre Bed\u00fcrfnisse erf\u00fcllt, haben wir das ERP in hunderte konfigurierbare Module aufgeteilt, die alle sowohl einzeln, als auch im Zusammenspiel mit allen anderen Modulen funktionieren. Einige der wichtigsten Module wollen wir Ihnen hier vorstellen: CRMs erlauben Unternehmen, \u00dcberblick \u00fcber ihre Kundenbeziehungen zu behalten und effektiv Stammkunden zu halten und Neukunden systematisch zu gewinnen. ERPs verwalten Betriebs- und Stammdaten und erlauben darauf basierend Analysen wie z.B. optimalen Einkaufs-Bedarf, Margenberechnung oder Rentabilit\u00e4tsvorschau. Kundenportale &#8211;&hellip;<\/p>\n","category_list_v2":"","author_info_v2":{"name":"Carl-Philip H\u00e4nsch","url":"https:\/\/launix.de\/launix\/author\/carli\/"},"comments_num_v2":"0 comments","uagb_featured_image_src":{"full":false,"thumbnail":false,"medium":false,"medium_large":false,"large":false,"1536x1536":false,"2048x2048":false,"trp-custom-language-flag":false,"xs-thumb":false,"appku-shop-single":false},"uagb_author_info":{"display_name":"Carl-Philip H\u00e4nsch","author_link":"https:\/\/launix.de\/launix\/author\/carli\/"},"uagb_comment_info":0,"uagb_excerpt":"Unser Ziel ist es, die komplette Firma zu digitalisieren. Dazu entwickeln wir passgenau Software f\u00fcr Ihr Unternehmen. Damit wir f\u00fcr Sie ein attraktives System anbieten k\u00f6nnen, das alle Ihre Bed\u00fcrfnisse erf\u00fcllt, haben wir das ERP in hunderte konfigurierbare Module aufgeteilt, die alle sowohl einzeln, als auch im Zusammenspiel mit allen anderen Modulen funktionieren. Einige der...","_links":{"self":[{"href":"https:\/\/launix.de\/launix\/wp-json\/wp\/v2\/pages\/2139","targetHints":{"allow":["GET"]}}],"collection":[{"href":"https:\/\/launix.de\/launix\/wp-json\/wp\/v2\/pages"}],"about":[{"href":"https:\/\/launix.de\/launix\/wp-json\/wp\/v2\/types\/page"}],"author":[{"embeddable":true,"href":"https:\/\/launix.de\/launix\/wp-json\/wp\/v2\/users\/2"}],"replies":[{"embeddable":true,"href":"https:\/\/launix.de\/launix\/wp-json\/wp\/v2\/comments?post=2139"}],"version-history":[{"count":17,"href":"https:\/\/launix.de\/launix\/wp-json\/wp\/v2\/pages\/2139\/revisions"}],"predecessor-version":[{"id":3722,"href":"https:\/\/launix.de\/launix\/wp-json\/wp\/v2\/pages\/2139\/revisions\/3722"}],"wp:attachment":[{"href":"https:\/\/launix.de\/launix\/wp-json\/wp\/v2\/media?parent=2139"}],"curies":[{"name":"wp","href":"https:\/\/api.w.org\/{rel}","templated":true}]}}