{"id":4404,"date":"2021-11-15T10:46:26","date_gmt":"2021-11-15T09:46:26","guid":{"rendered":"https:\/\/launix.de\/launix\/?page_id=4404"},"modified":"2021-11-15T11:59:06","modified_gmt":"2021-11-15T10:59:06","slug":"der-kostenlose-digitalisierungs-workshop-von-launix","status":"publish","type":"page","link":"https:\/\/launix.de\/launix\/der-kostenlose-digitalisierungs-workshop-von-launix\/","title":{"rendered":"Der Kostenlose Digitalisierungs-Workshop von Launix"},"content":{"rendered":"\n<p>Sind Sie Unternehmensberater? Haben Sie einen Themenschwerpunkt in Ihrer Beratung (Personal, Controlling, Coaching, Marketing, usw.) und kommen st\u00e4ndig mit dem Thema <strong>Digitalisierung<\/strong> in Ber\u00fchrung?<\/p>\n\n\n\n<div><!--more--><\/div>\n\n\n\n<h2 class=\"wp-block-heading\">Thema und Inhalte des Workshop<\/h2>\n\n\n\n<div class=\"wp-block-image is-style-editorskit-diagonal\"><figure class=\"alignright size-large is-resized\"><img loading=\"lazy\" decoding=\"async\" src=\"https:\/\/launix.de\/launix\/wp-content\/uploads\/2021\/11\/consulting-3031678_1920-1024x682.jpg\" alt=\"\" class=\"wp-image-4405\" width=\"512\" height=\"341\" srcset=\"https:\/\/launix.de\/launix\/wp-content\/uploads\/2021\/11\/consulting-3031678_1920-1024x682.jpg 1024w, https:\/\/launix.de\/launix\/wp-content\/uploads\/2021\/11\/consulting-3031678_1920-300x200.jpg 300w, https:\/\/launix.de\/launix\/wp-content\/uploads\/2021\/11\/consulting-3031678_1920-768x512.jpg 768w, https:\/\/launix.de\/launix\/wp-content\/uploads\/2021\/11\/consulting-3031678_1920-600x400.jpg 600w, https:\/\/launix.de\/launix\/wp-content\/uploads\/2021\/11\/consulting-3031678_1920-1536x1023.jpg 1536w, https:\/\/launix.de\/launix\/wp-content\/uploads\/2021\/11\/consulting-3031678_1920.jpg 1920w\" sizes=\"auto, (max-width: 512px) 100vw, 512px\" \/><\/figure><\/div>\n\n\n\n<p>In diesem <strong>kostenlosen<\/strong> Workshop erlernen Sie folgende Themen und Techniken:<\/p>\n\n\n\n<ul class=\"wp-block-list\"><li>\u00dcberblick \u00fcber Softwarearten und -gattungen<\/li><li>Erkennen von Problemen in Unternehmens-Softwarelandschaften wie:<ul><li>Mehrfache Dateneingabe und fehlende Schnittstellen<\/li><li>Fehlende Prozessabbildungen<\/li><li>Doppelte Datenschemen<\/li><li>Mitarbeiter-Zufriedenheit<\/li><li>Kunden-Verkaufstrichter<\/li><li>Servicequalit\u00e4t und Kundenzufriedenheit<\/li><\/ul><\/li><li>Analyse der bisherigen Unternehmens-Softwarelandschaft im Hinblick auf die Eignung f\u00fcr die Bew\u00e4ltigung der t\u00e4glichen Aufgaben des Unternehmens<\/li><li>Einbeziehung Ihres Beratungsschwerpunkts durch das komplette Thema hinweg<\/li><li>\u00dcbung: Betriebswirtschaftliche Perspektiven einnehmen<\/li><li>\u00dcbung: Einnehmen verschiedener Perspektiven <ul><li>wann kauft der Gesch\u00e4ftsf\u00fchrer Ihre Beratung ein<\/li><li>wie f\u00fchlen sich die Mitarbeiter dabei<\/li><li>was denken die Kunden<\/li><\/ul><\/li><li><strong>Pause<\/strong><\/li><li>Entwurf einer idealen Unternehmens-Softwarelandschaft f\u00fcr eine konkrete Ausgangssituation<\/li><li>Pflichtenhefterstellung (Thema wird je nach Ihrer Situation entweder nur angerissen oder vertieft)<ul><li>Schreiben eines zielgenauen Einleitungstextes<\/li><li>Architekturdiagramm<\/li><li>Kriterienkatalog<\/li><li>Testfallkatalog<\/li><\/ul><\/li><li>Tipps f\u00fcr das Schreiben von F\u00f6rderantr\u00e4gen zu Softwaref\u00f6rderung<\/li><\/ul>\n\n\n\n<h2 class=\"wp-block-heading\">Was bringt Ihnen der Workshop<\/h2>\n\n\n\n<p>F\u00fcr unseren Workshop haben wir folgende Learnings eingeplant:<\/p>\n\n\n\n<ul class=\"wp-block-list\"><li>Augen\u00f6ffner f\u00fcr Digitalisierungsthemen<\/li><li>Mehr Beratungs-Content f\u00fcr Sie und Ihre Beratung: Mit Digital-Strategie und Pflichtenhefterstellung k\u00f6nnen Sie mindestens 5-10 Tagewerke Zusatz-Content f\u00fcr Ihre Beratungen anbieten<\/li><li>Kennenlernen Launix \u21c4 Unternehmensberater<\/li><li>Zielgerichtete Weiterempfehlung von Launix-Kunden an Ihr Beratungsunternehmen<\/li><li>Einbeziehung der Launix in Ihre Ausschreibungs- und Empfehlungsprozesse<\/li><\/ul>\n\n\n\n<h2 class=\"wp-block-heading\">Wie l\u00e4uft der Workshop ab?<\/h2>\n\n\n\n<ul class=\"wp-block-list\"><li>Sie machen uns 3 Terminvorschl\u00e4ge<\/li><li>Damit der Workshop kostenlos bleibt, findet er bei uns statt: Liechtensteinstr. 17 in 02727 Neugersdorf<\/li><li>Der Beginn ist flexibel und je nach Ihrer Anfahrt f\u00fcr 9:00 oder 10:00 angesetzt<\/li><li>Der Richtwert f\u00fcr die Dauer des Workshops sind 6 Stunden<\/li><li>In der Mittagspause gibt es die M\u00f6glichkeit, diverse Restaurants in Deutschland oder Tschechien zu besuchen oder sich Essen liefern zu lassen<\/li><li>Es werden <strong>keinerlei Verpflichtungen<\/strong> eingegangen. Der Workshop dient dem Kennenlernen und f\u00fcr Sie als <strong>Weiterbildung<\/strong>. Sie als Berater bleiben <strong>unabh\u00e4ngig<\/strong>.<\/li><\/ul>\n\n\n\n<p>Haben Sie noch Fragen? Rufen Sie kurz zur\u00fcck unter: +49 3586 319 0000<\/p>\n\n\n\n<p>Bewerben Sie sich jetzt f\u00fcr den kostenlosen Digitalisierungs-Workshoptag:<\/p>\n\n\n<div>\n<div class=\"wpcf7 no-js\" id=\"wpcf7-f4406-o1\" lang=\"de-DE\" dir=\"ltr\" data-wpcf7-id=\"4406\">\n<div class=\"screen-reader-response\"><p role=\"status\" aria-live=\"polite\" aria-atomic=\"true\"><\/p> <ul><\/ul><\/div>\n<form action=\"\/launix\/wp-json\/wp\/v2\/pages\/4404#wpcf7-f4406-o1\" method=\"post\" class=\"wpcf7-form init\" aria-label=\"Kontaktformular\" novalidate=\"novalidate\" data-status=\"init\">\n<fieldset class=\"hidden-fields-container\"><input type=\"hidden\" name=\"_wpcf7\" value=\"4406\" \/><input type=\"hidden\" name=\"_wpcf7_version\" value=\"6.1.5\" \/><input type=\"hidden\" name=\"_wpcf7_locale\" value=\"de_DE\" \/><input type=\"hidden\" name=\"_wpcf7_unit_tag\" value=\"wpcf7-f4406-o1\" \/><input type=\"hidden\" name=\"_wpcf7_container_post\" value=\"0\" \/><input type=\"hidden\" name=\"_wpcf7_posted_data_hash\" value=\"\" \/>\n<\/fieldset>\n<p><label> Name<br \/>\n<span class=\"wpcf7-form-control-wrap\" data-name=\"your-name\"><input size=\"40\" maxlength=\"400\" class=\"wpcf7-form-control wpcf7-text wpcf7-validates-as-required\" aria-required=\"true\" aria-invalid=\"false\" value=\"\" type=\"text\" name=\"your-name\" \/><\/span> <\/label>\n<\/p>\n<p><label> Firma<br \/>\n<span class=\"wpcf7-form-control-wrap\" data-name=\"your-firma\"><input size=\"40\" maxlength=\"400\" class=\"wpcf7-form-control wpcf7-text wpcf7-validates-as-required\" aria-required=\"true\" aria-invalid=\"false\" value=\"\" type=\"text\" name=\"your-firma\" \/><\/span> <\/label>\n<\/p>\n<p><label> Beratungsschwerpunkt als Unternehmensberater<br \/>\n<span class=\"wpcf7-form-control-wrap\" data-name=\"your-topic\"><input size=\"40\" maxlength=\"400\" class=\"wpcf7-form-control wpcf7-text wpcf7-validates-as-required\" aria-required=\"true\" aria-invalid=\"false\" value=\"\" type=\"text\" name=\"your-topic\" \/><\/span> <\/label>\n<\/p>\n<p><label> E-Mail-Adresse<br \/>\n<span class=\"wpcf7-form-control-wrap\" data-name=\"your-email\"><input size=\"40\" maxlength=\"400\" class=\"wpcf7-form-control wpcf7-email wpcf7-validates-as-required wpcf7-text wpcf7-validates-as-email\" aria-required=\"true\" aria-invalid=\"false\" value=\"\" type=\"email\" name=\"your-email\" \/><\/span> <\/label>\n<\/p>\n<p><label> Telefonnummer<br \/>\n<span class=\"wpcf7-form-control-wrap\" data-name=\"your-tel\"><input size=\"40\" maxlength=\"400\" class=\"wpcf7-form-control wpcf7-tel wpcf7-validates-as-required wpcf7-text wpcf7-validates-as-tel\" aria-required=\"true\" aria-invalid=\"false\" value=\"\" type=\"tel\" name=\"your-tel\" \/><\/span> <\/label>\n<\/p>\n<p><label> Terminvorschlag 1<br \/>\n<span class=\"wpcf7-form-control-wrap\" data-name=\"date-1\"><input class=\"wpcf7-form-control wpcf7-date wpcf7-validates-as-required wpcf7-validates-as-date\" aria-required=\"true\" aria-invalid=\"false\" value=\"\" type=\"date\" name=\"date-1\" \/><\/span> <\/label>\n<\/p>\n<p><label> Terminvorschlag 2<br \/>\n<span class=\"wpcf7-form-control-wrap\" data-name=\"date-2\"><input class=\"wpcf7-form-control wpcf7-date wpcf7-validates-as-required wpcf7-validates-as-date\" aria-required=\"true\" aria-invalid=\"false\" value=\"\" type=\"date\" name=\"date-2\" \/><\/span> <\/label>\n<\/p>\n<p><label> Terminvorschlag 3<br \/>\n<span class=\"wpcf7-form-control-wrap\" data-name=\"date-3\"><input class=\"wpcf7-form-control wpcf7-date wpcf7-validates-as-date\" aria-invalid=\"false\" value=\"\" type=\"date\" name=\"date-3\" \/><\/span> <\/label>\n<\/p>\n<p><div id=\"cf7sr-69eda836b2a8a\" class=\"cf7sr-g-recaptcha\" data-theme=\"light\" data-type=\"image\" data-size=\"normal\" data-sitekey=\"6LdPLtoZAAAAAA0poRWX6sigbV5KdWLXDrm_If7w\"><\/div><span class=\"wpcf7-form-control-wrap cf7sr-recaptcha\" data-name=\"cf7sr-recaptcha\"><input type=\"hidden\" name=\"cf7sr-recaptcha\" value=\"\" class=\"wpcf7-form-control\"><\/span>\n<\/p>\n<p><input class=\"wpcf7-form-control wpcf7-submit has-spinner\" type=\"submit\" value=\"Senden\" \/>\n<\/p><div class=\"wpcf7-response-output\" aria-hidden=\"true\"><\/div>\n<\/form>\n<\/div>\n<\/div>\n","protected":false},"excerpt":{"rendered":"<p>Sind Sie Unternehmensberater? Haben Sie einen Themenschwerpunkt in Ihrer Beratung (Personal, Controlling, Coaching, Marketing, usw.) und kommen st\u00e4ndig mit dem Thema Digitalisierung in Ber\u00fchrung?<\/p>\n","protected":false},"author":2,"featured_media":4405,"parent":0,"menu_order":0,"comment_status":"closed","ping_status":"closed","template":"","meta":{"_editorskit_title_hidden":false,"_editorskit_reading_time":1,"_editorskit_is_block_options_detached":false,"_editorskit_block_options_position":"{}","_uag_custom_page_level_css":"","footnotes":""},"class_list":["post-4404","page","type-page","status-publish","has-post-thumbnail","hentry","page--item"],"featured_image_urls_v2":{"full":["https:\/\/launix.de\/launix\/wp-content\/uploads\/2021\/11\/consulting-3031678_1920.jpg",1920,1279,false],"thumbnail":["https:\/\/launix.de\/launix\/wp-content\/uploads\/2021\/11\/consulting-3031678_1920-150x150.jpg",150,150,true],"medium":["https:\/\/launix.de\/launix\/wp-content\/uploads\/2021\/11\/consulting-3031678_1920-300x200.jpg",300,200,true],"medium_large":["https:\/\/launix.de\/launix\/wp-content\/uploads\/2021\/11\/consulting-3031678_1920-768x512.jpg",751,501,true],"large":["https:\/\/launix.de\/launix\/wp-content\/uploads\/2021\/11\/consulting-3031678_1920-1024x682.jpg",751,500,true],"1536x1536":["https:\/\/launix.de\/launix\/wp-content\/uploads\/2021\/11\/consulting-3031678_1920-1536x1023.jpg",1536,1023,true],"2048x2048":["https:\/\/launix.de\/launix\/wp-content\/uploads\/2021\/11\/consulting-3031678_1920.jpg",1920,1279,false],"trp-custom-language-flag":["https:\/\/launix.de\/launix\/wp-content\/uploads\/2021\/11\/consulting-3031678_1920.jpg",18,12,false],"xs-thumb":["https:\/\/launix.de\/launix\/wp-content\/uploads\/2021\/11\/consulting-3031678_1920-64x64.jpg",64,64,true],"appku-shop-single":["https:\/\/launix.de\/launix\/wp-content\/uploads\/2021\/11\/consulting-3031678_1920.jpg",620,413,false]},"post_excerpt_stackable_v2":"<p>Sind Sie Unternehmensberater? Haben Sie einen Themenschwerpunkt in Ihrer Beratung (Personal, Controlling, Coaching, Marketing, usw.) und kommen st\u00e4ndig mit dem Thema Digitalisierung in Ber\u00fchrung? Thema und Inhalte des Workshop In diesem kostenlosen Workshop erlernen Sie folgende Themen und Techniken: \u00dcberblick \u00fcber Softwarearten und -gattungenErkennen von Problemen in Unternehmens-Softwarelandschaften wie:Mehrfache Dateneingabe und fehlende SchnittstellenFehlende ProzessabbildungenDoppelte DatenschemenMitarbeiter-ZufriedenheitKunden-VerkaufstrichterServicequalit\u00e4t und KundenzufriedenheitAnalyse der bisherigen Unternehmens-Softwarelandschaft im Hinblick auf die Eignung f\u00fcr die Bew\u00e4ltigung der t\u00e4glichen Aufgaben des UnternehmensEinbeziehung Ihres Beratungsschwerpunkts durch das komplette Thema hinweg\u00dcbung: Betriebswirtschaftliche Perspektiven einnehmen\u00dcbung: Einnehmen verschiedener Perspektiven wann kauft der Gesch\u00e4ftsf\u00fchrer Ihre Beratung einwie f\u00fchlen sich die Mitarbeiter dabeiwas denken die&hellip;<\/p>\n","category_list_v2":"","author_info_v2":{"name":"Carl-Philip H\u00e4nsch","url":"https:\/\/launix.de\/launix\/author\/carli\/"},"comments_num_v2":"0 comments","uagb_featured_image_src":{"full":["https:\/\/launix.de\/launix\/wp-content\/uploads\/2021\/11\/consulting-3031678_1920.jpg",1920,1279,false],"thumbnail":["https:\/\/launix.de\/launix\/wp-content\/uploads\/2021\/11\/consulting-3031678_1920-150x150.jpg",150,150,true],"medium":["https:\/\/launix.de\/launix\/wp-content\/uploads\/2021\/11\/consulting-3031678_1920-300x200.jpg",300,200,true],"medium_large":["https:\/\/launix.de\/launix\/wp-content\/uploads\/2021\/11\/consulting-3031678_1920-768x512.jpg",751,501,true],"large":["https:\/\/launix.de\/launix\/wp-content\/uploads\/2021\/11\/consulting-3031678_1920-1024x682.jpg",751,500,true],"1536x1536":["https:\/\/launix.de\/launix\/wp-content\/uploads\/2021\/11\/consulting-3031678_1920-1536x1023.jpg",1536,1023,true],"2048x2048":["https:\/\/launix.de\/launix\/wp-content\/uploads\/2021\/11\/consulting-3031678_1920.jpg",1920,1279,false],"trp-custom-language-flag":["https:\/\/launix.de\/launix\/wp-content\/uploads\/2021\/11\/consulting-3031678_1920.jpg",18,12,false],"xs-thumb":["https:\/\/launix.de\/launix\/wp-content\/uploads\/2021\/11\/consulting-3031678_1920-64x64.jpg",64,64,true],"appku-shop-single":["https:\/\/launix.de\/launix\/wp-content\/uploads\/2021\/11\/consulting-3031678_1920.jpg",620,413,false]},"uagb_author_info":{"display_name":"Carl-Philip H\u00e4nsch","author_link":"https:\/\/launix.de\/launix\/author\/carli\/"},"uagb_comment_info":0,"uagb_excerpt":"Sind Sie Unternehmensberater? Haben Sie einen Themenschwerpunkt in Ihrer Beratung (Personal, Controlling, Coaching, Marketing, usw.) und kommen st\u00e4ndig mit dem Thema Digitalisierung in Ber\u00fchrung?","_links":{"self":[{"href":"https:\/\/launix.de\/launix\/wp-json\/wp\/v2\/pages\/4404","targetHints":{"allow":["GET"]}}],"collection":[{"href":"https:\/\/launix.de\/launix\/wp-json\/wp\/v2\/pages"}],"about":[{"href":"https:\/\/launix.de\/launix\/wp-json\/wp\/v2\/types\/page"}],"author":[{"embeddable":true,"href":"https:\/\/launix.de\/launix\/wp-json\/wp\/v2\/users\/2"}],"replies":[{"embeddable":true,"href":"https:\/\/launix.de\/launix\/wp-json\/wp\/v2\/comments?post=4404"}],"version-history":[{"count":9,"href":"https:\/\/launix.de\/launix\/wp-json\/wp\/v2\/pages\/4404\/revisions"}],"predecessor-version":[{"id":4417,"href":"https:\/\/launix.de\/launix\/wp-json\/wp\/v2\/pages\/4404\/revisions\/4417"}],"wp:featuredmedia":[{"embeddable":true,"href":"https:\/\/launix.de\/launix\/wp-json\/wp\/v2\/media\/4405"}],"wp:attachment":[{"href":"https:\/\/launix.de\/launix\/wp-json\/wp\/v2\/media?parent=4404"}],"curies":[{"name":"wp","href":"https:\/\/api.w.org\/{rel}","templated":true}]}}