{"id":5783,"date":"2023-12-14T11:51:06","date_gmt":"2023-12-14T10:51:06","guid":{"rendered":"https:\/\/launix.de\/launix\/?page_id=5783"},"modified":"2025-08-14T17:17:44","modified_gmt":"2025-08-14T15:17:44","slug":"handbuch","status":"publish","type":"page","link":"https:\/\/launix.de\/launix\/handbuch\/","title":{"rendered":"Handbuch"},"content":{"rendered":"\n<div class=\"wp-block-stackable-image alignright stk-block-image stk-block stk-f570812\" data-block-id=\"f570812\"><style>.stk-f570812 .stk-img-wrapper{width:71% !important;height:424px !important;}<\/style><figure><span class=\"stk-img-wrapper stk-image--shape-stretch\"><img loading=\"lazy\" decoding=\"async\" class=\"stk-img wp-image-6158\" src=\"https:\/\/launix.de\/launix\/wp-content\/uploads\/2024\/08\/type-786900_1280.jpg\" width=\"1280\" height=\"905\" srcset=\"https:\/\/launix.de\/launix\/wp-content\/uploads\/2024\/08\/type-786900_1280.jpg 1280w, https:\/\/launix.de\/launix\/wp-content\/uploads\/2024\/08\/type-786900_1280-300x212.jpg 300w, https:\/\/launix.de\/launix\/wp-content\/uploads\/2024\/08\/type-786900_1280-1024x724.jpg 1024w, https:\/\/launix.de\/launix\/wp-content\/uploads\/2024\/08\/type-786900_1280-768x543.jpg 768w, https:\/\/launix.de\/launix\/wp-content\/uploads\/2024\/08\/type-786900_1280-18x12.jpg 18w\" sizes=\"auto, (max-width: 1280px) 100vw, 1280px\" \/><\/span><\/figure><\/div>\n\n\n\n<h2 class=\"wp-block-heading\">Grundlagen<\/h2>\n\n\n\n<ul class=\"wp-block-list\">\n<li><a href=\"https:\/\/launix.de\/launix\/erste-schritte-bei-launix-einrichten-des-admin-accounts-2\/\">Erste Schritte bei Launix &#8211; Einrichten des Admin-Accounts<\/a><\/li>\n\n\n\n<li><a href=\"https:\/\/launix.de\/launix\/tabellen\/\">Tabellen filtern, suchen, sortieren<\/a><\/li>\n<\/ul>\n\n\n\n<h2 class=\"wp-block-heading\">CRM<\/h2>\n\n\n\n<ul class=\"wp-block-list\">\n<li><a href=\"https:\/\/launix.de\/launix\/kunden-und-kontakte\/\">Kunden und Kontakte<\/a><\/li>\n\n\n\n<li>Lead-Verwaltung<\/li>\n\n\n\n<li>Kunden-Tags<\/li>\n\n\n\n<li><a href=\"https:\/\/launix.de\/launix\/angebote-2\/\">Angebote<\/a><\/li>\n\n\n\n<li><a href=\"https:\/\/launix.de\/launix\/marketing-automatisieren-mit-kampagnen\/\">Marketing-Kampagnen-Management<\/a><\/li>\n<\/ul>\n\n\n\n<h2 class=\"wp-block-heading\">Warenwirtschaft<\/h2>\n\n\n\n<ul class=\"wp-block-list\">\n<li><a href=\"https:\/\/launix.de\/launix\/anleitungen-effizientes-artikelmanagement\">Artikel<\/a><\/li>\n\n\n\n<li>Artikel erstellen und verwalten<\/li>\n\n\n\n<li><a href=\"https:\/\/launix.de\/launix\/lagerbestand-und-inventur\/\">Lagerbestand und Inventur<\/a><\/li>\n\n\n\n<li>Lieferscheine<\/li>\n<\/ul>\n\n\n\n<h2 class=\"wp-block-heading\">Buchhaltung<\/h2>\n\n\n\n<ul class=\"wp-block-list\">\n<li><a href=\"https:\/\/launix.de\/launix\/einfuehrung-in-die-buchhaltung\/\">Einf\u00fchrung<\/a><\/li>\n\n\n\n<li><a href=\"https:\/\/launix.de\/launix\/kontenrahmen\/\">Kontenrahmen<\/a><\/li>\n\n\n\n<li><a href=\"https:\/\/launix.de\/launix\/eingangsrechnungen\/\">Eingangsrechnungen<\/a><\/li>\n\n\n\n<li>Rechnungen<\/li>\n\n\n\n<li><a href=\"https:\/\/launix.de\/launix\/rechnungen\/\">Rechnungen schreiben<\/a><\/li>\n\n\n\n<li><a href=\"https:\/\/launix.de\/launix\/anleitungen-pdf-layouts-anpassen\">PDF-Layouts f\u00fcr Rechnungen<\/a><\/li>\n\n\n\n<li><a href=\"https:\/\/launix.de\/launix\/e-rechnung\/\">E-Rechnung<\/a><\/li>\n\n\n\n<li>Automatisch anhand von Gesch\u00e4ftsvorf\u00e4llen buchen<\/li>\n\n\n\n<li>Bankkonten<\/li>\n\n\n\n<li><a href=\"https:\/\/launix.de\/launix\/vertragsmanagement-2\/\">Vertragsmanagement, Vertragsvorlagen<\/a><\/li>\n\n\n\n<li><a href=\"https:\/\/launix.de\/launix\/mahnwesen\/\">Mahnwesen<\/a><\/li>\n<\/ul>\n\n\n\n<h2 class=\"wp-block-heading\">Personal<\/h2>\n\n\n\n<ul class=\"wp-block-list\">\n<li><a href=\"https:\/\/launix.de\/launix\/mitarbeiterverwaltung\/\">Mitarbeiterverwaltung<\/a><\/li>\n\n\n\n<li><a href=\"https:\/\/launix.de\/launix\/zeiterfassung\/\">Zeiterfassung<\/a><\/li>\n\n\n\n<li><a href=\"https:\/\/launix.de\/launix\/abwesenheiten-planen\/\">Abwesenheiten planen<\/a><\/li>\n\n\n\n<li><a href=\"https:\/\/launix.de\/launix\/urlaubsplanung\/\">Urlaubsplanung<\/a><\/li>\n\n\n\n<li>Personal-Dokumentenmanagement<\/li>\n<\/ul>\n\n\n\n<h2 class=\"wp-block-heading\">Ticketsystem<\/h2>\n\n\n\n<ul class=\"wp-block-list\">\n<li><a href=\"https:\/\/launix.de\/launix\/ticketsystem\/\">Ticketsystem<\/a><\/li>\n\n\n\n<li>Team- und Zuweisungsmanagement<\/li>\n\n\n\n<li>Ticket-Zeiterfassung<\/li>\n<\/ul>\n\n\n\n<h2 class=\"wp-block-heading\">Dokumente<\/h2>\n\n\n\n<ul class=\"wp-block-list\">\n<li><a href=\"https:\/\/launix.de\/launix\/das-individuelle-dokumentenmanagement\/\">Das individuelle Dokumentenmanagementsystem<\/a><\/li>\n\n\n\n<li>Dokumente erstellen<\/li>\n\n\n\n<li>DMS-Kategorien<\/li>\n\n\n\n<li><a href=\"https:\/\/launix.de\/launix\/benachrichtigungen\/\">DMS-Erinnerungen<\/a><\/li>\n<\/ul>\n\n\n\n<h2 class=\"wp-block-heading\">Fortgeschrittene Anleitungen<\/h2>\n\n\n\n<ul class=\"wp-block-list\">\n<li><a href=\"https:\/\/launix.de\/launix\/2fa-zwei-faktor-authentifizierung\/\">2-Faktor-Authentifizierung<\/a><\/li>\n\n\n\n<li><a href=\"https:\/\/launix.de\/launix\/handbuch-die-vorteile-der-favoriten-funktion\/\">Schnellzugriff \u00fcber die Favoriten-Funktion<\/a><\/li>\n\n\n\n<li><a href=\"https:\/\/launix.de\/launix\/layouting-der-datenansichten\/\">Layouting der Datenansichten<\/a><\/li>\n\n\n\n<li><a href=\"https:\/\/launix.de\/launix\/benachrichtigungen\/\">Benachrichtigungen<\/a><\/li>\n<\/ul>\n\n\n\n<h2 class=\"wp-block-heading\">n8n und Workflow-Automatisierung mit Launix<\/h2>\n\n\n\n<ul class=\"wp-block-list\">\n<li><a href=\"https:\/\/launix.de\/launix\/automatisierung-vom-kontaktformular-direkt-ins-crm\/\">Daten vom Kontaktformular ins CRM \u00fcbernehmen<\/a><\/li>\n\n\n\n<li><a href=\"https:\/\/launix.de\/launix\/n8n-chatbot-kann-daten-aus-dem-crm-abfragen-und-supportanfragen-hinterlegen\/\">Chatbot, der Daten aus dem CRM abfragen kann und Notizen ablegt<\/a><\/li>\n<\/ul>\n\n\n\n<h2 class=\"wp-block-heading\">Weitere Anleitungen<\/h2>\n\n\n\n<ul class=\"wp-block-list\">\n<li><a href=\"https:\/\/launix.de\/launix\/erpl-euer-handbuch\/\" data-type=\"post\" data-id=\"6840\">ERPL E\u00dcR &#8211; Handbuch<\/a><\/li>\n<\/ul>\n\n\n\n<p><\/p>\n","protected":false},"excerpt":{"rendered":"<p>Grundlagen CRM Warenwirtschaft Buchhaltung Personal Ticketsystem Dokumente Fortgeschrittene Anleitungen n8n und Workflow-Automatisierung mit Launix Weitere Anleitungen<\/p>\n","protected":false},"author":2,"featured_media":6158,"parent":0,"menu_order":0,"comment_status":"closed","ping_status":"closed","template":"","meta":{"_editorskit_title_hidden":false,"_editorskit_reading_time":0,"_editorskit_is_block_options_detached":false,"_editorskit_block_options_position":"{}","_uag_custom_page_level_css":"","footnotes":""},"class_list":["post-5783","page","type-page","status-publish","has-post-thumbnail","hentry","page--item"],"featured_image_urls_v2":{"full":["https:\/\/launix.de\/launix\/wp-content\/uploads\/2024\/08\/type-786900_1280.jpg",1280,905,false],"thumbnail":["https:\/\/launix.de\/launix\/wp-content\/uploads\/2024\/08\/type-786900_1280-150x150.jpg",150,150,true],"medium":["https:\/\/launix.de\/launix\/wp-content\/uploads\/2024\/08\/type-786900_1280-300x212.jpg",300,212,true],"medium_large":["https:\/\/launix.de\/launix\/wp-content\/uploads\/2024\/08\/type-786900_1280-768x543.jpg",751,531,true],"large":["https:\/\/launix.de\/launix\/wp-content\/uploads\/2024\/08\/type-786900_1280-1024x724.jpg",751,531,true],"1536x1536":["https:\/\/launix.de\/launix\/wp-content\/uploads\/2024\/08\/type-786900_1280.jpg",1280,905,false],"2048x2048":["https:\/\/launix.de\/launix\/wp-content\/uploads\/2024\/08\/type-786900_1280.jpg",1280,905,false],"trp-custom-language-flag":["https:\/\/launix.de\/launix\/wp-content\/uploads\/2024\/08\/type-786900_1280-18x12.jpg",18,12,true],"xs-thumb":["https:\/\/launix.de\/launix\/wp-content\/uploads\/2024\/08\/type-786900_1280-64x64.jpg",64,64,true],"appku-shop-single":["https:\/\/launix.de\/launix\/wp-content\/uploads\/2024\/08\/type-786900_1280-620x500.jpg",620,500,true]},"post_excerpt_stackable_v2":"<p>Grundlagen Erste Schritte bei Launix &#8211; Einrichten des Admin-Accounts Tabellen filtern, suchen, sortieren CRM Kunden und Kontakte Lead-Verwaltung Kunden-Tags Angebote Marketing-Kampagnen-Management Warenwirtschaft Artikel Artikel erstellen und verwalten Lagerbestand und Inventur Lieferscheine Buchhaltung Einf\u00fchrung Kontenrahmen Eingangsrechnungen Rechnungen Rechnungen schreiben PDF-Layouts f\u00fcr Rechnungen E-Rechnung Automatisch anhand von Gesch\u00e4ftsvorf\u00e4llen buchen Bankkonten Vertragsmanagement, Vertragsvorlagen Mahnwesen Personal Mitarbeiterverwaltung Zeiterfassung Abwesenheiten planen Urlaubsplanung Personal-Dokumentenmanagement Ticketsystem Ticketsystem Team- und Zuweisungsmanagement Ticket-Zeiterfassung Dokumente Das individuelle Dokumentenmanagementsystem Dokumente erstellen DMS-Kategorien DMS-Erinnerungen Fortgeschrittene Anleitungen 2-Faktor-Authentifizierung Schnellzugriff \u00fcber die Favoriten-Funktion Layouting der Datenansichten Benachrichtigungen n8n und Workflow-Automatisierung mit Launix Daten vom Kontaktformular ins CRM \u00fcbernehmen Chatbot, der Daten aus dem CRM&hellip;<\/p>\n","category_list_v2":"","author_info_v2":{"name":"Carl-Philip H\u00e4nsch","url":"https:\/\/launix.de\/launix\/author\/carli\/"},"comments_num_v2":"0 comments","uagb_featured_image_src":{"full":["https:\/\/launix.de\/launix\/wp-content\/uploads\/2024\/08\/type-786900_1280.jpg",1280,905,false],"thumbnail":["https:\/\/launix.de\/launix\/wp-content\/uploads\/2024\/08\/type-786900_1280-150x150.jpg",150,150,true],"medium":["https:\/\/launix.de\/launix\/wp-content\/uploads\/2024\/08\/type-786900_1280-300x212.jpg",300,212,true],"medium_large":["https:\/\/launix.de\/launix\/wp-content\/uploads\/2024\/08\/type-786900_1280-768x543.jpg",751,531,true],"large":["https:\/\/launix.de\/launix\/wp-content\/uploads\/2024\/08\/type-786900_1280-1024x724.jpg",751,531,true],"1536x1536":["https:\/\/launix.de\/launix\/wp-content\/uploads\/2024\/08\/type-786900_1280.jpg",1280,905,false],"2048x2048":["https:\/\/launix.de\/launix\/wp-content\/uploads\/2024\/08\/type-786900_1280.jpg",1280,905,false],"trp-custom-language-flag":["https:\/\/launix.de\/launix\/wp-content\/uploads\/2024\/08\/type-786900_1280-18x12.jpg",18,12,true],"xs-thumb":["https:\/\/launix.de\/launix\/wp-content\/uploads\/2024\/08\/type-786900_1280-64x64.jpg",64,64,true],"appku-shop-single":["https:\/\/launix.de\/launix\/wp-content\/uploads\/2024\/08\/type-786900_1280-620x500.jpg",620,500,true]},"uagb_author_info":{"display_name":"Carl-Philip H\u00e4nsch","author_link":"https:\/\/launix.de\/launix\/author\/carli\/"},"uagb_comment_info":0,"uagb_excerpt":"Grundlagen CRM Warenwirtschaft Buchhaltung Personal Ticketsystem Dokumente Fortgeschrittene Anleitungen n8n und Workflow-Automatisierung mit Launix Weitere Anleitungen","_links":{"self":[{"href":"https:\/\/launix.de\/launix\/wp-json\/wp\/v2\/pages\/5783","targetHints":{"allow":["GET"]}}],"collection":[{"href":"https:\/\/launix.de\/launix\/wp-json\/wp\/v2\/pages"}],"about":[{"href":"https:\/\/launix.de\/launix\/wp-json\/wp\/v2\/types\/page"}],"author":[{"embeddable":true,"href":"https:\/\/launix.de\/launix\/wp-json\/wp\/v2\/users\/2"}],"replies":[{"embeddable":true,"href":"https:\/\/launix.de\/launix\/wp-json\/wp\/v2\/comments?post=5783"}],"version-history":[{"count":71,"href":"https:\/\/launix.de\/launix\/wp-json\/wp\/v2\/pages\/5783\/revisions"}],"predecessor-version":[{"id":7970,"href":"https:\/\/launix.de\/launix\/wp-json\/wp\/v2\/pages\/5783\/revisions\/7970"}],"wp:featuredmedia":[{"embeddable":true,"href":"https:\/\/launix.de\/launix\/wp-json\/wp\/v2\/media\/6158"}],"wp:attachment":[{"href":"https:\/\/launix.de\/launix\/wp-json\/wp\/v2\/media?parent=5783"}],"curies":[{"name":"wp","href":"https:\/\/api.w.org\/{rel}","templated":true}]}}